{"id":2630,"date":"2024-11-08T23:36:26","date_gmt":"2024-11-08T22:36:26","guid":{"rendered":"https:\/\/proindesa.com\/?post_type=product&#038;p=2630"},"modified":"2025-08-13T18:45:29","modified_gmt":"2025-08-13T16:45:29","slug":"alfombras-personalizadas","status":"publish","type":"product","link":"https:\/\/proindesa.com\/?product=alfombras-personalizadas","title":{"rendered":"Alfombras publicitarias personalizadas"},"content":{"rendered":"<p>Fabricadas en PVC, Las alfombras atrapa-mugre y polvo personalizables con logo institucional son una soluci\u00f3n pr\u00e1ctica y profesional para mantener los espacios limpios y causar una excelente primera impresi\u00f3n. Dise\u00f1adas para colocarse en entradas y \u00e1reas de medio-alto tr\u00e1fico, estas alfombras ayudan a reducir la suciedad y el polvo que ingresan en el lugar, protegiendo los pisos y facilitando su limpieza. Adem\u00e1s, al personalizarlas con el logo o imagen de su empresa, refuerzan la identidad de marca y proyectan una imagen cuidada y profesional.<\/p>\n<p>&nbsp;<\/p>\n<p>&nbsp;<\/p>\n<p>&nbsp;<\/p>\n<h2 class=\"p1\"><b>Dimensiones y Personalizaci\u00f3n<\/b><b><\/b><\/h2>\n<p class=\"p3\">Nuestras alfombras se suministran en rollos de f\u00e1brica con un ancho de 1.20 metros y una longitud de hasta 12.00 metros. Estos pueden ser ajustados y personalizados seg\u00fan las dimensiones espec\u00edficas que requiera su espacio.<\/p>\n<p class=\"p3\">Si necesita una alfombra con medidas o formas especiales, no dude en contactarnos. Estaremos encantados de ofrecerle una soluci\u00f3n a la medida que se adapte a sus necesidades.<\/p>\n<p><img fetchpriority=\"high\" decoding=\"async\" class=\"wp-image-2633 alignnone\" src=\"https:\/\/proindesa.com\/wp-content\/uploads\/2024\/11\/Alfombra-300x300.png\" alt=\"\" width=\"554\" height=\"554\" srcset=\"https:\/\/proindesa.com\/wp-content\/uploads\/2024\/11\/Alfombra-300x300.png 300w, https:\/\/proindesa.com\/wp-content\/uploads\/2024\/11\/Alfombra-150x150.png 150w, https:\/\/proindesa.com\/wp-content\/uploads\/2024\/11\/Alfombra-768x768.png 768w, https:\/\/proindesa.com\/wp-content\/uploads\/2024\/11\/Alfombra-600x600.png 600w, https:\/\/proindesa.com\/wp-content\/uploads\/2024\/11\/Alfombra-100x100.png 100w, https:\/\/proindesa.com\/wp-content\/uploads\/2024\/11\/Alfombra.png 1024w\" sizes=\"(max-width: 554px) 100vw, 554px\" \/><\/p>\n<p>&nbsp;<\/p>\n<h2><\/h2>\n<h2><\/h2>\n<h2><\/h2>\n<h2><\/h2>\n<h2><\/h2>\n<h2><\/h2>\n<h2><\/h2>\n<h2><\/h2>\n<h2 class=\"uagb-heading-text\"><strong>\u00bfLos logos son impresos?<\/strong><\/h2>\n<p class=\"p1\"><strong>No<\/strong>. En lugar de impresi\u00f3n, utilizamos un proceso de calado que consiste en insertar piezas de material de cada color que el logotipo requiere. Esto permite obtener colores m\u00e1s vivos, duraderos y resistentes al desgaste.<\/p>\n<p class=\"p1\">Gracias a esta t\u00e9cnica, no se requieren cantidades m\u00ednimas para producir, lo que la convierte en una opci\u00f3n accesible y flexible para todo tipo de negocios.<\/p>\n<p>&nbsp;<\/p>\n<p><img decoding=\"async\" class=\"wp-image-2638 alignnone\" src=\"https:\/\/proindesa.com\/wp-content\/uploads\/2024\/11\/Alfombra-referencia-Logo-300x214.png\" alt=\"\" width=\"554\" height=\"395\" srcset=\"https:\/\/proindesa.com\/wp-content\/uploads\/2024\/11\/Alfombra-referencia-Logo-300x214.png 300w, https:\/\/proindesa.com\/wp-content\/uploads\/2024\/11\/Alfombra-referencia-Logo-1024x732.png 1024w, https:\/\/proindesa.com\/wp-content\/uploads\/2024\/11\/Alfombra-referencia-Logo-768x549.png 768w, https:\/\/proindesa.com\/wp-content\/uploads\/2024\/11\/Alfombra-referencia-Logo-1536x1097.png 1536w, https:\/\/proindesa.com\/wp-content\/uploads\/2024\/11\/Alfombra-referencia-Logo-600x429.png 600w, https:\/\/proindesa.com\/wp-content\/uploads\/2024\/11\/Alfombra-referencia-Logo.png 1909w\" sizes=\"(max-width: 554px) 100vw, 554px\" \/><\/p>\n<p>&nbsp;<\/p>\n<p>&nbsp;<\/p>\n<p>&nbsp;<\/p>\n","protected":false},"excerpt":{"rendered":"<p>Fabricadas en PVC, Las alfombras atrapa-mugre y polvo personalizables con logo institucional son una soluci\u00f3n pr\u00e1ctica y profesional para mantener los espacios limpios y causar una excelente primera impresi\u00f3n. Dise\u00f1adas para colocarse en entradas y \u00e1reas de medio-alto tr\u00e1fico, estas alfombras ayudan a reducir la suciedad y el polvo que ingresan en el lugar, protegiendo los pisos y facilitando su limpieza. Adem\u00e1s, al personalizarlas con el logo o imagen de su empresa, refuerzan la identidad de marca y proyectan una imagen cuidada y profesional.<\/p>\n","protected":false},"featured_media":3100,"template":"","meta":{"_acf_changed":false,"content-type":"","_uf_show_specific_survey":0,"_uf_disable_surveys":false},"product_brand":[],"product_cat":[49],"product_tag":[],"class_list":{"0":"post-2630","1":"product","2":"type-product","3":"status-publish","4":"has-post-thumbnail","6":"product_cat-limpieza","8":"first","9":"instock","10":"taxable","11":"shipping-taxable","12":"purchasable","13":"product-type-simple"},"acf":[],"_links":{"self":[{"href":"https:\/\/proindesa.com\/index.php?rest_route=\/wp\/v2\/product\/2630","targetHints":{"allow":["GET"]}}],"collection":[{"href":"https:\/\/proindesa.com\/index.php?rest_route=\/wp\/v2\/product"}],"about":[{"href":"https:\/\/proindesa.com\/index.php?rest_route=\/wp\/v2\/types\/product"}],"wp:featuredmedia":[{"embeddable":true,"href":"https:\/\/proindesa.com\/index.php?rest_route=\/wp\/v2\/media\/3100"}],"wp:attachment":[{"href":"https:\/\/proindesa.com\/index.php?rest_route=%2Fwp%2Fv2%2Fmedia&parent=2630"}],"wp:term":[{"taxonomy":"product_brand","embeddable":true,"href":"https:\/\/proindesa.com\/index.php?rest_route=%2Fwp%2Fv2%2Fproduct_brand&post=2630"},{"taxonomy":"product_cat","embeddable":true,"href":"https:\/\/proindesa.com\/index.php?rest_route=%2Fwp%2Fv2%2Fproduct_cat&post=2630"},{"taxonomy":"product_tag","embeddable":true,"href":"https:\/\/proindesa.com\/index.php?rest_route=%2Fwp%2Fv2%2Fproduct_tag&post=2630"}],"curies":[{"name":"wp","href":"https:\/\/api.w.org\/{rel}","templated":true}]}}