{"id":2194,"date":"2024-08-28T20:45:40","date_gmt":"2024-08-28T18:45:40","guid":{"rendered":"http:\/\/proindesa.com\/wordpress\/?post_type=product&#038;p=2194"},"modified":"2025-08-13T18:45:24","modified_gmt":"2025-08-13T16:45:24","slug":"sistemas-de-lubricacion-para-equipos-moviles","status":"publish","type":"product","link":"https:\/\/proindesa.com\/?product=sistemas-de-lubricacion-para-equipos-moviles","title":{"rendered":"Sistemas de lubricaci\u00f3n para equipos m\u00f3viles"},"content":{"rendered":"<p class=\"font_8\"><strong>\u00bfQU\u00c9 ES UN SISTEMA DE AUTOLUBRICACI\u00d3N?<\/strong><\/p>\n<p>Un sistema de lubricaci\u00f3n autom\u00e1tica, tambi\u00e9n conocido como sistema de lubricaci\u00f3n centralizada, suministra vol\u00famenes predeterminados de grasa o aceite lubricante a puntos cr\u00edticos en todo el equipo. Estos sistemas de lubricaci\u00f3n se destacan en equipos grandes y peque\u00f1os, desde aplicaciones de construcci\u00f3n de servicio ligero hasta aplicaciones de miner\u00eda de servicio pesado.<\/p>\n<p class=\"font_7\"><strong>DIFERENTES TIPOS DE LUBRICACI\u00d3N (LUBRICACI\u00d3N MANUAL VS. AUTOM\u00c1TICA)<\/strong><\/p>\n<p>La lubricaci\u00f3n se puede realizar de forma manual o autom\u00e1tica.<\/p>\n<p><strong>Lubricaci\u00f3n manual<\/strong><br \/>\nLa lubricaci\u00f3n manual requiere la intervenci\u00f3n de un t\u00e9cnico con una pistola engrasadora o una herramienta de lubricaci\u00f3n tradicional similar. Este m\u00e9todo de lubricaci\u00f3n presenta bastantes deficiencias, como un mayor tiempo de inactividad de la m\u00e1quina, altos costos de mantenimiento y lubricaci\u00f3n inconsistente (demasiado, demasiado poco \u00a0o no con la suficiente frecuencia).<\/p>\n<p class=\"font_8\">\n<strong>Lubricaci\u00f3n autom\u00e1tica<\/strong><br \/>\nUn sistema de lubricaci\u00f3n autom\u00e1tico es aquel que proporciona a su equipo la cantidad correcta de lubricante en el momento y lugar correctos, generalmente mientras la m\u00e1quina est\u00e1 en funcionamiento.<br \/>\n<u>Reemplaza un sistema de lubricaci\u00f3n convencional y da como resultado una mayor vida \u00fatil del equipo, menor desgaste y menores facturas de mantenimiento.<\/u><\/p>\n","protected":false},"excerpt":{"rendered":"<p>\u00bfQU\u00c9 ES UN SISTEMA DE AUTOLUBRICACI\u00d3N? Un sistema de lubricaci\u00f3n autom\u00e1tica, tambi\u00e9n conocido como sistema de lubricaci\u00f3n centralizada, suministra vol\u00famenes predeterminados de grasa o aceite lubricante a puntos cr\u00edticos en todo el equipo. Estos sistemas de lubricaci\u00f3n se destacan en equipos grandes y peque\u00f1os, desde aplicaciones de construcci\u00f3n de servicio ligero hasta aplicaciones de miner\u00eda [&hellip;]<\/p>\n","protected":false},"featured_media":2195,"template":"","meta":{"_acf_changed":false,"content-type":"","_uf_show_specific_survey":0,"_uf_disable_surveys":false},"product_brand":[],"product_cat":[89],"product_tag":[97,101,98],"class_list":{"0":"post-2194","1":"product","2":"type-product","3":"status-publish","4":"has-post-thumbnail","6":"product_cat-lubricantes-industriales-y-automotriz","7":"product_tag-asesoria","8":"product_tag-sin-precio","9":"product_tag-sin-whatsapp","11":"first","12":"instock","13":"taxable","14":"shipping-taxable","15":"purchasable","16":"product-type-simple"},"acf":[],"_links":{"self":[{"href":"https:\/\/proindesa.com\/index.php?rest_route=\/wp\/v2\/product\/2194","targetHints":{"allow":["GET"]}}],"collection":[{"href":"https:\/\/proindesa.com\/index.php?rest_route=\/wp\/v2\/product"}],"about":[{"href":"https:\/\/proindesa.com\/index.php?rest_route=\/wp\/v2\/types\/product"}],"wp:featuredmedia":[{"embeddable":true,"href":"https:\/\/proindesa.com\/index.php?rest_route=\/wp\/v2\/media\/2195"}],"wp:attachment":[{"href":"https:\/\/proindesa.com\/index.php?rest_route=%2Fwp%2Fv2%2Fmedia&parent=2194"}],"wp:term":[{"taxonomy":"product_brand","embeddable":true,"href":"https:\/\/proindesa.com\/index.php?rest_route=%2Fwp%2Fv2%2Fproduct_brand&post=2194"},{"taxonomy":"product_cat","embeddable":true,"href":"https:\/\/proindesa.com\/index.php?rest_route=%2Fwp%2Fv2%2Fproduct_cat&post=2194"},{"taxonomy":"product_tag","embeddable":true,"href":"https:\/\/proindesa.com\/index.php?rest_route=%2Fwp%2Fv2%2Fproduct_tag&post=2194"}],"curies":[{"name":"wp","href":"https:\/\/api.w.org\/{rel}","templated":true}]}}