{"id":2188,"date":"2024-08-28T20:21:08","date_gmt":"2024-08-28T18:21:08","guid":{"rendered":"http:\/\/proindesa.com\/wordpress\/?post_type=product&#038;p=2188"},"modified":"2025-08-13T18:45:23","modified_gmt":"2025-08-13T16:45:23","slug":"estopa-grafitada-1210-nap-sealco","status":"publish","type":"product","link":"https:\/\/proindesa.com\/?product=estopa-grafitada-1210-nap-sealco","title":{"rendered":"Estopa grafitada 1210 nap sealco"},"content":{"rendered":"<p class=\"font_7\"><strong>ACRILICO GRAFITADO<\/strong>\u00a0<strong>\u00a0(EQUIVALENTE ASBESTO: MT 1210)<\/strong><\/p>\n<p class=\"font_8\">Empaquetadura no asbesto, para uso general.<\/p>\n<p class=\"font_8\">Cada hebra de acr\u00edlico es revestida de grafito as\u00ed como la superficie total de la trenza.<\/p>\n<p class=\"font_8\">Para obtener el m\u00e1ximo de lubricaci\u00f3n y evitar el rayado de ejes.<\/p>\n<p class=\"font_8\">Se aplica en todo tipo de procesos que requiera sellar \u00e1cidos y alcalinos d\u00e9biles: agua, vapor, salmuera, aceites, entre otros.<\/p>\n","protected":false},"excerpt":{"rendered":"<p>ACRILICO GRAFITADO\u00a0\u00a0(EQUIVALENTE ASBESTO: MT 1210) Empaquetadura no asbesto, para uso general. Cada hebra de acr\u00edlico es revestida de grafito as\u00ed como la superficie total de la trenza. Para obtener el m\u00e1ximo de lubricaci\u00f3n y evitar el rayado de ejes. Se aplica en todo tipo de procesos que requiera sellar \u00e1cidos y alcalinos d\u00e9biles: agua, vapor, [&hellip;]<\/p>\n","protected":false},"featured_media":2189,"template":"","meta":{"_acf_changed":false,"content-type":"","_uf_show_specific_survey":0,"_uf_disable_surveys":false},"product_brand":[],"product_cat":[80],"product_tag":[97,43,101],"class_list":{"0":"post-2188","1":"product","2":"type-product","3":"status-publish","4":"has-post-thumbnail","6":"product_cat-empaquetadura","7":"product_tag-asesoria","8":"product_tag-con-pdf","9":"product_tag-sin-precio","11":"first","12":"instock","13":"taxable","14":"shipping-taxable","15":"purchasable","16":"product-type-simple"},"acf":[],"_links":{"self":[{"href":"https:\/\/proindesa.com\/index.php?rest_route=\/wp\/v2\/product\/2188","targetHints":{"allow":["GET"]}}],"collection":[{"href":"https:\/\/proindesa.com\/index.php?rest_route=\/wp\/v2\/product"}],"about":[{"href":"https:\/\/proindesa.com\/index.php?rest_route=\/wp\/v2\/types\/product"}],"wp:featuredmedia":[{"embeddable":true,"href":"https:\/\/proindesa.com\/index.php?rest_route=\/wp\/v2\/media\/2189"}],"wp:attachment":[{"href":"https:\/\/proindesa.com\/index.php?rest_route=%2Fwp%2Fv2%2Fmedia&parent=2188"}],"wp:term":[{"taxonomy":"product_brand","embeddable":true,"href":"https:\/\/proindesa.com\/index.php?rest_route=%2Fwp%2Fv2%2Fproduct_brand&post=2188"},{"taxonomy":"product_cat","embeddable":true,"href":"https:\/\/proindesa.com\/index.php?rest_route=%2Fwp%2Fv2%2Fproduct_cat&post=2188"},{"taxonomy":"product_tag","embeddable":true,"href":"https:\/\/proindesa.com\/index.php?rest_route=%2Fwp%2Fv2%2Fproduct_tag&post=2188"}],"curies":[{"name":"wp","href":"https:\/\/api.w.org\/{rel}","templated":true}]}}