{"id":2184,"date":"2024-08-28T20:17:52","date_gmt":"2024-08-28T18:17:52","guid":{"rendered":"http:\/\/proindesa.com\/wordpress\/?post_type=product&#038;p=2184"},"modified":"2025-08-13T18:45:23","modified_gmt":"2025-08-13T16:45:23","slug":"estopa-grafito-reforzado-con-inconel-para-valvulas-mt-4300","status":"publish","type":"product","link":"https:\/\/proindesa.com\/?product=estopa-grafito-reforzado-con-inconel-para-valvulas-mt-4300","title":{"rendered":"Estopa grafito reforzado con inconel para valvulas mt 4300"},"content":{"rendered":"<p class=\"font_8\">Hilos de grafito flexible expandido sin aglutinantes con inserci\u00f3n de inconel son multitrenzados para conformar una empaquetadura de excelente lubricidad, alta resistencia t\u00e9rmica y mec\u00e1nica, su refuerzo de inconel le permite soportar mayores presiones sin necesidad de anillos de soporte.<\/p>\n<p class=\"font_8\">De gran aplicaci\u00f3n en v\u00e1lvulas de vapor, petroleras, juntas de expansi\u00f3n, plantas qu\u00edmicas; resiste todos los productos qu\u00edmicos excepto agentes oxidantes fuertes.<\/p>\n","protected":false},"excerpt":{"rendered":"<p>Hilos de grafito flexible expandido sin aglutinantes con inserci\u00f3n de inconel son multitrenzados para conformar una empaquetadura de excelente lubricidad, alta resistencia t\u00e9rmica y mec\u00e1nica, su refuerzo de inconel le permite soportar mayores presiones sin necesidad de anillos de soporte. De gran aplicaci\u00f3n en v\u00e1lvulas de vapor, petroleras, juntas de expansi\u00f3n, plantas qu\u00edmicas; resiste todos [&hellip;]<\/p>\n","protected":false},"featured_media":2185,"template":"","meta":{"_acf_changed":false,"content-type":"","_uf_show_specific_survey":0,"_uf_disable_surveys":false},"product_brand":[],"product_cat":[80],"product_tag":[97,43,101],"class_list":{"0":"post-2184","1":"product","2":"type-product","3":"status-publish","4":"has-post-thumbnail","6":"product_cat-empaquetadura","7":"product_tag-asesoria","8":"product_tag-con-pdf","9":"product_tag-sin-precio","11":"first","12":"instock","13":"taxable","14":"shipping-taxable","15":"purchasable","16":"product-type-simple"},"acf":[],"_links":{"self":[{"href":"https:\/\/proindesa.com\/index.php?rest_route=\/wp\/v2\/product\/2184","targetHints":{"allow":["GET"]}}],"collection":[{"href":"https:\/\/proindesa.com\/index.php?rest_route=\/wp\/v2\/product"}],"about":[{"href":"https:\/\/proindesa.com\/index.php?rest_route=\/wp\/v2\/types\/product"}],"wp:featuredmedia":[{"embeddable":true,"href":"https:\/\/proindesa.com\/index.php?rest_route=\/wp\/v2\/media\/2185"}],"wp:attachment":[{"href":"https:\/\/proindesa.com\/index.php?rest_route=%2Fwp%2Fv2%2Fmedia&parent=2184"}],"wp:term":[{"taxonomy":"product_brand","embeddable":true,"href":"https:\/\/proindesa.com\/index.php?rest_route=%2Fwp%2Fv2%2Fproduct_brand&post=2184"},{"taxonomy":"product_cat","embeddable":true,"href":"https:\/\/proindesa.com\/index.php?rest_route=%2Fwp%2Fv2%2Fproduct_cat&post=2184"},{"taxonomy":"product_tag","embeddable":true,"href":"https:\/\/proindesa.com\/index.php?rest_route=%2Fwp%2Fv2%2Fproduct_tag&post=2184"}],"curies":[{"name":"wp","href":"https:\/\/api.w.org\/{rel}","templated":true}]}}