{"id":2182,"date":"2024-08-28T20:15:02","date_gmt":"2024-08-28T18:15:02","guid":{"rendered":"http:\/\/proindesa.com\/wordpress\/?post_type=product&#038;p=2182"},"modified":"2025-08-13T18:45:22","modified_gmt":"2025-08-13T16:45:22","slug":"estopa-teflonada-1110-nap-sealco","status":"publish","type":"product","link":"https:\/\/proindesa.com\/?product=estopa-teflonada-1110-nap-sealco","title":{"rendered":"Estopa teflonada 1110 nap sealco"},"content":{"rendered":"<p>Econ\u00f3mico reemplazo de las fibras de asbesto. Se fabrica en fibra acr\u00edlica impregnada en PTFE y lubricantes paraf\u00ednicos. Para uso en productos que requieran resistencia qu\u00edmica y no contaminaci\u00f3n por color como: papeleros, alimentos, centrales azucareras, industria textil, etc.<\/p>\n","protected":false},"excerpt":{"rendered":"<p>Econ\u00f3mico reemplazo de las fibras de asbesto. Se fabrica en fibra acr\u00edlica impregnada en PTFE y lubricantes paraf\u00ednicos. Para uso en productos que requieran resistencia qu\u00edmica y no contaminaci\u00f3n por color como: papeleros, alimentos, centrales azucareras, industria textil, etc.<\/p>\n","protected":false},"featured_media":2183,"template":"","meta":{"_acf_changed":false,"content-type":"","_uf_show_specific_survey":0,"_uf_disable_surveys":false},"product_brand":[],"product_cat":[80],"product_tag":[97,43,101],"class_list":{"0":"post-2182","1":"product","2":"type-product","3":"status-publish","4":"has-post-thumbnail","6":"product_cat-empaquetadura","7":"product_tag-asesoria","8":"product_tag-con-pdf","9":"product_tag-sin-precio","11":"first","12":"instock","13":"taxable","14":"shipping-taxable","15":"purchasable","16":"product-type-simple"},"acf":[],"_links":{"self":[{"href":"https:\/\/proindesa.com\/index.php?rest_route=\/wp\/v2\/product\/2182","targetHints":{"allow":["GET"]}}],"collection":[{"href":"https:\/\/proindesa.com\/index.php?rest_route=\/wp\/v2\/product"}],"about":[{"href":"https:\/\/proindesa.com\/index.php?rest_route=\/wp\/v2\/types\/product"}],"wp:featuredmedia":[{"embeddable":true,"href":"https:\/\/proindesa.com\/index.php?rest_route=\/wp\/v2\/media\/2183"}],"wp:attachment":[{"href":"https:\/\/proindesa.com\/index.php?rest_route=%2Fwp%2Fv2%2Fmedia&parent=2182"}],"wp:term":[{"taxonomy":"product_brand","embeddable":true,"href":"https:\/\/proindesa.com\/index.php?rest_route=%2Fwp%2Fv2%2Fproduct_brand&post=2182"},{"taxonomy":"product_cat","embeddable":true,"href":"https:\/\/proindesa.com\/index.php?rest_route=%2Fwp%2Fv2%2Fproduct_cat&post=2182"},{"taxonomy":"product_tag","embeddable":true,"href":"https:\/\/proindesa.com\/index.php?rest_route=%2Fwp%2Fv2%2Fproduct_tag&post=2182"}],"curies":[{"name":"wp","href":"https:\/\/api.w.org\/{rel}","templated":true}]}}