{"id":2180,"date":"2024-08-28T20:13:10","date_gmt":"2024-08-28T18:13:10","guid":{"rendered":"http:\/\/proindesa.com\/wordpress\/?post_type=product&#038;p=2180"},"modified":"2025-08-13T18:45:22","modified_gmt":"2025-08-13T16:45:22","slug":"empaquetadura-estopa-mt-9010","status":"publish","type":"product","link":"https:\/\/proindesa.com\/?product=empaquetadura-estopa-mt-9010","title":{"rendered":"Empaquetadura estopa mt 9010"},"content":{"rendered":"<p class=\"font_8\">Se fabrica con hilos de PTFE \u00a0GRAFITO<\/p>\n<p class=\"font_8\">Ideal para estandarizar las plantas.<\/p>\n<p class=\"font_8\">Se utiliza con solventes, aceites, gases, \u00e1cidos fuertes, \u00e1lcalis fuertes y derivados del petr\u00f3leo, etc. No usar con oxidantes fuertes. No raya ejes. Tenemos tambi\u00e9n una versi\u00f3n econ\u00f3mica MT 9010A.<\/p>\n","protected":false},"excerpt":{"rendered":"<p>Se fabrica con hilos de PTFE \u00a0GRAFITO Ideal para estandarizar las plantas. Se utiliza con solventes, aceites, gases, \u00e1cidos fuertes, \u00e1lcalis fuertes y derivados del petr\u00f3leo, etc. No usar con oxidantes fuertes. No raya ejes. Tenemos tambi\u00e9n una versi\u00f3n econ\u00f3mica MT 9010A.<\/p>\n","protected":false},"featured_media":2181,"template":"","meta":{"_acf_changed":false,"content-type":"","_uf_show_specific_survey":0,"_uf_disable_surveys":false},"product_brand":[],"product_cat":[80],"product_tag":[97,43,101],"class_list":{"0":"post-2180","1":"product","2":"type-product","3":"status-publish","4":"has-post-thumbnail","6":"product_cat-empaquetadura","7":"product_tag-asesoria","8":"product_tag-con-pdf","9":"product_tag-sin-precio","11":"first","12":"instock","13":"taxable","14":"shipping-taxable","15":"purchasable","16":"product-type-simple"},"acf":[],"_links":{"self":[{"href":"https:\/\/proindesa.com\/index.php?rest_route=\/wp\/v2\/product\/2180","targetHints":{"allow":["GET"]}}],"collection":[{"href":"https:\/\/proindesa.com\/index.php?rest_route=\/wp\/v2\/product"}],"about":[{"href":"https:\/\/proindesa.com\/index.php?rest_route=\/wp\/v2\/types\/product"}],"wp:featuredmedia":[{"embeddable":true,"href":"https:\/\/proindesa.com\/index.php?rest_route=\/wp\/v2\/media\/2181"}],"wp:attachment":[{"href":"https:\/\/proindesa.com\/index.php?rest_route=%2Fwp%2Fv2%2Fmedia&parent=2180"}],"wp:term":[{"taxonomy":"product_brand","embeddable":true,"href":"https:\/\/proindesa.com\/index.php?rest_route=%2Fwp%2Fv2%2Fproduct_brand&post=2180"},{"taxonomy":"product_cat","embeddable":true,"href":"https:\/\/proindesa.com\/index.php?rest_route=%2Fwp%2Fv2%2Fproduct_cat&post=2180"},{"taxonomy":"product_tag","embeddable":true,"href":"https:\/\/proindesa.com\/index.php?rest_route=%2Fwp%2Fv2%2Fproduct_tag&post=2180"}],"curies":[{"name":"wp","href":"https:\/\/api.w.org\/{rel}","templated":true}]}}