{"id":2178,"date":"2024-08-28T20:10:43","date_gmt":"2024-08-28T18:10:43","guid":{"rendered":"http:\/\/proindesa.com\/wordpress\/?post_type=product&#038;p=2178"},"modified":"2025-08-13T18:45:22","modified_gmt":"2025-08-13T16:45:22","slug":"empaquetadura-estopa-teflon-tratado-para-valvulas-mt-2013","status":"publish","type":"product","link":"https:\/\/proindesa.com\/?product=empaquetadura-estopa-teflon-tratado-para-valvulas-mt-2013","title":{"rendered":"Empaquetadura estopa teflon tratado para valvulas mt 2013"},"content":{"rendered":"<p>Hilos de PTFE puro son tratados con una dispersi\u00f3n de PTFE y son trenzados. Es ideal para productos alimenticios, farmac\u00e9uticos y corrosivos. Su principal aplicaci\u00f3n se encuentra en todo tipo de v\u00e1lvulas, ejes alternativos de baja velocidad y en sellado est\u00e1tico. Tambi\u00e9n tenemos una versi\u00f3n econ\u00f3mica MT 2013A.<\/p>\n","protected":false},"excerpt":{"rendered":"<p>Hilos de PTFE puro son tratados con una dispersi\u00f3n de PTFE y son trenzados. Es ideal para productos alimenticios, farmac\u00e9uticos y corrosivos. Su principal aplicaci\u00f3n se encuentra en todo tipo de v\u00e1lvulas, ejes alternativos de baja velocidad y en sellado est\u00e1tico. Tambi\u00e9n tenemos una versi\u00f3n econ\u00f3mica MT 2013A.<\/p>\n","protected":false},"featured_media":2179,"template":"","meta":{"_acf_changed":false,"content-type":"","_uf_show_specific_survey":0,"_uf_disable_surveys":false},"product_brand":[],"product_cat":[80],"product_tag":[97,43,101],"class_list":{"0":"post-2178","1":"product","2":"type-product","3":"status-publish","4":"has-post-thumbnail","6":"product_cat-empaquetadura","7":"product_tag-asesoria","8":"product_tag-con-pdf","9":"product_tag-sin-precio","11":"first","12":"instock","13":"taxable","14":"shipping-taxable","15":"purchasable","16":"product-type-simple"},"acf":[],"_links":{"self":[{"href":"https:\/\/proindesa.com\/index.php?rest_route=\/wp\/v2\/product\/2178","targetHints":{"allow":["GET"]}}],"collection":[{"href":"https:\/\/proindesa.com\/index.php?rest_route=\/wp\/v2\/product"}],"about":[{"href":"https:\/\/proindesa.com\/index.php?rest_route=\/wp\/v2\/types\/product"}],"wp:featuredmedia":[{"embeddable":true,"href":"https:\/\/proindesa.com\/index.php?rest_route=\/wp\/v2\/media\/2179"}],"wp:attachment":[{"href":"https:\/\/proindesa.com\/index.php?rest_route=%2Fwp%2Fv2%2Fmedia&parent=2178"}],"wp:term":[{"taxonomy":"product_brand","embeddable":true,"href":"https:\/\/proindesa.com\/index.php?rest_route=%2Fwp%2Fv2%2Fproduct_brand&post=2178"},{"taxonomy":"product_cat","embeddable":true,"href":"https:\/\/proindesa.com\/index.php?rest_route=%2Fwp%2Fv2%2Fproduct_cat&post=2178"},{"taxonomy":"product_tag","embeddable":true,"href":"https:\/\/proindesa.com\/index.php?rest_route=%2Fwp%2Fv2%2Fproduct_tag&post=2178"}],"curies":[{"name":"wp","href":"https:\/\/api.w.org\/{rel}","templated":true}]}}