{"id":2168,"date":"2024-08-28T19:56:18","date_gmt":"2024-08-28T17:56:18","guid":{"rendered":"http:\/\/proindesa.com\/wordpress\/?post_type=product&#038;p=2168"},"modified":"2025-08-13T18:45:21","modified_gmt":"2025-08-13T16:45:21","slug":"empaquetadura-estopa-2010-ptfe-puro-teflon","status":"publish","type":"product","link":"https:\/\/proindesa.com\/?product=empaquetadura-estopa-2010-ptfe-puro-teflon","title":{"rendered":"Empaquetadura estopa 2010 ptfe puro (teflon\u00ae)"},"content":{"rendered":"<p class=\"font_8\">Empaquetadura de PTFE puro, es impregnada en aceites especiales.<\/p>\n<p class=\"font_8\">Posee una excelente resistencia a los productos qu\u00edmicos tales como \u00e1cidos fuertes, \u00e1lcalis y solventes.<\/p>\n<p class=\"font_8\">No se recomienda su utilizaci\u00f3n con fl\u00faor y metales alcalinos derretidos. Tenemos tambi\u00e9n una versi\u00f3n econ\u00f3mica MT 2010A.<\/p>\n","protected":false},"excerpt":{"rendered":"<p>Empaquetadura de PTFE puro, es impregnada en aceites especiales. Posee una excelente resistencia a los productos qu\u00edmicos tales como \u00e1cidos fuertes, \u00e1lcalis y solventes. No se recomienda su utilizaci\u00f3n con fl\u00faor y metales alcalinos derretidos. Tenemos tambi\u00e9n una versi\u00f3n econ\u00f3mica MT 2010A.<\/p>\n","protected":false},"featured_media":2169,"template":"","meta":{"_acf_changed":false,"content-type":"","_uf_show_specific_survey":0,"_uf_disable_surveys":false},"product_brand":[],"product_cat":[80],"product_tag":[97,43,101],"class_list":{"0":"post-2168","1":"product","2":"type-product","3":"status-publish","4":"has-post-thumbnail","6":"product_cat-empaquetadura","7":"product_tag-asesoria","8":"product_tag-con-pdf","9":"product_tag-sin-precio","11":"first","12":"instock","13":"taxable","14":"shipping-taxable","15":"purchasable","16":"product-type-simple"},"acf":[],"_links":{"self":[{"href":"https:\/\/proindesa.com\/index.php?rest_route=\/wp\/v2\/product\/2168","targetHints":{"allow":["GET"]}}],"collection":[{"href":"https:\/\/proindesa.com\/index.php?rest_route=\/wp\/v2\/product"}],"about":[{"href":"https:\/\/proindesa.com\/index.php?rest_route=\/wp\/v2\/types\/product"}],"wp:featuredmedia":[{"embeddable":true,"href":"https:\/\/proindesa.com\/index.php?rest_route=\/wp\/v2\/media\/2169"}],"wp:attachment":[{"href":"https:\/\/proindesa.com\/index.php?rest_route=%2Fwp%2Fv2%2Fmedia&parent=2168"}],"wp:term":[{"taxonomy":"product_brand","embeddable":true,"href":"https:\/\/proindesa.com\/index.php?rest_route=%2Fwp%2Fv2%2Fproduct_brand&post=2168"},{"taxonomy":"product_cat","embeddable":true,"href":"https:\/\/proindesa.com\/index.php?rest_route=%2Fwp%2Fv2%2Fproduct_cat&post=2168"},{"taxonomy":"product_tag","embeddable":true,"href":"https:\/\/proindesa.com\/index.php?rest_route=%2Fwp%2Fv2%2Fproduct_tag&post=2168"}],"curies":[{"name":"wp","href":"https:\/\/api.w.org\/{rel}","templated":true}]}}