{"id":2166,"date":"2024-08-28T19:54:27","date_gmt":"2024-08-28T17:54:27","guid":{"rendered":"http:\/\/proindesa.com\/wordpress\/?post_type=product&#038;p=2166"},"modified":"2025-08-13T18:45:21","modified_gmt":"2025-08-13T16:45:21","slug":"empaquetadura-estopa-carbon-puro-mt-3010","status":"publish","type":"product","link":"https:\/\/proindesa.com\/?product=empaquetadura-estopa-carbon-puro-mt-3010","title":{"rendered":"Empaquetadura estopa carbon puro mt 3010"},"content":{"rendered":"<p class=\"font_8\">Empaquetadura fabricada con hilos de carb\u00f3n y lubricantes.<\/p>\n<p class=\"font_8\">Se usa en aplicaciones de agua caliente, vapor, condensados, criog\u00e9nicos, etc.<\/p>\n<p class=\"font_8\">No usar en oxidantes fuertes como aleum, \u00e1cido n\u00edtrio, etc.<\/p>\n<p class=\"font_8\">En vapor soporta 650\u00b0C y en atm\u00f3sferas exidantes 345\u00b0C.<\/p>\n","protected":false},"excerpt":{"rendered":"<p>Empaquetadura fabricada con hilos de carb\u00f3n y lubricantes. Se usa en aplicaciones de agua caliente, vapor, condensados, criog\u00e9nicos, etc. No usar en oxidantes fuertes como aleum, \u00e1cido n\u00edtrio, etc. En vapor soporta 650\u00b0C y en atm\u00f3sferas exidantes 345\u00b0C.<\/p>\n","protected":false},"featured_media":2167,"template":"","meta":{"_acf_changed":false,"content-type":"","_uf_show_specific_survey":0,"_uf_disable_surveys":false},"product_brand":[],"product_cat":[80],"product_tag":[97,43,101],"class_list":{"0":"post-2166","1":"product","2":"type-product","3":"status-publish","4":"has-post-thumbnail","6":"product_cat-empaquetadura","7":"product_tag-asesoria","8":"product_tag-con-pdf","9":"product_tag-sin-precio","11":"first","12":"instock","13":"taxable","14":"shipping-taxable","15":"purchasable","16":"product-type-simple"},"acf":[],"_links":{"self":[{"href":"https:\/\/proindesa.com\/index.php?rest_route=\/wp\/v2\/product\/2166","targetHints":{"allow":["GET"]}}],"collection":[{"href":"https:\/\/proindesa.com\/index.php?rest_route=\/wp\/v2\/product"}],"about":[{"href":"https:\/\/proindesa.com\/index.php?rest_route=\/wp\/v2\/types\/product"}],"wp:featuredmedia":[{"embeddable":true,"href":"https:\/\/proindesa.com\/index.php?rest_route=\/wp\/v2\/media\/2167"}],"wp:attachment":[{"href":"https:\/\/proindesa.com\/index.php?rest_route=%2Fwp%2Fv2%2Fmedia&parent=2166"}],"wp:term":[{"taxonomy":"product_brand","embeddable":true,"href":"https:\/\/proindesa.com\/index.php?rest_route=%2Fwp%2Fv2%2Fproduct_brand&post=2166"},{"taxonomy":"product_cat","embeddable":true,"href":"https:\/\/proindesa.com\/index.php?rest_route=%2Fwp%2Fv2%2Fproduct_cat&post=2166"},{"taxonomy":"product_tag","embeddable":true,"href":"https:\/\/proindesa.com\/index.php?rest_route=%2Fwp%2Fv2%2Fproduct_tag&post=2166"}],"curies":[{"name":"wp","href":"https:\/\/api.w.org\/{rel}","templated":true}]}}