{"id":2164,"date":"2024-08-28T19:52:37","date_gmt":"2024-08-28T17:52:37","guid":{"rendered":"http:\/\/proindesa.com\/wordpress\/?post_type=product&#038;p=2164"},"modified":"2025-08-13T18:45:20","modified_gmt":"2025-08-13T16:45:20","slug":"empaquetadura-estopa-diamante-2011","status":"publish","type":"product","link":"https:\/\/proindesa.com\/?product=empaquetadura-estopa-diamante-2011","title":{"rendered":"Empaquetadura estopa diamante 2011"},"content":{"rendered":"<p class=\"font_8\">Especial para productos alimenticios y farmac\u00e9uticos que sean abrasivos y\/o tengan tendencia a cristalizarse.<\/p>\n<p class=\"font_8\">Se utiliza con solventes, \u00e1cidos medios, gases, productos alcalinos, productos agresivos a excepci\u00f3n del ox\u00edgeno y de los que atacan la aramida y el PTFE.<\/p>\n","protected":false},"excerpt":{"rendered":"<p>Especial para productos alimenticios y farmac\u00e9uticos que sean abrasivos y\/o tengan tendencia a cristalizarse. Se utiliza con solventes, \u00e1cidos medios, gases, productos alcalinos, productos agresivos a excepci\u00f3n del ox\u00edgeno y de los que atacan la aramida y el PTFE.<\/p>\n","protected":false},"featured_media":2165,"template":"","meta":{"_acf_changed":false,"content-type":"","_uf_show_specific_survey":0,"_uf_disable_surveys":false},"product_brand":[],"product_cat":[80],"product_tag":[97,43,101],"class_list":{"0":"post-2164","1":"product","2":"type-product","3":"status-publish","4":"has-post-thumbnail","6":"product_cat-empaquetadura","7":"product_tag-asesoria","8":"product_tag-con-pdf","9":"product_tag-sin-precio","11":"first","12":"instock","13":"taxable","14":"shipping-taxable","15":"purchasable","16":"product-type-simple"},"acf":[],"_links":{"self":[{"href":"https:\/\/proindesa.com\/index.php?rest_route=\/wp\/v2\/product\/2164","targetHints":{"allow":["GET"]}}],"collection":[{"href":"https:\/\/proindesa.com\/index.php?rest_route=\/wp\/v2\/product"}],"about":[{"href":"https:\/\/proindesa.com\/index.php?rest_route=\/wp\/v2\/types\/product"}],"wp:featuredmedia":[{"embeddable":true,"href":"https:\/\/proindesa.com\/index.php?rest_route=\/wp\/v2\/media\/2165"}],"wp:attachment":[{"href":"https:\/\/proindesa.com\/index.php?rest_route=%2Fwp%2Fv2%2Fmedia&parent=2164"}],"wp:term":[{"taxonomy":"product_brand","embeddable":true,"href":"https:\/\/proindesa.com\/index.php?rest_route=%2Fwp%2Fv2%2Fproduct_brand&post=2164"},{"taxonomy":"product_cat","embeddable":true,"href":"https:\/\/proindesa.com\/index.php?rest_route=%2Fwp%2Fv2%2Fproduct_cat&post=2164"},{"taxonomy":"product_tag","embeddable":true,"href":"https:\/\/proindesa.com\/index.php?rest_route=%2Fwp%2Fv2%2Fproduct_tag&post=2164"}],"curies":[{"name":"wp","href":"https:\/\/api.w.org\/{rel}","templated":true}]}}