{"id":2161,"date":"2024-08-28T19:50:54","date_gmt":"2024-08-28T17:50:54","guid":{"rendered":"http:\/\/proindesa.com\/wordpress\/?post_type=product&#038;p=2161"},"modified":"2025-08-13T18:45:20","modified_gmt":"2025-08-13T16:45:20","slug":"empaquetadura-estopa-de-carbon-teflonado-3110","status":"publish","type":"product","link":"https:\/\/proindesa.com\/?product=empaquetadura-estopa-de-carbon-teflonado-3110","title":{"rendered":"Empaquetadura estopa de carbon teflonado 3110"},"content":{"rendered":"<p class=\"font_8\">Los filamentos de carb\u00f3n, se tratan con una suspensi\u00f3n de PTFE.\u00a0Se utiliza con \u00e1cidos y c\u00e1usticos fuertes, vapor, aceites y solventes.\u00a0Se utiliza en equipo de f\u00e1bricas de pulpa, refiner\u00edas, bombas, agitadores y v\u00e1lvulas.\u00a0No se recomienda con oxidantes fuertes.<\/p>\n","protected":false},"excerpt":{"rendered":"<p>Los filamentos de carb\u00f3n, se tratan con una suspensi\u00f3n de PTFE.\u00a0Se utiliza con \u00e1cidos y c\u00e1usticos fuertes, vapor, aceites y solventes.\u00a0Se utiliza en equipo de f\u00e1bricas de pulpa, refiner\u00edas, bombas, agitadores y v\u00e1lvulas.\u00a0No se recomienda con oxidantes fuertes.<\/p>\n","protected":false},"featured_media":2163,"template":"","meta":{"_acf_changed":false,"content-type":"","_uf_show_specific_survey":0,"_uf_disable_surveys":false},"product_brand":[],"product_cat":[80],"product_tag":[97,43,101],"class_list":{"0":"post-2161","1":"product","2":"type-product","3":"status-publish","4":"has-post-thumbnail","6":"product_cat-empaquetadura","7":"product_tag-asesoria","8":"product_tag-con-pdf","9":"product_tag-sin-precio","11":"first","12":"instock","13":"taxable","14":"shipping-taxable","15":"purchasable","16":"product-type-simple"},"acf":[],"_links":{"self":[{"href":"https:\/\/proindesa.com\/index.php?rest_route=\/wp\/v2\/product\/2161","targetHints":{"allow":["GET"]}}],"collection":[{"href":"https:\/\/proindesa.com\/index.php?rest_route=\/wp\/v2\/product"}],"about":[{"href":"https:\/\/proindesa.com\/index.php?rest_route=\/wp\/v2\/types\/product"}],"wp:featuredmedia":[{"embeddable":true,"href":"https:\/\/proindesa.com\/index.php?rest_route=\/wp\/v2\/media\/2163"}],"wp:attachment":[{"href":"https:\/\/proindesa.com\/index.php?rest_route=%2Fwp%2Fv2%2Fmedia&parent=2161"}],"wp:term":[{"taxonomy":"product_brand","embeddable":true,"href":"https:\/\/proindesa.com\/index.php?rest_route=%2Fwp%2Fv2%2Fproduct_brand&post=2161"},{"taxonomy":"product_cat","embeddable":true,"href":"https:\/\/proindesa.com\/index.php?rest_route=%2Fwp%2Fv2%2Fproduct_cat&post=2161"},{"taxonomy":"product_tag","embeddable":true,"href":"https:\/\/proindesa.com\/index.php?rest_route=%2Fwp%2Fv2%2Fproduct_tag&post=2161"}],"curies":[{"name":"wp","href":"https:\/\/api.w.org\/{rel}","templated":true}]}}