{"id":2159,"date":"2024-08-28T19:38:02","date_gmt":"2024-08-28T17:38:02","guid":{"rendered":"http:\/\/proindesa.com\/wordpress\/?post_type=product&#038;p=2159"},"modified":"2025-08-22T03:09:15","modified_gmt":"2025-08-22T01:09:15","slug":"descargadores-de-materias-primas-grado-alimenticio-y-sanitario","status":"publish","type":"product","link":"https:\/\/proindesa.com\/?product=descargadores-de-materias-primas-grado-alimenticio-y-sanitario","title":{"rendered":"Descargadores de materias primas grado alimenticio y sanitario"},"content":{"rendered":"<div id=\"comp-kp5y14gx1\" class=\"HcOXKn SxM0TO QxJLC3 lq2cno comp-kp5y14gx1 wixui-rich-text\" data-testid=\"richTextElement\">\n<p class=\"font_7\">Los descargadores de cubos, bidones y contenedores de Graco pueden evacuar productos de viscosidad baja y alta desde sus contenedores originales sin diluir el material.<\/p>\n<p class=\"font_7\">Presentamos el modo m\u00e1s eficiente para vaciar cubos, bidones y recipientes de una forma segura e higi\u00e9nica.<\/p>\n<p class=\"font_7\">Cada bomba se fabrica teniendo en cuenta su productividad para ofrecerle las bombas m\u00e1s fiables a la hora de mejorar la eficiencia, la seguridad y la ergonom\u00eda en sus instalaciones.<\/p>\n<\/div>\n<div id=\"comp-kp61ujyx\" class=\"HcOXKn SxM0TO QxJLC3 lq2cno comp-kp61ujyx wixui-rich-text\" data-testid=\"richTextElement\">\n<p class=\"font_8\">Tasa de evacuaci\u00f3n de hasta un 99 % que anula la necesidad (completa o casi completamente) de que un operador raspe la pared y vuelque el material sobrante en el alimentador. Esto reduce el tiempo de trabajo del operador.<\/p>\n<p class=\"font_8\">No m\u00e1s trabajo de mano de obra intensiva para el operador ya que no tiene que utilizar la fuerza para sacar todo el producto del recipiente. El operador ni siquiera tiene que estar en contacto con el producto cuando est\u00e1 funcionando.<\/p>\n<p class=\"font_8\">Mejora general del entorno de trabajo ergon\u00f3mico.<\/p>\n<p class=\"font_8\">Los operadores no tienen que usar las escaleras ni esforzarse de sobremanera para sacar el producto del recipiente.<\/p>\n<p class=\"font_8\">No es preciso vaciar grandes cantidades de productos en tolvas, lo que puede provocar da\u00f1os en la maquinaria.<\/p>\n<p class=\"font_8\">Operaci\u00f3n limpia y f\u00e1cil ya que el producto estar\u00e1 guiado hasta el final. Una soluci\u00f3n para cada aplicaci\u00f3n 20-25-liter-pails Cubos de 20 a 25 litros<\/p>\n<p class=\"font_8\">El Descargador de cubos est\u00e1 dise\u00f1ado especialmente para vaciar cubos con un di\u00e1metro de X en el sector de la alimentaci\u00f3n, las bebidas y el cuidado personal. 200-250-liter-bin Bidones de 200 a 250 litros<\/p>\n<p class=\"font_8\">Los Descargadores de bidones est\u00e1n dise\u00f1ados con una junta inflable que ofrece una soluci\u00f3n tanto para bidones tanto rectos como alterados en el sector de la alimentaci\u00f3n, las bebidas y el cuidado personal.<\/p>\n<\/div>\n","protected":false},"excerpt":{"rendered":"<p>Los descargadores de cubos, bidones y contenedores de Graco pueden evacuar productos de viscosidad baja y alta desde sus contenedores originales sin diluir el material. Presentamos el modo m\u00e1s eficiente para vaciar cubos, bidones y recipientes de una forma segura e higi\u00e9nica. Cada bomba se fabrica teniendo en cuenta su productividad para ofrecerle las bombas [&hellip;]<\/p>\n","protected":false},"featured_media":2160,"template":"","meta":{"_acf_changed":false,"content-type":"","_uf_show_specific_survey":0,"_uf_disable_surveys":false},"product_brand":[],"product_cat":[83],"product_tag":[97,43,101,98,99],"class_list":{"0":"post-2159","1":"product","2":"type-product","3":"status-publish","4":"has-post-thumbnail","6":"product_cat-bombas-para-procesos-alimenticios","7":"product_tag-asesoria","8":"product_tag-con-pdf","9":"product_tag-sin-precio","10":"product_tag-sin-whatsapp","11":"product_tag-solo-form","13":"first","14":"instock","15":"taxable","16":"shipping-taxable","17":"purchasable","18":"product-type-simple"},"acf":[],"_links":{"self":[{"href":"https:\/\/proindesa.com\/index.php?rest_route=\/wp\/v2\/product\/2159","targetHints":{"allow":["GET"]}}],"collection":[{"href":"https:\/\/proindesa.com\/index.php?rest_route=\/wp\/v2\/product"}],"about":[{"href":"https:\/\/proindesa.com\/index.php?rest_route=\/wp\/v2\/types\/product"}],"wp:featuredmedia":[{"embeddable":true,"href":"https:\/\/proindesa.com\/index.php?rest_route=\/wp\/v2\/media\/2160"}],"wp:attachment":[{"href":"https:\/\/proindesa.com\/index.php?rest_route=%2Fwp%2Fv2%2Fmedia&parent=2159"}],"wp:term":[{"taxonomy":"product_brand","embeddable":true,"href":"https:\/\/proindesa.com\/index.php?rest_route=%2Fwp%2Fv2%2Fproduct_brand&post=2159"},{"taxonomy":"product_cat","embeddable":true,"href":"https:\/\/proindesa.com\/index.php?rest_route=%2Fwp%2Fv2%2Fproduct_cat&post=2159"},{"taxonomy":"product_tag","embeddable":true,"href":"https:\/\/proindesa.com\/index.php?rest_route=%2Fwp%2Fv2%2Fproduct_tag&post=2159"}],"curies":[{"name":"wp","href":"https:\/\/api.w.org\/{rel}","templated":true}]}}