{"id":2156,"date":"2024-08-28T19:33:57","date_gmt":"2024-08-28T17:33:57","guid":{"rendered":"http:\/\/proindesa.com\/wordpress\/?post_type=product&#038;p=2156"},"modified":"2025-08-13T18:45:20","modified_gmt":"2025-08-13T16:45:20","slug":"bombas-para-aceite-y-grasa","status":"publish","type":"product","link":"https:\/\/proindesa.com\/?product=bombas-para-aceite-y-grasa","title":{"rendered":"Bombas para aceite y grasa"},"content":{"rendered":"<p class=\"font_7\">-El dise\u00f1o resistente a la corrosi\u00f3n utiliza nitruraci\u00f3n de sal l\u00edquida, enchapado en n\u00edquel, acero inoxidable, aluminio y cromo entre sus componentes clave para una larga durabilidad<\/p>\n<p class=\"font_7\">-Pocas piezas en movimiento en el conjunto del motor de aire implica menos interrupciones y menos costes de reparaci\u00f3n<\/p>\n<p class=\"font_7\">-Las varillas de desplazamiento tienen un desgaste m\u00ednimo debido a los procesos de fabricaci\u00f3n patentados de Graco<\/p>\n<p class=\"font_7\">-El dise\u00f1o del puerto de aire de gran tama\u00f1o ofrece un uso eficiente del suministro de aire comprimido para una operaci\u00f3n continua de la bomba sin congelamiento<\/p>\n<p class=\"font_7\">-La carcasa del motor de aire hecha de aluminio fundido grueso ofrece una durabilidad sin igual<\/p>\n","protected":false},"excerpt":{"rendered":"<p>-El dise\u00f1o resistente a la corrosi\u00f3n utiliza nitruraci\u00f3n de sal l\u00edquida, enchapado en n\u00edquel, acero inoxidable, aluminio y cromo entre sus componentes clave para una larga durabilidad -Pocas piezas en movimiento en el conjunto del motor de aire implica menos interrupciones y menos costes de reparaci\u00f3n -Las varillas de desplazamiento tienen un desgaste m\u00ednimo debido [&hellip;]<\/p>\n","protected":false},"featured_media":2158,"template":"","meta":{"_acf_changed":false,"content-type":"","_uf_show_specific_survey":0,"_uf_disable_surveys":false},"product_brand":[],"product_cat":[86],"product_tag":[43,101],"class_list":{"0":"post-2156","1":"product","2":"type-product","3":"status-publish","4":"has-post-thumbnail","6":"product_cat-bombas-para-aceite-y-grasa","7":"product_tag-con-pdf","8":"product_tag-sin-precio","10":"first","11":"instock","12":"taxable","13":"shipping-taxable","14":"purchasable","15":"product-type-simple"},"acf":[],"_links":{"self":[{"href":"https:\/\/proindesa.com\/index.php?rest_route=\/wp\/v2\/product\/2156","targetHints":{"allow":["GET"]}}],"collection":[{"href":"https:\/\/proindesa.com\/index.php?rest_route=\/wp\/v2\/product"}],"about":[{"href":"https:\/\/proindesa.com\/index.php?rest_route=\/wp\/v2\/types\/product"}],"wp:featuredmedia":[{"embeddable":true,"href":"https:\/\/proindesa.com\/index.php?rest_route=\/wp\/v2\/media\/2158"}],"wp:attachment":[{"href":"https:\/\/proindesa.com\/index.php?rest_route=%2Fwp%2Fv2%2Fmedia&parent=2156"}],"wp:term":[{"taxonomy":"product_brand","embeddable":true,"href":"https:\/\/proindesa.com\/index.php?rest_route=%2Fwp%2Fv2%2Fproduct_brand&post=2156"},{"taxonomy":"product_cat","embeddable":true,"href":"https:\/\/proindesa.com\/index.php?rest_route=%2Fwp%2Fv2%2Fproduct_cat&post=2156"},{"taxonomy":"product_tag","embeddable":true,"href":"https:\/\/proindesa.com\/index.php?rest_route=%2Fwp%2Fv2%2Fproduct_tag&post=2156"}],"curies":[{"name":"wp","href":"https:\/\/api.w.org\/{rel}","templated":true}]}}