{"id":2154,"date":"2024-08-28T19:30:19","date_gmt":"2024-08-28T17:30:19","guid":{"rendered":"http:\/\/proindesa.com\/wordpress\/?post_type=product&#038;p=2154"},"modified":"2025-08-13T18:45:19","modified_gmt":"2025-08-13T16:45:19","slug":"bombas-de-doble-diafragma","status":"publish","type":"product","link":"https:\/\/proindesa.com\/?product=bombas-de-doble-diafragma","title":{"rendered":"Bombas de doble diafragma graco"},"content":{"rendered":"<p class=\"font_8\">Nuestras bombas de doble diafragma Husky se han dise\u00f1ado para ser productivas.<\/p>\n<p class=\"font_8\">Se trata de una de las bombas m\u00e1s eficaces y fiables del mercado.<\/p>\n<p class=\"font_8\">Todas y cada una se han probado antes de salir de f\u00e1brica.<\/p>\n<p class=\"font_8\">Las\u00a0<strong>bombas neum\u00e1ticas<\/strong>\u00a0de Husky tienen multitud de caracter\u00edsticas para que siempre haga bien su trabajo y est\u00e1n dise\u00f1adas para ahorrar dinero.<\/p>\n<h3 class=\"font_7\"><strong>Ventajas Husky de Graco<\/strong><\/h3>\n<ul class=\"font_8\">\n<li>\n<p class=\"font_8\"><strong>Estructura robusta:<\/strong>\u00a0resistente a la corrosi\u00f3n, rendimiento fiable y larga vida \u00fatil.<\/p>\n<\/li>\n<li>\n<p class=\"font_8\"><strong>Dise\u00f1adas para durar:<\/strong>\u00a0dise\u00f1o resistente para una larga vida \u00fatil, una mayor productividad y un menor coste de propiedad.<\/p>\n<\/li>\n<li>\n<p class=\"font_8\"><strong>Caudales y medidas:<\/strong>\u00a0hasta 300 gpm (1135 lpm) \/ tama\u00f1o de los puertos desde \u00bc\u201d a 3\u201d en roscas NPT, BSP y opciones de brida.<\/p>\n<\/li>\n<li>\n<p class=\"font_8\"><strong>F\u00e1cil mantenimiento:<\/strong> Menos componentes equivale a menos fallos que otras bombas del mercado y la v\u00e1lvula neum\u00e1tica es completamente accesible desde fuera, as\u00ed que se puede reparar y mantener de manera r\u00e1pida y sencilla sin tener que desmontar la bomba.<\/p>\n<\/li>\n<li>\n<p class=\"font_8\"><strong>V\u00e1lvula neum\u00e1tica modular:<\/strong>\u00a0las v\u00e1lvulas neum\u00e1ticas de baja pulsaci\u00f3n y sin p\u00e9rdidas ofrecen conmutaciones r\u00e1pidas y fluidas, aumentando la eficacia y disminuyendo el tiempo de parada.<\/p>\n<\/li>\n<\/ul>\n<p class=\"font_7\">\u00bfC\u00f3mo debe seleccionar una bomba de diafragma?<\/p>\n<p class=\"font_8\">Hay una gran variedad de bombas Husky met\u00e1licas o de pl\u00e1stico (modelos ATEX disponibles).<\/p>\n<p class=\"font_8\">Tambi\u00e9n puede escoger de entre una amplia selecci\u00f3n de materiales para realizar diferentes aplicaciones, incluyendo los trabajos con bombas de l\u00edquidos abrasivos.<\/p>\n<p class=\"font_8\"><strong>\u00bfA\u00fan no sabe c\u00f3mo escoger su bomba? <\/strong><\/p>\n<p class=\"font_8\"><span style=\"color: #000080;\">Utilice nuestras herramientas de configuraci\u00f3n de bomba para seleccionar la mejor bomba para su aplicaci\u00f3n:<\/span><\/p>\n<ul class=\"font_8\">\n<li>\n<p class=\"font_8\"><span style=\"color: #000080;\">Paso 1 \u2013 Consulte nuestra\u00a0<a style=\"color: #000080;\" href=\"https:\/\/www.graco.com\/uy\/es\/products\/ad\/chemical-compatibility.html\" target=\"_blank\" rel=\"noopener\"><strong>Gu\u00eda de Compatibilidad Qu\u00edmica<\/strong><\/a>\u00a0para determinar cu\u00e1les son los materiales compatibles.<\/span><\/p>\n<\/li>\n<li>\n<p class=\"font_8\"><span style=\"color: #000080;\">Paso 2 \u2013 Consulte nuestra\u00a0<a style=\"color: #000080;\" href=\"http:\/\/www.graco.com\/content\/dam\/graco\/ipd\/literature\/flyers\/345089\/345089EN-B.pdf\" target=\"_blank\" rel=\"noopener\"><strong>Gu\u00eda de Materiales de Construcci\u00f3n<\/strong><\/a>\u00a0para determinar la combinaci\u00f3n m\u00e1s rentable.<\/span><\/p>\n<\/li>\n<li>\n<p class=\"font_8\"><span style=\"color: #000080;\">Paso 3 \u2013 Use nuestra\u00a0<a style=\"color: #000080;\" href=\"https:\/\/www.graco.com\/uy\/es\/products\/ad\/husky-pumps\/husky-selector-tool.html\" target=\"_blank\" rel=\"noopener\"><u><strong>Herramienta de Selecci\u00f3n de Bombas<\/strong><\/u><\/a>\u00a0para configurar su bomba.<\/span><\/p>\n<\/li>\n<\/ul>\n","protected":false},"excerpt":{"rendered":"<p>Nuestras bombas de doble diafragma Husky se han dise\u00f1ado para ser productivas. Se trata de una de las bombas m\u00e1s eficaces y fiables del mercado. Todas y cada una se han probado antes de salir de f\u00e1brica. Las\u00a0bombas neum\u00e1ticas\u00a0de Husky tienen multitud de caracter\u00edsticas para que siempre haga bien su trabajo y est\u00e1n dise\u00f1adas para [&hellip;]<\/p>\n","protected":false},"featured_media":2155,"template":"","meta":{"_acf_changed":false,"content-type":"","_uf_show_specific_survey":0,"_uf_disable_surveys":false},"product_brand":[],"product_cat":[82,81],"product_tag":[97,43,101,98,99],"class_list":{"0":"post-2154","1":"product","2":"type-product","3":"status-publish","4":"has-post-thumbnail","6":"product_cat-bombas-de-doble-diafragma-electricas","7":"product_cat-bombas-de-doble-diafragma-neumaticas","8":"product_tag-asesoria","9":"product_tag-con-pdf","10":"product_tag-sin-precio","11":"product_tag-sin-whatsapp","12":"product_tag-solo-form","14":"first","15":"instock","16":"taxable","17":"shipping-taxable","18":"purchasable","19":"product-type-simple"},"acf":[],"_links":{"self":[{"href":"https:\/\/proindesa.com\/index.php?rest_route=\/wp\/v2\/product\/2154","targetHints":{"allow":["GET"]}}],"collection":[{"href":"https:\/\/proindesa.com\/index.php?rest_route=\/wp\/v2\/product"}],"about":[{"href":"https:\/\/proindesa.com\/index.php?rest_route=\/wp\/v2\/types\/product"}],"wp:featuredmedia":[{"embeddable":true,"href":"https:\/\/proindesa.com\/index.php?rest_route=\/wp\/v2\/media\/2155"}],"wp:attachment":[{"href":"https:\/\/proindesa.com\/index.php?rest_route=%2Fwp%2Fv2%2Fmedia&parent=2154"}],"wp:term":[{"taxonomy":"product_brand","embeddable":true,"href":"https:\/\/proindesa.com\/index.php?rest_route=%2Fwp%2Fv2%2Fproduct_brand&post=2154"},{"taxonomy":"product_cat","embeddable":true,"href":"https:\/\/proindesa.com\/index.php?rest_route=%2Fwp%2Fv2%2Fproduct_cat&post=2154"},{"taxonomy":"product_tag","embeddable":true,"href":"https:\/\/proindesa.com\/index.php?rest_route=%2Fwp%2Fv2%2Fproduct_tag&post=2154"}],"curies":[{"name":"wp","href":"https:\/\/api.w.org\/{rel}","templated":true}]}}