{"id":2148,"date":"2024-08-28T19:24:55","date_gmt":"2024-08-28T17:24:55","guid":{"rendered":"http:\/\/proindesa.com\/wordpress\/?post_type=product&#038;p=2148"},"modified":"2025-08-13T18:45:18","modified_gmt":"2025-08-13T16:45:18","slug":"bombas-alimenticias-y-sanitarias-de-piston","status":"publish","type":"product","link":"https:\/\/proindesa.com\/?product=bombas-alimenticias-y-sanitarias-de-piston","title":{"rendered":"Bombas alimenticias y sanitarias de piston"},"content":{"rendered":"<div id=\"comp-kp5y14gx1\" class=\"HcOXKn SxM0TO QxJLC3 comp-kp5y14gx1 wixui-rich-text\" data-testid=\"richTextElement\">\n<p class=\"font_7\">Nuestras soluciones sanitarias le ahorrar\u00e1n dinero, acelerar\u00e1n su proceso, reducir\u00e1n los residuos y mejorar\u00e1n la seguridad y la higiene:<\/p>\n<p class=\"font_7\">Bombas de pist\u00f3n potentes, duraderas y port\u00e1tiles<\/p>\n<p class=\"font_7\">Las bombas de pist\u00f3n potentes, duraderas y port\u00e1tiles de Graco evac\u00faan productos de viscosidad baja a alta directamente desde cubos, contenedores o bidones.<\/p>\n<p class=\"font_7\">Ofrecen una calidad probada y tecnolog\u00eda l\u00edder. Adem\u00e1s, gracias a una presi\u00f3n del fluido de hasta 1200 psi, estas bombas son ideales para desplazar materiales extremadamente dif\u00edcil que otros equipos no son capaces de procesar.<\/p>\n<\/div>\n<div id=\"comp-kp61ujyx\" class=\"HcOXKn SxM0TO QxJLC3 comp-kp61ujyx wixui-rich-text\" data-testid=\"richTextElement\">\n<p class=\"font_7\">Ventajas de la bomba de pist\u00f3n SaniForce Transferencia de alimentos y bebidas y suministro de fluidos de viscosidad baja a alta de hasta 100 000 cps Caudales que oscilan entre los 5,7 y los 53 lpm (de 1,5 a 14 gpm)<\/p>\n<p class=\"font_7\">Bidones y contenedores disponibles en varios tama\u00f1os Dise\u00f1os de pist\u00f3n de cebado y de doble bola piston-pumps Dise\u00f1o sencillo<\/p>\n<p class=\"font_7\">Nuestras bombas de pist\u00f3n est\u00e1n formadas por la menor cantidad de piezas posible para facilitar la limpieza y el mantenimiento.<\/p>\n<p class=\"font_7\">Motor neum\u00e1tico avanzado Los motores neum\u00e1ticos mejoran la capacidad de servicio, aumentan la eficacia y tienen un menor coste de propiedad.<\/p>\n<p class=\"font_7\">Cubierta conforme a la FDA Extra\u00edble, dise\u00f1ado para un lavado seguro, con cubierta que cumple con las normas de la FDA y le permite acceder a la v\u00e1lvula de aire con facilidad. Bases de desmontaje r\u00e1pido L<\/p>\n<p class=\"font_8\">as bases de desmontaje r\u00e1pido est\u00e1n hechas de acero inoxidable resistente a la corrosi\u00f3n para una prolongada durabilidad y una limpieza r\u00e1pida y sencilla. \u00bfC\u00f3mo funciona? Una bomba de pist\u00f3n utiliza un mecanismo para crear un movimiento reciprocador a lo largo de un eje, que crea presi\u00f3n en un cilindro o barril para forzar el paso de un gas o de un fluido a trav\u00e9s de la bomba. La presi\u00f3n en la c\u00e1mara acciona las v\u00e1lvulas en los puntos de aspiraci\u00f3n y de descarga.<\/p>\n<\/div>\n","protected":false},"excerpt":{"rendered":"<p>Nuestras soluciones sanitarias le ahorrar\u00e1n dinero, acelerar\u00e1n su proceso, reducir\u00e1n los residuos y mejorar\u00e1n la seguridad y la higiene: Bombas de pist\u00f3n potentes, duraderas y port\u00e1tiles Las bombas de pist\u00f3n potentes, duraderas y port\u00e1tiles de Graco evac\u00faan productos de viscosidad baja a alta directamente desde cubos, contenedores o bidones. Ofrecen una calidad probada y tecnolog\u00eda [&hellip;]<\/p>\n","protected":false},"featured_media":2150,"template":"","meta":{"_acf_changed":false,"content-type":"","_uf_show_specific_survey":0,"_uf_disable_surveys":false},"product_brand":[],"product_cat":[83],"product_tag":[97,43,101,98,99],"class_list":{"0":"post-2148","1":"product","2":"type-product","3":"status-publish","4":"has-post-thumbnail","6":"product_cat-bombas-para-procesos-alimenticios","7":"product_tag-asesoria","8":"product_tag-con-pdf","9":"product_tag-sin-precio","10":"product_tag-sin-whatsapp","11":"product_tag-solo-form","13":"first","14":"instock","15":"taxable","16":"shipping-taxable","17":"purchasable","18":"product-type-simple"},"acf":[],"_links":{"self":[{"href":"https:\/\/proindesa.com\/index.php?rest_route=\/wp\/v2\/product\/2148","targetHints":{"allow":["GET"]}}],"collection":[{"href":"https:\/\/proindesa.com\/index.php?rest_route=\/wp\/v2\/product"}],"about":[{"href":"https:\/\/proindesa.com\/index.php?rest_route=\/wp\/v2\/types\/product"}],"wp:featuredmedia":[{"embeddable":true,"href":"https:\/\/proindesa.com\/index.php?rest_route=\/wp\/v2\/media\/2150"}],"wp:attachment":[{"href":"https:\/\/proindesa.com\/index.php?rest_route=%2Fwp%2Fv2%2Fmedia&parent=2148"}],"wp:term":[{"taxonomy":"product_brand","embeddable":true,"href":"https:\/\/proindesa.com\/index.php?rest_route=%2Fwp%2Fv2%2Fproduct_brand&post=2148"},{"taxonomy":"product_cat","embeddable":true,"href":"https:\/\/proindesa.com\/index.php?rest_route=%2Fwp%2Fv2%2Fproduct_cat&post=2148"},{"taxonomy":"product_tag","embeddable":true,"href":"https:\/\/proindesa.com\/index.php?rest_route=%2Fwp%2Fv2%2Fproduct_tag&post=2148"}],"curies":[{"name":"wp","href":"https:\/\/api.w.org\/{rel}","templated":true}]}}