{"id":1804,"date":"2024-07-17T17:17:29","date_gmt":"2024-07-17T15:17:29","guid":{"rendered":"http:\/\/proindesa.com\/wordpress\/?post_type=product&#038;p=1804"},"modified":"2025-08-13T18:45:18","modified_gmt":"2025-08-13T16:45:18","slug":"carrete-grasa-ldx-graco-3-8-x-50","status":"publish","type":"product","link":"https:\/\/proindesa.com\/?product=carrete-grasa-ldx-graco-3-8-x-50","title":{"rendered":"Carrete grasa ldx graco 3\/8 x 50"},"content":{"rendered":"<div class=\"force-stand-font\"><span>El carrete de manguera LDX de grado industrial de Graco ofrece una incre\u00edble relaci\u00f3n calidad-precio para talleres que cuidan los costos. Su estructura totalmente met\u00e1lica y sus componentes duraderos y especialmente dise\u00f1ados brindan una liberaci\u00f3n y retracci\u00f3n uniformes.<\/span><\/div>\n<p><span>Dise\u00f1ado para talleres peque\u00f1os, instalaciones de reparaci\u00f3n independientes y entornos de fabricaci\u00f3n industrial.<\/span><\/p>\n<ul class=\"splitColumns\">\n<li><span>Marco de pedestal doble: metal acanalado para mayor estabilidad y robustez.<\/span><\/li>\n<li><span>Carcasa giratoria externa: acceda r\u00e1pidamente al sello giratorio para reparaciones m\u00e1s r\u00e1pidas.<\/span><\/li>\n<li><span>Eslab\u00f3n giratorio con cojinetes de bolas: el eslab\u00f3n giratorio dise\u00f1ado con cojinetes de bolas internos reduce la fricci\u00f3n y garantiza un funcionamiento suave.<\/span><\/li>\n<li><span>Brazo ajustable: cambie f\u00e1cilmente a una de las seis posiciones del brazo para adaptarse a su aplicaci\u00f3n.<\/span><\/li>\n<li><span>Gran capacidad de manguera con perfil peque\u00f1o: el dise\u00f1o compacto admite una manguera de hasta 50 pies (15 metros) para satisfacer una amplia variedad de requisitos de aplicaci\u00f3n.<\/span><\/li>\n<\/ul>\n","protected":false},"excerpt":{"rendered":"<p>El carrete de manguera LDX de grado industrial de Graco ofrece una incre\u00edble relaci\u00f3n calidad-precio para talleres que cuidan los costos. Su estructura totalmente met\u00e1lica y sus componentes duraderos y especialmente dise\u00f1ados brindan una liberaci\u00f3n y retracci\u00f3n uniformes. Dise\u00f1ado para talleres peque\u00f1os, instalaciones de reparaci\u00f3n independientes y entornos de fabricaci\u00f3n industrial. Marco de pedestal doble: [&hellip;]<\/p>\n","protected":false},"featured_media":1805,"template":"","meta":{"_acf_changed":false,"content-type":"","_uf_show_specific_survey":0,"_uf_disable_surveys":false},"product_brand":[],"product_cat":[21],"product_tag":[],"class_list":{"0":"post-1804","1":"product","2":"type-product","3":"status-publish","4":"has-post-thumbnail","6":"product_cat-lubricacion","8":"first","9":"instock","10":"taxable","11":"shipping-taxable","12":"purchasable","13":"product-type-simple"},"acf":[],"_links":{"self":[{"href":"https:\/\/proindesa.com\/index.php?rest_route=\/wp\/v2\/product\/1804","targetHints":{"allow":["GET"]}}],"collection":[{"href":"https:\/\/proindesa.com\/index.php?rest_route=\/wp\/v2\/product"}],"about":[{"href":"https:\/\/proindesa.com\/index.php?rest_route=\/wp\/v2\/types\/product"}],"wp:featuredmedia":[{"embeddable":true,"href":"https:\/\/proindesa.com\/index.php?rest_route=\/wp\/v2\/media\/1805"}],"wp:attachment":[{"href":"https:\/\/proindesa.com\/index.php?rest_route=%2Fwp%2Fv2%2Fmedia&parent=1804"}],"wp:term":[{"taxonomy":"product_brand","embeddable":true,"href":"https:\/\/proindesa.com\/index.php?rest_route=%2Fwp%2Fv2%2Fproduct_brand&post=1804"},{"taxonomy":"product_cat","embeddable":true,"href":"https:\/\/proindesa.com\/index.php?rest_route=%2Fwp%2Fv2%2Fproduct_cat&post=1804"},{"taxonomy":"product_tag","embeddable":true,"href":"https:\/\/proindesa.com\/index.php?rest_route=%2Fwp%2Fv2%2Fproduct_tag&post=1804"}],"curies":[{"name":"wp","href":"https:\/\/api.w.org\/{rel}","templated":true}]}}