{"id":1802,"date":"2024-07-17T17:15:46","date_gmt":"2024-07-17T15:15:46","guid":{"rendered":"http:\/\/proindesa.com\/wordpress\/?post_type=product&#038;p=1802"},"modified":"2025-08-13T18:45:18","modified_gmt":"2025-08-13T16:45:18","slug":"carrete-aceite-ldx-graco-1-2-x-50","status":"publish","type":"product","link":"https:\/\/proindesa.com\/?product=carrete-aceite-ldx-graco-1-2-x-50","title":{"rendered":"Carrete aceite ldx graco 1\/2 x 50"},"content":{"rendered":"<div class=\"force-stand-font\">El carrete para mangueras LDX de Graco, de nivel industrial, ofrece un valor incre\u00edble para los talleres conscientes de los costes. Su armaz\u00f3n totalmente met\u00e1lico y sus componentes especialmente elaborados y duraderos proporcionan una liberaci\u00f3n y retracci\u00f3n constantes.<\/div>\n<p>Dise\u00f1ado para talleres peque\u00f1os, instalaciones de reparaci\u00f3n independientes y entornos de fabricaci\u00f3n industrial.<\/p>\n<ul class=\"splitColumns\">\n<li>Bastidor de pedestal doble: metal con nervaduras para aumentar la estabilidad y la robustes.<\/li>\n<li>Alojamiento de pieza giratoria externo: r\u00e1pido acceso a la pieza giratoria para reparar r\u00e1pidamente.<\/li>\n<li>Junta giratoria con cojinete de bolas: el dise\u00f1o giratorio con cojinete de bolas interno reduce la fricci\u00f3n y garantiza un funcionamiento sin problemas.<\/li>\n<li>Brazo ajustable: cambie f\u00e1cilmente a una de las seis posiciones del brazo para que se adapte a su aplicaci\u00f3n.<\/li>\n<li>Manguera con gran capacidad con peque\u00f1o perfil: el dise\u00f1o compacto se adapta a una manguera de hasta 50 pies (15 metros) para satisfacer una amplia variedad de requisitos de aplicaci\u00f3n.<\/li>\n<\/ul>\n","protected":false},"excerpt":{"rendered":"<p>El carrete para mangueras LDX de Graco, de nivel industrial, ofrece un valor incre\u00edble para los talleres conscientes de los costes. Su armaz\u00f3n totalmente met\u00e1lico y sus componentes especialmente elaborados y duraderos proporcionan una liberaci\u00f3n y retracci\u00f3n constantes. Dise\u00f1ado para talleres peque\u00f1os, instalaciones de reparaci\u00f3n independientes y entornos de fabricaci\u00f3n industrial. Bastidor de pedestal doble: [&hellip;]<\/p>\n","protected":false},"featured_media":1803,"template":"","meta":{"_acf_changed":false,"content-type":"","_uf_show_specific_survey":0,"_uf_disable_surveys":false},"product_brand":[],"product_cat":[21],"product_tag":[],"class_list":{"0":"post-1802","1":"product","2":"type-product","3":"status-publish","4":"has-post-thumbnail","6":"product_cat-lubricacion","8":"first","9":"instock","10":"taxable","11":"shipping-taxable","12":"purchasable","13":"product-type-simple"},"acf":[],"_links":{"self":[{"href":"https:\/\/proindesa.com\/index.php?rest_route=\/wp\/v2\/product\/1802","targetHints":{"allow":["GET"]}}],"collection":[{"href":"https:\/\/proindesa.com\/index.php?rest_route=\/wp\/v2\/product"}],"about":[{"href":"https:\/\/proindesa.com\/index.php?rest_route=\/wp\/v2\/types\/product"}],"wp:featuredmedia":[{"embeddable":true,"href":"https:\/\/proindesa.com\/index.php?rest_route=\/wp\/v2\/media\/1803"}],"wp:attachment":[{"href":"https:\/\/proindesa.com\/index.php?rest_route=%2Fwp%2Fv2%2Fmedia&parent=1802"}],"wp:term":[{"taxonomy":"product_brand","embeddable":true,"href":"https:\/\/proindesa.com\/index.php?rest_route=%2Fwp%2Fv2%2Fproduct_brand&post=1802"},{"taxonomy":"product_cat","embeddable":true,"href":"https:\/\/proindesa.com\/index.php?rest_route=%2Fwp%2Fv2%2Fproduct_cat&post=1802"},{"taxonomy":"product_tag","embeddable":true,"href":"https:\/\/proindesa.com\/index.php?rest_route=%2Fwp%2Fv2%2Fproduct_tag&post=1802"}],"curies":[{"name":"wp","href":"https:\/\/api.w.org\/{rel}","templated":true}]}}