{"id":1800,"date":"2024-07-17T17:13:39","date_gmt":"2024-07-17T15:13:39","guid":{"rendered":"http:\/\/proindesa.com\/wordpress\/?post_type=product&#038;p=1800"},"modified":"2025-08-13T18:45:18","modified_gmt":"2025-08-13T16:45:18","slug":"acople-hidraulico-p-pistola-de-grasa-graco-1-8","status":"publish","type":"product","link":"https:\/\/proindesa.com\/?product=acople-hidraulico-p-pistola-de-grasa-graco-1-8","title":{"rendered":"Acople hidraulico p\/ pistola de grasa graco 1\/8"},"content":{"rendered":"<p><span>El ACOPLADOR HIDR\u00c1ULICO 200325 de Graco est\u00e1 dise\u00f1ado para garantizar conexiones hidr\u00e1ulicas eficientes y sin problemas en su equipo. Con su ingenier\u00eda de precisi\u00f3n y construcci\u00f3n duradera, esta pieza original garantiza una funcionalidad y un rendimiento \u00f3ptimos. Conf\u00ede en este ACOPLADOR HIDR\u00c1ULICO de Graco para obtener la confiabilidad y durabilidad que necesita para su equipo. Actualice su maquinaria con esta pieza de repuesto original de Graco para una mayor productividad y tranquilidad.<\/span><\/p>\n<p><span>Graco es una marca muy respetada, conocida por sus equipos y piezas de repuesto de alta calidad, que ofrece soluciones confiables para diversas industrias. Sus productos est\u00e1n dise\u00f1ados para satisfacer las demandas de los profesionales, garantizando durabilidad y eficiencia. Los clientes conf\u00edan en Graco por sus soluciones innovadoras, tecnolog\u00eda avanzada y rendimiento superior. Con un compromiso con la excelencia, Graco ofrece constantemente productos de primera categor\u00eda que superan las expectativas. Su gama de equipos y piezas de repuesto est\u00e1 dise\u00f1ada meticulosamente para ofrecer resultados \u00f3ptimos, lo que convierte a Graco en una opci\u00f3n confiable para las empresas que buscan soluciones confiables y duraderas.<\/span><\/p>\n<p>&nbsp;<\/p>\n","protected":false},"excerpt":{"rendered":"<p>El ACOPLADOR HIDR\u00c1ULICO 200325 de Graco est\u00e1 dise\u00f1ado para garantizar conexiones hidr\u00e1ulicas eficientes y sin problemas en su equipo. Con su ingenier\u00eda de precisi\u00f3n y construcci\u00f3n duradera, esta pieza original garantiza una funcionalidad y un rendimiento \u00f3ptimos. Conf\u00ede en este ACOPLADOR HIDR\u00c1ULICO de Graco para obtener la confiabilidad y durabilidad que necesita para su equipo. [&hellip;]<\/p>\n","protected":false},"featured_media":1801,"template":"","meta":{"_acf_changed":false,"content-type":"","_uf_show_specific_survey":0,"_uf_disable_surveys":false},"product_brand":[],"product_cat":[21],"product_tag":[],"class_list":{"0":"post-1800","1":"product","2":"type-product","3":"status-publish","4":"has-post-thumbnail","6":"product_cat-lubricacion","8":"first","9":"instock","10":"taxable","11":"shipping-taxable","12":"purchasable","13":"product-type-simple"},"acf":[],"_links":{"self":[{"href":"https:\/\/proindesa.com\/index.php?rest_route=\/wp\/v2\/product\/1800","targetHints":{"allow":["GET"]}}],"collection":[{"href":"https:\/\/proindesa.com\/index.php?rest_route=\/wp\/v2\/product"}],"about":[{"href":"https:\/\/proindesa.com\/index.php?rest_route=\/wp\/v2\/types\/product"}],"wp:featuredmedia":[{"embeddable":true,"href":"https:\/\/proindesa.com\/index.php?rest_route=\/wp\/v2\/media\/1801"}],"wp:attachment":[{"href":"https:\/\/proindesa.com\/index.php?rest_route=%2Fwp%2Fv2%2Fmedia&parent=1800"}],"wp:term":[{"taxonomy":"product_brand","embeddable":true,"href":"https:\/\/proindesa.com\/index.php?rest_route=%2Fwp%2Fv2%2Fproduct_brand&post=1800"},{"taxonomy":"product_cat","embeddable":true,"href":"https:\/\/proindesa.com\/index.php?rest_route=%2Fwp%2Fv2%2Fproduct_cat&post=1800"},{"taxonomy":"product_tag","embeddable":true,"href":"https:\/\/proindesa.com\/index.php?rest_route=%2Fwp%2Fv2%2Fproduct_tag&post=1800"}],"curies":[{"name":"wp","href":"https:\/\/api.w.org\/{rel}","templated":true}]}}