{"id":1798,"date":"2024-07-17T17:10:58","date_gmt":"2024-07-17T15:10:58","guid":{"rendered":"http:\/\/proindesa.com\/wordpress\/?post_type=product&#038;p=1798"},"modified":"2025-08-13T18:45:17","modified_gmt":"2025-08-13T16:45:17","slug":"pistola-p-aceite-em8-flexible-graco","status":"publish","type":"product","link":"https:\/\/proindesa.com\/?product=pistola-p-aceite-em8-flexible-graco","title":{"rendered":"Pistola p\/ aceite em8 flexible graco"},"content":{"rendered":"<div class=\"force-stand-font\">\n<p>Los medidores port\u00e1tiles y en l\u00ednea de la serie EM est\u00e1n dise\u00f1ados para durar, desde peque\u00f1os centros de servicio y camiones de lubricaci\u00f3n hasta instalaciones de reparaci\u00f3n de servicio pesado. Elija entre modelos port\u00e1tiles de 8 o 20 gpm (30.3 a 75.7 lpm) o nuestro medidor en l\u00ednea de 20 gpm (75.7 lpm). Los medidores de la serie EM de Graco est\u00e1n respaldados por nuestra s\u00f3lida garant\u00eda y cuentan con electr\u00f3nica mejorada y LCD de f\u00e1cil lectura con controles de operador simples que miden en cuartos, galones, pintas y litros.<\/p>\n<\/div>\n<ul class=\"splitColumns\">\n<li>La boquilla de cierre giratorio evita fugas: hay varias extensiones disponibles que incluyen lubricante r\u00edgido, flexible y para engranajes.<\/li>\n<li>Alto caudal &#8211; Caudales de hasta 8 gpm (30.3 lpm)<\/li>\n<li>V\u00e1lvula heredada: entrada de 1\/2 pulg. (13 mm), compatible con aceite y anticongelante.<\/li>\n<li>Evite dispensados accidentales: mango de bloqueo f\u00e1cil de sujetar.<\/li>\n<li>Probado en condiciones adversas: los componentes electr\u00f3nicos sellados (IP69K) est\u00e1n protegidos contra el lavado a presi\u00f3n directa y el polvo.<\/li>\n<li>Bater\u00eda de larga duraci\u00f3n: cuenta con componentes electr\u00f3nicos mejorados y bater\u00edas AAA f\u00e1cilmente reemplazables.<\/li>\n<\/ul>\n","protected":false},"excerpt":{"rendered":"<p>Los medidores port\u00e1tiles y en l\u00ednea de la serie EM est\u00e1n dise\u00f1ados para durar, desde peque\u00f1os centros de servicio y camiones de lubricaci\u00f3n hasta instalaciones de reparaci\u00f3n de servicio pesado. Elija entre modelos port\u00e1tiles de 8 o 20 gpm (30.3 a 75.7 lpm) o nuestro medidor en l\u00ednea de 20 gpm (75.7 lpm). Los medidores [&hellip;]<\/p>\n","protected":false},"featured_media":1799,"template":"","meta":{"_acf_changed":false,"content-type":"","_uf_show_specific_survey":0,"_uf_disable_surveys":false},"product_brand":[],"product_cat":[21],"product_tag":[],"class_list":{"0":"post-1798","1":"product","2":"type-product","3":"status-publish","4":"has-post-thumbnail","6":"product_cat-lubricacion","8":"first","9":"instock","10":"taxable","11":"shipping-taxable","12":"purchasable","13":"product-type-simple"},"acf":[],"_links":{"self":[{"href":"https:\/\/proindesa.com\/index.php?rest_route=\/wp\/v2\/product\/1798","targetHints":{"allow":["GET"]}}],"collection":[{"href":"https:\/\/proindesa.com\/index.php?rest_route=\/wp\/v2\/product"}],"about":[{"href":"https:\/\/proindesa.com\/index.php?rest_route=\/wp\/v2\/types\/product"}],"wp:featuredmedia":[{"embeddable":true,"href":"https:\/\/proindesa.com\/index.php?rest_route=\/wp\/v2\/media\/1799"}],"wp:attachment":[{"href":"https:\/\/proindesa.com\/index.php?rest_route=%2Fwp%2Fv2%2Fmedia&parent=1798"}],"wp:term":[{"taxonomy":"product_brand","embeddable":true,"href":"https:\/\/proindesa.com\/index.php?rest_route=%2Fwp%2Fv2%2Fproduct_brand&post=1798"},{"taxonomy":"product_cat","embeddable":true,"href":"https:\/\/proindesa.com\/index.php?rest_route=%2Fwp%2Fv2%2Fproduct_cat&post=1798"},{"taxonomy":"product_tag","embeddable":true,"href":"https:\/\/proindesa.com\/index.php?rest_route=%2Fwp%2Fv2%2Fproduct_tag&post=1798"}],"curies":[{"name":"wp","href":"https:\/\/api.w.org\/{rel}","templated":true}]}}