{"id":1792,"date":"2024-07-17T16:42:33","date_gmt":"2024-07-17T14:42:33","guid":{"rendered":"http:\/\/proindesa.com\/wordpress\/?post_type=product&#038;p=1792"},"modified":"2025-08-13T18:45:17","modified_gmt":"2025-08-13T16:45:17","slug":"pistola-dispensadora-de-grasa-pro-shot-graco-1-4-npt","status":"publish","type":"product","link":"https:\/\/proindesa.com\/?product=pistola-dispensadora-de-grasa-pro-shot-graco-1-4-npt","title":{"rendered":"Pistola dispensadora de grasa pro shot graco 1\/4 npt"},"content":{"rendered":"<div class=\"force-stand-font\">\n<p>Para aplicaciones de servicio pesado, esta v\u00e1lvula de dispensaci\u00f3n sin medidor est\u00e1 dise\u00f1ada para funcionar en talleres de equipos pesados, talleres de mantenimiento de flotas y garajes municipales.<\/p>\n<\/div>\n<p>Las aplicaciones t\u00edpicas incluyen talleres de servicio, concesionarios de servicio pesado, centros de lubricaci\u00f3n r\u00e1pida, concesionarios de autom\u00f3viles, en planta, camiones de lubricaci\u00f3n y miner\u00eda.<\/p>\n<ul class=\"splitColumns\">\n<li>Gatillo asistido por presi\u00f3n para facilitar la operaci\u00f3n<\/li>\n<li>F\u00e1cil ajuste superior con contratuerca<\/li>\n<li>Dise\u00f1o resistente para resistir entornos hostiles<\/li>\n<li>Entrada NPT de 1\/4 pulg.<\/li>\n<li>Incluye acoplador y extensi\u00f3n<\/li>\n<\/ul>\n","protected":false},"excerpt":{"rendered":"<p>Para aplicaciones de servicio pesado, esta v\u00e1lvula de dispensaci\u00f3n sin medidor est\u00e1 dise\u00f1ada para funcionar en talleres de equipos pesados, talleres de mantenimiento de flotas y garajes municipales. Las aplicaciones t\u00edpicas incluyen talleres de servicio, concesionarios de servicio pesado, centros de lubricaci\u00f3n r\u00e1pida, concesionarios de autom\u00f3viles, en planta, camiones de lubricaci\u00f3n y miner\u00eda. Gatillo asistido [&hellip;]<\/p>\n","protected":false},"featured_media":1794,"template":"","meta":{"_acf_changed":false,"content-type":"","_uf_show_specific_survey":0,"_uf_disable_surveys":false},"product_brand":[],"product_cat":[21],"product_tag":[43],"class_list":{"0":"post-1792","1":"product","2":"type-product","3":"status-publish","4":"has-post-thumbnail","6":"product_cat-lubricacion","7":"product_tag-con-pdf","9":"first","10":"instock","11":"taxable","12":"shipping-taxable","13":"purchasable","14":"product-type-simple"},"acf":[],"_links":{"self":[{"href":"https:\/\/proindesa.com\/index.php?rest_route=\/wp\/v2\/product\/1792","targetHints":{"allow":["GET"]}}],"collection":[{"href":"https:\/\/proindesa.com\/index.php?rest_route=\/wp\/v2\/product"}],"about":[{"href":"https:\/\/proindesa.com\/index.php?rest_route=\/wp\/v2\/types\/product"}],"wp:featuredmedia":[{"embeddable":true,"href":"https:\/\/proindesa.com\/index.php?rest_route=\/wp\/v2\/media\/1794"}],"wp:attachment":[{"href":"https:\/\/proindesa.com\/index.php?rest_route=%2Fwp%2Fv2%2Fmedia&parent=1792"}],"wp:term":[{"taxonomy":"product_brand","embeddable":true,"href":"https:\/\/proindesa.com\/index.php?rest_route=%2Fwp%2Fv2%2Fproduct_brand&post=1792"},{"taxonomy":"product_cat","embeddable":true,"href":"https:\/\/proindesa.com\/index.php?rest_route=%2Fwp%2Fv2%2Fproduct_cat&post=1792"},{"taxonomy":"product_tag","embeddable":true,"href":"https:\/\/proindesa.com\/index.php?rest_route=%2Fwp%2Fv2%2Fproduct_tag&post=1792"}],"curies":[{"name":"wp","href":"https:\/\/api.w.org\/{rel}","templated":true}]}}