{"id":1790,"date":"2024-07-17T16:39:13","date_gmt":"2024-07-17T14:39:13","guid":{"rendered":"http:\/\/proindesa.com\/wordpress\/?post_type=product&#038;p=1790"},"modified":"2025-08-13T18:45:17","modified_gmt":"2025-08-13T16:45:17","slug":"combo-bomba-para-grasa-ld-graco-501-400-lb","status":"publish","type":"product","link":"https:\/\/proindesa.com\/?product=combo-bomba-para-grasa-ld-graco-501-400-lb","title":{"rendered":"Combo bomba para grasa ld graco 50:1, 400 lb"},"content":{"rendered":"<div class=\"force-stand-font\">\n<p><span>Mant\u00e9ngase a la vanguardia de la competencia con las bombas de la serie LD. Estas bombas asequibles y con todas las funciones est\u00e1n dise\u00f1adas para aplicaciones de menor volumen, hasta 7000 lb\/a\u00f1o (3175 kg\/a\u00f1o). Las bombas LD est\u00e1n optimizadas para ofrecer una soluci\u00f3n compacta, flexible y duradera.<\/span><\/p>\n<\/div>\n<ul class=\"splitColumns\">\n<li><span>Motor de aire de tres pulgadas: proporciona m\u00e1s potencia para crear un mejor flujo.<\/span><\/li>\n<li><span>Dise\u00f1ado para durar: el dise\u00f1o patentado de copa y placa elimina la necesidad de juntas t\u00f3ricas que se desgastan m\u00e1s r\u00e1pido para una soluci\u00f3n m\u00e1s duradera y de mayor duraci\u00f3n.<\/span><\/li>\n<li><span>V\u00e1lvula de aire modular: las ubicaciones de entrada y escape de aire son f\u00e1ciles de configurar con solo cuatro pernos para instalaciones simples y sin complicaciones.<\/span><\/li>\n<li><span>V\u00e1lvulas piloto: el dise\u00f1o autolimpiante patentado aumenta la confiabilidad en entornos con aire sucio y minimiza la ca\u00edda de presi\u00f3n con cambios r\u00e1pidos para reducir el estancamiento y lograr un flujo m\u00e1s suave.<\/span><\/li>\n<\/ul>\n","protected":false},"excerpt":{"rendered":"<p>Mant\u00e9ngase a la vanguardia de la competencia con las bombas de la serie LD. Estas bombas asequibles y con todas las funciones est\u00e1n dise\u00f1adas para aplicaciones de menor volumen, hasta 7000 lb\/a\u00f1o (3175 kg\/a\u00f1o). Las bombas LD est\u00e1n optimizadas para ofrecer una soluci\u00f3n compacta, flexible y duradera. Motor de aire de tres pulgadas: proporciona m\u00e1s [&hellip;]<\/p>\n","protected":false},"featured_media":1791,"template":"","meta":{"_acf_changed":false,"content-type":"","_uf_show_specific_survey":0,"_uf_disable_surveys":false},"product_brand":[],"product_cat":[21],"product_tag":[],"class_list":{"0":"post-1790","1":"product","2":"type-product","3":"status-publish","4":"has-post-thumbnail","6":"product_cat-lubricacion","8":"first","9":"instock","10":"taxable","11":"shipping-taxable","12":"purchasable","13":"product-type-simple"},"acf":[],"_links":{"self":[{"href":"https:\/\/proindesa.com\/index.php?rest_route=\/wp\/v2\/product\/1790","targetHints":{"allow":["GET"]}}],"collection":[{"href":"https:\/\/proindesa.com\/index.php?rest_route=\/wp\/v2\/product"}],"about":[{"href":"https:\/\/proindesa.com\/index.php?rest_route=\/wp\/v2\/types\/product"}],"wp:featuredmedia":[{"embeddable":true,"href":"https:\/\/proindesa.com\/index.php?rest_route=\/wp\/v2\/media\/1791"}],"wp:attachment":[{"href":"https:\/\/proindesa.com\/index.php?rest_route=%2Fwp%2Fv2%2Fmedia&parent=1790"}],"wp:term":[{"taxonomy":"product_brand","embeddable":true,"href":"https:\/\/proindesa.com\/index.php?rest_route=%2Fwp%2Fv2%2Fproduct_brand&post=1790"},{"taxonomy":"product_cat","embeddable":true,"href":"https:\/\/proindesa.com\/index.php?rest_route=%2Fwp%2Fv2%2Fproduct_cat&post=1790"},{"taxonomy":"product_tag","embeddable":true,"href":"https:\/\/proindesa.com\/index.php?rest_route=%2Fwp%2Fv2%2Fproduct_tag&post=1790"}],"curies":[{"name":"wp","href":"https:\/\/api.w.org\/{rel}","templated":true}]}}