{"id":1786,"date":"2024-07-17T16:33:00","date_gmt":"2024-07-17T14:33:00","guid":{"rendered":"http:\/\/proindesa.com\/wordpress\/?post_type=product&#038;p=1786"},"modified":"2025-08-13T18:45:17","modified_gmt":"2025-08-13T16:45:17","slug":"bomba-para-aceite-ld-universal-graco-51","status":"publish","type":"product","link":"https:\/\/proindesa.com\/?product=bomba-para-aceite-ld-universal-graco-51","title":{"rendered":"Bomba para aceite ld universal graco 5:1"},"content":{"rendered":"<div class=\"force-stand-font\">\n<p>Las bombas de la serie LD ofrecen un rendimiento asombroso a un precio incre\u00edblemente competitivo. Estas bombas asequibles y con todas las funciones est\u00e1n dise\u00f1adas para aplicaciones de bajo volumen a fin de proporcionar larga vida \u00fatil y capacidad de servicio. LD\u2122 tiene un motor neum\u00e1tico potente de tres pulgadas para suministrar los l\u00edquidos que necesita, mientras que la liberaci\u00f3n t\u00e9rmica integrada protege a su equipo de la expansi\u00f3n t\u00e9rmica.<\/p>\n<\/div>\n<ul class=\"splitColumns\">\n<li>Motor neum\u00e1tico de tres pulgadas &#8211; proporciona m\u00e1s potencia para crear un mejor flujo.<\/li>\n<li>V\u00e1lvula de aire innovadora &#8211; Dise\u00f1ada para reducir la formaci\u00f3n de hielo en aplicaciones de uso continuo y utilizar menos aire que las bombas de la competencia para una mejor eficiencia. F\u00e1cil de reparar o reemplazar sin desmontar los componentes internos de la bomba para reducir el tiempo de inactividad.<\/li>\n<li>Dise\u00f1ada para la durabilidad &#8211; El dise\u00f1o de copa y placa con patente en tr\u00e1mite elimina la necesidad de juntas t\u00f3ricas que se desgastan m\u00e1s r\u00e1pido para lograr una soluci\u00f3n m\u00e1s duradera y resistente.<\/li>\n<li>V\u00e1lvula de aire modular &#8211; Los puntos de admisi\u00f3n y salida del aire son f\u00e1ciles de configurar con solo cuatro pernos para instalaciones simples y sin complicaciones.<\/li>\n<li>V\u00e1lvula piloto &#8211; El dise\u00f1o de limpieza autom\u00e1tica con patente en tr\u00e1mite aumenta la confiabilidad en entornos de aire sucio y minimiza la ca\u00edda de presi\u00f3n con cambios r\u00e1pidos para la reducci\u00f3n del estancamiento y un flujo m\u00e1s suave.<\/li>\n<li>Adaptador de tap\u00f3n ajustable incluido &#8211; El ajuste deslizante integrado con tornillos manuales f\u00e1ciles de ajustar puede adaptarse a m\u00e1s aplicaciones.<\/li>\n<li>Liberaci\u00f3n t\u00e9rmica integrada y filtro de entrada &#8211; La liberaci\u00f3n t\u00e9rmica integrada protege su equipo de la expansi\u00f3n t\u00e9rmica sin la necesidad de comprar e instalar un juego adicional. El filtro de entrada (solo aceite) est\u00e1 integrado para proteger a la bomba de los contaminantes que pueden da\u00f1arla.<\/li>\n<\/ul>\n","protected":false},"excerpt":{"rendered":"<p>Las bombas de la serie LD ofrecen un rendimiento asombroso a un precio incre\u00edblemente competitivo. Estas bombas asequibles y con todas las funciones est\u00e1n dise\u00f1adas para aplicaciones de bajo volumen a fin de proporcionar larga vida \u00fatil y capacidad de servicio. LD\u2122 tiene un motor neum\u00e1tico potente de tres pulgadas para suministrar los l\u00edquidos que [&hellip;]<\/p>\n","protected":false},"featured_media":1787,"template":"","meta":{"_acf_changed":false,"content-type":"","_uf_show_specific_survey":0,"_uf_disable_surveys":false},"product_brand":[],"product_cat":[21],"product_tag":[43],"class_list":{"0":"post-1786","1":"product","2":"type-product","3":"status-publish","4":"has-post-thumbnail","6":"product_cat-lubricacion","7":"product_tag-con-pdf","9":"first","10":"instock","11":"taxable","12":"shipping-taxable","13":"purchasable","14":"product-type-simple"},"acf":[],"_links":{"self":[{"href":"https:\/\/proindesa.com\/index.php?rest_route=\/wp\/v2\/product\/1786","targetHints":{"allow":["GET"]}}],"collection":[{"href":"https:\/\/proindesa.com\/index.php?rest_route=\/wp\/v2\/product"}],"about":[{"href":"https:\/\/proindesa.com\/index.php?rest_route=\/wp\/v2\/types\/product"}],"wp:featuredmedia":[{"embeddable":true,"href":"https:\/\/proindesa.com\/index.php?rest_route=\/wp\/v2\/media\/1787"}],"wp:attachment":[{"href":"https:\/\/proindesa.com\/index.php?rest_route=%2Fwp%2Fv2%2Fmedia&parent=1786"}],"wp:term":[{"taxonomy":"product_brand","embeddable":true,"href":"https:\/\/proindesa.com\/index.php?rest_route=%2Fwp%2Fv2%2Fproduct_brand&post=1786"},{"taxonomy":"product_cat","embeddable":true,"href":"https:\/\/proindesa.com\/index.php?rest_route=%2Fwp%2Fv2%2Fproduct_cat&post=1786"},{"taxonomy":"product_tag","embeddable":true,"href":"https:\/\/proindesa.com\/index.php?rest_route=%2Fwp%2Fv2%2Fproduct_tag&post=1786"}],"curies":[{"name":"wp","href":"https:\/\/api.w.org\/{rel}","templated":true}]}}