{"id":1747,"date":"2024-07-17T15:36:54","date_gmt":"2024-07-17T13:36:54","guid":{"rendered":"http:\/\/proindesa.com\/wordpress\/?post_type=product&#038;p=1747"},"modified":"2025-08-13T18:45:16","modified_gmt":"2025-08-13T16:45:16","slug":"stainless-steel-cleaner-polish-3m","status":"publish","type":"product","link":"https:\/\/proindesa.com\/?product=stainless-steel-cleaner-polish-3m","title":{"rendered":"Stainless steel cleaner polish 3M"},"content":{"rendered":"<p>Limpiador y Pulidor de Acero Inoxidable 3M\u2122, Aerosol de 595 g, 12 unidades por Caja<\/p>\n<p>Es ideal para superficies de acero inoxidable, cromo, pl\u00e1stico laminado y aluminio. Su f\u00f3rmula de brillo superior limpia sin dejar vetas ni acumulaci\u00f3n del producto, evita que queden huellas digitales marcadas y oculta las imperfecciones de la superficie. Posee una placentera fragancia a lima.<\/p>\n<ul>\n<li id=\"tw-target-text\" class=\"tw-data-text tw-text-large tw-ta\" dir=\"ltr\" data-placeholder=\"Traducci\u00f3n\" aria-label=\"Texto traducido: Limpia y pule en un solo paso No deja acumulaci\u00f3n de grasa en las superficies Agradable fragancia c\u00edtrica Resiste las vetas Los envases vac\u00edos pueden desecharse en vertederos sanitarios de acuerdo con las normas locales Certificado por NSF\u00ae para su uso en plantas de procesamiento de carne y aves de corral inspeccionadas por el gobierno federal Ideal para superficies de acero inoxidable, cromo, pl\u00e1sticos laminados y aluminio. Con una f\u00f3rmula de alto brillo, se limpia sin dejar vetas ni acumulaciones, resiste las huellas dactilares y oculta las imperfecciones de la superficie. Agradable fragancia a lima. Registro NSF A-7. Cumple con los requisitos del Programa de Registro de Compuestos No Alimentarios de NSF para limpiadores y abrillantadores de metales para superficies que no tienen contacto con alimentos.\" data-ved=\"2ahUKEwjV1e77_viLAxXC5ckDHVrpPCgQ3ewLegQICxAW\"><span class=\"Y2IQFc\" lang=\"es\">Limpia y pule en un solo paso <\/span><\/li>\n<li class=\"tw-data-text tw-text-large tw-ta\" dir=\"ltr\" data-placeholder=\"Traducci\u00f3n\" aria-label=\"Texto traducido: Limpia y pule en un solo paso No deja acumulaci\u00f3n de grasa en las superficies Agradable fragancia c\u00edtrica Resiste las vetas Los envases vac\u00edos pueden desecharse en vertederos sanitarios de acuerdo con las normas locales Certificado por NSF\u00ae para su uso en plantas de procesamiento de carne y aves de corral inspeccionadas por el gobierno federal Ideal para superficies de acero inoxidable, cromo, pl\u00e1sticos laminados y aluminio. Con una f\u00f3rmula de alto brillo, se limpia sin dejar vetas ni acumulaciones, resiste las huellas dactilares y oculta las imperfecciones de la superficie. Agradable fragancia a lima. Registro NSF A-7. Cumple con los requisitos del Programa de Registro de Compuestos No Alimentarios de NSF para limpiadores y abrillantadores de metales para superficies que no tienen contacto con alimentos.\" data-ved=\"2ahUKEwjV1e77_viLAxXC5ckDHVrpPCgQ3ewLegQICxAW\"><span class=\"Y2IQFc\" lang=\"es\">No deja acumulaci\u00f3n de grasa en las superficies <\/span><\/li>\n<li class=\"tw-data-text tw-text-large tw-ta\" dir=\"ltr\" data-placeholder=\"Traducci\u00f3n\" aria-label=\"Texto traducido: Limpia y pule en un solo paso No deja acumulaci\u00f3n de grasa en las superficies Agradable fragancia c\u00edtrica Resiste las vetas Los envases vac\u00edos pueden desecharse en vertederos sanitarios de acuerdo con las normas locales Certificado por NSF\u00ae para su uso en plantas de procesamiento de carne y aves de corral inspeccionadas por el gobierno federal Ideal para superficies de acero inoxidable, cromo, pl\u00e1sticos laminados y aluminio. Con una f\u00f3rmula de alto brillo, se limpia sin dejar vetas ni acumulaciones, resiste las huellas dactilares y oculta las imperfecciones de la superficie. Agradable fragancia a lima. Registro NSF A-7. Cumple con los requisitos del Programa de Registro de Compuestos No Alimentarios de NSF para limpiadores y abrillantadores de metales para superficies que no tienen contacto con alimentos.\" data-ved=\"2ahUKEwjV1e77_viLAxXC5ckDHVrpPCgQ3ewLegQICxAW\"><span class=\"Y2IQFc\" lang=\"es\">Agradable fragancia c\u00edtrica <\/span><\/li>\n<li class=\"tw-data-text tw-text-large tw-ta\" dir=\"ltr\" data-placeholder=\"Traducci\u00f3n\" aria-label=\"Texto traducido: Limpia y pule en un solo paso No deja acumulaci\u00f3n de grasa en las superficies Agradable fragancia c\u00edtrica Resiste las vetas Los envases vac\u00edos pueden desecharse en vertederos sanitarios de acuerdo con las normas locales Certificado por NSF\u00ae para su uso en plantas de procesamiento de carne y aves de corral inspeccionadas por el gobierno federal Ideal para superficies de acero inoxidable, cromo, pl\u00e1sticos laminados y aluminio. Con una f\u00f3rmula de alto brillo, se limpia sin dejar vetas ni acumulaciones, resiste las huellas dactilares y oculta las imperfecciones de la superficie. Agradable fragancia a lima. Registro NSF A-7. Cumple con los requisitos del Programa de Registro de Compuestos No Alimentarios de NSF para limpiadores y abrillantadores de metales para superficies que no tienen contacto con alimentos.\" data-ved=\"2ahUKEwjV1e77_viLAxXC5ckDHVrpPCgQ3ewLegQICxAW\"><span class=\"Y2IQFc\" lang=\"es\">Resiste las huellas de grasa que dejan las manos.<\/span><\/li>\n<li class=\"tw-data-text tw-text-large tw-ta\" dir=\"ltr\" data-placeholder=\"Traducci\u00f3n\" aria-label=\"Texto traducido: Limpia y pule en un solo paso No deja acumulaci\u00f3n de grasa en las superficies Agradable fragancia c\u00edtrica Resiste las vetas Los envases vac\u00edos pueden desecharse en vertederos sanitarios de acuerdo con las normas locales Certificado por NSF\u00ae para su uso en plantas de procesamiento de carne y aves de corral inspeccionadas por el gobierno federal Ideal para superficies de acero inoxidable, cromo, pl\u00e1sticos laminados y aluminio. Con una f\u00f3rmula de alto brillo, se limpia sin dejar vetas ni acumulaciones, resiste las huellas dactilares y oculta las imperfecciones de la superficie. Agradable fragancia a lima. Registro NSF A-7. Cumple con los requisitos del Programa de Registro de Compuestos No Alimentarios de NSF para limpiadores y abrillantadores de metales para superficies que no tienen contacto con alimentos.\" data-ved=\"2ahUKEwjV1e77_viLAxXC5ckDHVrpPCgQ3ewLegQICxAW\"><span class=\"Y2IQFc\" lang=\"es\">Los envases vac\u00edos pueden desecharse en vertederos sanitarios de acuerdo con las normas locales Certificado por NSF\u00ae para su uso en plantas de procesamiento de carne y aves de corral.<\/span><\/li>\n<li class=\"tw-data-text tw-text-large tw-ta\" dir=\"ltr\" data-placeholder=\"Traducci\u00f3n\" aria-label=\"Texto traducido: Limpia y pule en un solo paso No deja acumulaci\u00f3n de grasa en las superficies Agradable fragancia c\u00edtrica Resiste las vetas Los envases vac\u00edos pueden desecharse en vertederos sanitarios de acuerdo con las normas locales Certificado por NSF\u00ae para su uso en plantas de procesamiento de carne y aves de corral inspeccionadas por el gobierno federal Ideal para superficies de acero inoxidable, cromo, pl\u00e1sticos laminados y aluminio. Con una f\u00f3rmula de alto brillo, se limpia sin dejar vetas ni acumulaciones, resiste las huellas dactilares y oculta las imperfecciones de la superficie. Agradable fragancia a lima. Registro NSF A-7. Cumple con los requisitos del Programa de Registro de Compuestos No Alimentarios de NSF para limpiadores y abrillantadores de metales para superficies que no tienen contacto con alimentos.\" data-ved=\"2ahUKEwjV1e77_viLAxXC5ckDHVrpPCgQ3ewLegQICxAW\"><span class=\"Y2IQFc\" lang=\"es\">Ideal para superficies de acero inoxidable, cromo, pl\u00e1sticos laminados y aluminio. <\/span><\/li>\n<li class=\"tw-data-text tw-text-large tw-ta\" dir=\"ltr\" data-placeholder=\"Traducci\u00f3n\" aria-label=\"Texto traducido: Limpia y pule en un solo paso No deja acumulaci\u00f3n de grasa en las superficies Agradable fragancia c\u00edtrica Resiste las vetas Los envases vac\u00edos pueden desecharse en vertederos sanitarios de acuerdo con las normas locales Certificado por NSF\u00ae para su uso en plantas de procesamiento de carne y aves de corral inspeccionadas por el gobierno federal Ideal para superficies de acero inoxidable, cromo, pl\u00e1sticos laminados y aluminio. Con una f\u00f3rmula de alto brillo, se limpia sin dejar vetas ni acumulaciones, resiste las huellas dactilares y oculta las imperfecciones de la superficie. Agradable fragancia a lima. Registro NSF A-7. Cumple con los requisitos del Programa de Registro de Compuestos No Alimentarios de NSF para limpiadores y abrillantadores de metales para superficies que no tienen contacto con alimentos.\" data-ved=\"2ahUKEwjV1e77_viLAxXC5ckDHVrpPCgQ3ewLegQICxAW\"><span class=\"Y2IQFc\" lang=\"es\">Con una f\u00f3rmula de alto brillo, se limpia sin dejar vetas ni acumulaciones, resiste las huellas dactilares y oculta las imperfecciones de la superficie. <\/span><\/li>\n<li class=\"tw-data-text tw-text-large tw-ta\" dir=\"ltr\" data-placeholder=\"Traducci\u00f3n\" aria-label=\"Texto traducido: Limpia y pule en un solo paso No deja acumulaci\u00f3n de grasa en las superficies Agradable fragancia c\u00edtrica Resiste las vetas Los envases vac\u00edos pueden desecharse en vertederos sanitarios de acuerdo con las normas locales Certificado por NSF\u00ae para su uso en plantas de procesamiento de carne y aves de corral inspeccionadas por el gobierno federal Ideal para superficies de acero inoxidable, cromo, pl\u00e1sticos laminados y aluminio. Con una f\u00f3rmula de alto brillo, se limpia sin dejar vetas ni acumulaciones, resiste las huellas dactilares y oculta las imperfecciones de la superficie. Agradable fragancia a lima. Registro NSF A-7. Cumple con los requisitos del Programa de Registro de Compuestos No Alimentarios de NSF para limpiadores y abrillantadores de metales para superficies que no tienen contacto con alimentos.\" data-ved=\"2ahUKEwjV1e77_viLAxXC5ckDHVrpPCgQ3ewLegQICxAW\"><span class=\"Y2IQFc\" lang=\"es\">Agradable fragancia a lima. Registro NSF A-7. <\/span><\/li>\n<li class=\"tw-data-text tw-text-large tw-ta\" dir=\"ltr\" data-placeholder=\"Traducci\u00f3n\" aria-label=\"Texto traducido: Limpia y pule en un solo paso No deja acumulaci\u00f3n de grasa en las superficies Agradable fragancia c\u00edtrica Resiste las vetas Los envases vac\u00edos pueden desecharse en vertederos sanitarios de acuerdo con las normas locales Certificado por NSF\u00ae para su uso en plantas de procesamiento de carne y aves de corral inspeccionadas por el gobierno federal Ideal para superficies de acero inoxidable, cromo, pl\u00e1sticos laminados y aluminio. Con una f\u00f3rmula de alto brillo, se limpia sin dejar vetas ni acumulaciones, resiste las huellas dactilares y oculta las imperfecciones de la superficie. Agradable fragancia a lima. Registro NSF A-7. Cumple con los requisitos del Programa de Registro de Compuestos No Alimentarios de NSF para limpiadores y abrillantadores de metales para superficies que no tienen contacto con alimentos.\" data-ved=\"2ahUKEwjV1e77_viLAxXC5ckDHVrpPCgQ3ewLegQICxAW\"><span class=\"Y2IQFc\" lang=\"es\">Cumple con los requisitos del Programa de Registro de Compuestos No Alimentarios de NSF para limpiadores y abrillantadores de metales para superficies que no tienen contacto con alimentos.<\/span><\/li>\n<\/ul>\n<p>&nbsp;<\/p>\n","protected":false},"excerpt":{"rendered":"<p>Limpiador y Pulidor de Acero Inoxidable 3M\u2122, Aerosol de 595 g, 12 unidades por Caja Es ideal para superficies de acero inoxidable, cromo, pl\u00e1stico laminado y aluminio. Su f\u00f3rmula de brillo superior limpia sin dejar vetas ni acumulaci\u00f3n del producto, evita que queden huellas digitales marcadas y oculta las imperfecciones de la superficie. Posee una [&hellip;]<\/p>\n","protected":false},"featured_media":3099,"template":"","meta":{"_acf_changed":false,"content-type":"","_uf_show_specific_survey":0,"_uf_disable_surveys":false},"product_brand":[],"product_cat":[55,49],"product_tag":[35,101],"class_list":{"0":"post-1747","1":"product","2":"type-product","3":"status-publish","4":"has-post-thumbnail","6":"product_cat-aerosoles","7":"product_cat-limpieza","8":"product_tag-3m","9":"product_tag-sin-precio","11":"first","12":"instock","13":"taxable","14":"shipping-taxable","15":"purchasable","16":"product-type-simple"},"acf":[],"_links":{"self":[{"href":"https:\/\/proindesa.com\/index.php?rest_route=\/wp\/v2\/product\/1747","targetHints":{"allow":["GET"]}}],"collection":[{"href":"https:\/\/proindesa.com\/index.php?rest_route=\/wp\/v2\/product"}],"about":[{"href":"https:\/\/proindesa.com\/index.php?rest_route=\/wp\/v2\/types\/product"}],"wp:featuredmedia":[{"embeddable":true,"href":"https:\/\/proindesa.com\/index.php?rest_route=\/wp\/v2\/media\/3099"}],"wp:attachment":[{"href":"https:\/\/proindesa.com\/index.php?rest_route=%2Fwp%2Fv2%2Fmedia&parent=1747"}],"wp:term":[{"taxonomy":"product_brand","embeddable":true,"href":"https:\/\/proindesa.com\/index.php?rest_route=%2Fwp%2Fv2%2Fproduct_brand&post=1747"},{"taxonomy":"product_cat","embeddable":true,"href":"https:\/\/proindesa.com\/index.php?rest_route=%2Fwp%2Fv2%2Fproduct_cat&post=1747"},{"taxonomy":"product_tag","embeddable":true,"href":"https:\/\/proindesa.com\/index.php?rest_route=%2Fwp%2Fv2%2Fproduct_tag&post=1747"}],"curies":[{"name":"wp","href":"https:\/\/api.w.org\/{rel}","templated":true}]}}