{"id":1439,"date":"2024-07-03T19:07:52","date_gmt":"2024-07-03T17:07:52","guid":{"rendered":"http:\/\/proindesa.com\/wordpress\/tienda\/sin%20categor\u00eda\/boquilla-baja-presion-fflp-graco-310\/"},"modified":"2025-08-22T18:04:50","modified_gmt":"2025-08-23T00:04:50","slug":"boquilla-baja-presion-fflp-graco-310","status":"publish","type":"product","link":"https:\/\/proindesa.com\/?product=boquilla-baja-presion-fflp-graco-310","title":{"rendered":"Boquilla baja presion fflp graco 310"},"content":{"rendered":"<p>Roc\u00ede hasta un 50% menos de presi\u00f3n con la boquilla RAC X SwitchTip de acabado fino y baja presi\u00f3n (FF LP) 310 Reverse-A-Clean (RAC). Esta boquilla de acabado fino produce un patr\u00f3n de abanico de 6 a 8 pulgadas y un orificio de 0.010 pulgadas, ideal para materiales delgados. Revierta la boquilla SwitchTip para limpiar f\u00e1cilmente las obstrucciones.<\/p>\n<p><strong>Para aplicaciones de alto acabado<\/strong><\/p>\n<ul>\n<li>Menos tiempo de preparaci\u00f3n y limpieza<\/li>\n<li>Menos desorden con menos exceso de pulverizaci\u00f3n<\/li>\n<li>Ponga la pintura donde desee<\/li>\n<li>La superposici\u00f3n de patrones m\u00e1s f\u00e1cil<\/li>\n<li>Patr\u00f3n de abanico de pulverizaci\u00f3n m\u00e1s suave<\/li>\n<li>F\u00e1cil de aplicar cualquier material a cualquier superficie<\/li>\n<li>Calidad de acabado uniforme y homog\u00e9nea<\/li>\n<li>Vida extendida<\/li>\n<li>Pulverizar a la mitad de la presi\u00f3n duplica la vida \u00fatil de la boquilla<\/li>\n<li>Mantenimiento reducido del pulverizador: hasta 2 veces m\u00e1s vida \u00fatil<\/li>\n<li>Tecnolog\u00eda SmartTip<\/li>\n<li>Geometr\u00eda de boquilla interna exclusiva<\/li>\n<li>Reduce la energ\u00eda necesaria para atomizar pinturas, tintes y otros materiales<\/li>\n<li>Ofrece un acabado superior con menos presi\u00f3n<\/li>\n<li>Funciona con SmartControl en pulverizadores Graco seleccionados<\/li>\n<li>La mejor boquilla del mercado<\/li>\n<li>Funciona con cualquier pulverizador airless<\/li>\n<li>Patr\u00f3n de abanico m\u00e1s duradero<\/li>\n<li>Acabado de la m\u00e1s alta calidad con un patr\u00f3n de pulverizaci\u00f3n constante<\/li>\n<li>Tama\u00f1o de la boquilla f\u00e1cil de identificar<\/li>\n<li>Los grandes n\u00fameros de tama\u00f1o de boquilla en relieve siempre son legibles\u2013 aunque est\u00e9n cubiertos con pintura<\/li>\n<li>Dise\u00f1o de boquilla superior<\/li>\n<li>La leng\u00fceta de bloqueo garantiza que la boquilla permanezca segura en protecci\u00f3n<\/li>\n<li>La boquilla \u00abencaja\u00bb en la posici\u00f3n de pulverizaci\u00f3n o inversa<\/li>\n<li>La boquilla OneSeal se instala sin herramientas<\/li>\n<li>Sello de disolvente disponible cuando se utilizan solventes extremadamente calientes<\/li>\n<\/ul>\n","protected":false},"excerpt":{"rendered":"<p>Roc\u00ede hasta un 50% menos de presi\u00f3n con la boquilla RAC X SwitchTip de acabado fino y baja presi\u00f3n (FF LP) 310 Reverse-A-Clean (RAC). Esta boquilla de acabado fino produce un patr\u00f3n de abanico de 6 a 8 pulgadas y un orificio de 0.010 pulgadas, ideal para materiales delgados. Revierta la boquilla SwitchTip para limpiar [&hellip;]<\/p>\n","protected":false},"featured_media":1393,"template":"","meta":{"_acf_changed":false,"content-type":"","_uf_show_specific_survey":0,"_uf_disable_surveys":false},"product_brand":[137],"product_cat":[148,23],"product_tag":[43,38,101],"class_list":{"0":"post-1439","1":"product","2":"type-product","3":"status-publish","4":"has-post-thumbnail","6":"product_brand-graco","7":"product_cat-accesorios-para-equipos-de-pintura","8":"product_cat-pintura","9":"product_tag-con-pdf","10":"product_tag-graco","11":"product_tag-sin-precio","13":"first","14":"instock","15":"taxable","16":"shipping-taxable","17":"purchasable","18":"product-type-simple"},"acf":[],"_links":{"self":[{"href":"https:\/\/proindesa.com\/index.php?rest_route=\/wp\/v2\/product\/1439","targetHints":{"allow":["GET"]}}],"collection":[{"href":"https:\/\/proindesa.com\/index.php?rest_route=\/wp\/v2\/product"}],"about":[{"href":"https:\/\/proindesa.com\/index.php?rest_route=\/wp\/v2\/types\/product"}],"wp:featuredmedia":[{"embeddable":true,"href":"https:\/\/proindesa.com\/index.php?rest_route=\/wp\/v2\/media\/1393"}],"wp:attachment":[{"href":"https:\/\/proindesa.com\/index.php?rest_route=%2Fwp%2Fv2%2Fmedia&parent=1439"}],"wp:term":[{"taxonomy":"product_brand","embeddable":true,"href":"https:\/\/proindesa.com\/index.php?rest_route=%2Fwp%2Fv2%2Fproduct_brand&post=1439"},{"taxonomy":"product_cat","embeddable":true,"href":"https:\/\/proindesa.com\/index.php?rest_route=%2Fwp%2Fv2%2Fproduct_cat&post=1439"},{"taxonomy":"product_tag","embeddable":true,"href":"https:\/\/proindesa.com\/index.php?rest_route=%2Fwp%2Fv2%2Fproduct_tag&post=1439"}],"curies":[{"name":"wp","href":"https:\/\/api.w.org\/{rel}","templated":true}]}}