{"id":1436,"date":"2024-07-03T19:07:52","date_gmt":"2024-07-03T17:07:52","guid":{"rendered":"http:\/\/proindesa.com\/wordpress\/tienda\/sin%20categor\u00eda\/boquilla-pintura-latex-ltx-graco-517\/"},"modified":"2025-08-22T18:04:50","modified_gmt":"2025-08-23T00:04:50","slug":"boquilla-pintura-latex-ltx-graco-517","status":"publish","type":"product","link":"https:\/\/proindesa.com\/?product=boquilla-pintura-latex-ltx-graco-517","title":{"rendered":"Boquilla pintura latex ltx graco 517"},"content":{"rendered":"<p>La boquilla Reverse-A-Clean (RAC) 517 RAC X SwitchTip produce un abanico de 10 a 12 pulg. y tiene un orificio de 0.017 pulg. Revierta la boquilla SwitchTip para limpiar f\u00e1cilmente las obstrucciones.<br \/>\nSe utiliza para aplicaciones residenciales, comerciales o industriales.<br \/>\nEl mejor consejo del mercado<br \/>\nPatr\u00f3n de abanico m\u00e1s duradero<br \/>\nAcabado de la m\u00e1s alta calidad con un patr\u00f3n de rociado constante<br \/>\nTama\u00f1o de la boquilla f\u00e1cil de identificar<br \/>\nLos grandes n\u00fameros de tama\u00f1o de boquilla en relieve siempre son legibles\u2013 aunque est\u00e9n cubiertos con pintura<br \/>\nDise\u00f1o de boquilla superior<br \/>\nLa leng\u00fceta de bloqueo asegura que la boquilla permanezca segura dentro de la protecci\u00f3n<br \/>\nEncaja la boquilla en la posici\u00f3n de pulverizaci\u00f3n o inversa<br \/>\nLa junta de la boquilla OneSeal se instala sin herramientas<br \/>\nSello para solventes disponible cuando se utilizan solventes extremadamente calientes<\/p>\n","protected":false},"excerpt":{"rendered":"<p>La boquilla Reverse-A-Clean (RAC) 517 RAC X SwitchTip produce un abanico de 10 a 12 pulg. y tiene un orificio de 0.017 pulg. Revierta la boquilla SwitchTip para limpiar f\u00e1cilmente las obstrucciones. Se utiliza para aplicaciones residenciales, comerciales o industriales. El mejor consejo del mercado Patr\u00f3n de abanico m\u00e1s duradero Acabado de la m\u00e1s alta [&hellip;]<\/p>\n","protected":false},"featured_media":1390,"template":"","meta":{"_acf_changed":false,"content-type":"","_uf_show_specific_survey":0,"_uf_disable_surveys":false},"product_brand":[137],"product_cat":[148,23],"product_tag":[43,38,101],"class_list":{"0":"post-1436","1":"product","2":"type-product","3":"status-publish","4":"has-post-thumbnail","6":"product_brand-graco","7":"product_cat-accesorios-para-equipos-de-pintura","8":"product_cat-pintura","9":"product_tag-con-pdf","10":"product_tag-graco","11":"product_tag-sin-precio","13":"first","14":"instock","15":"taxable","16":"shipping-taxable","17":"purchasable","18":"product-type-simple"},"acf":[],"_links":{"self":[{"href":"https:\/\/proindesa.com\/index.php?rest_route=\/wp\/v2\/product\/1436","targetHints":{"allow":["GET"]}}],"collection":[{"href":"https:\/\/proindesa.com\/index.php?rest_route=\/wp\/v2\/product"}],"about":[{"href":"https:\/\/proindesa.com\/index.php?rest_route=\/wp\/v2\/types\/product"}],"wp:featuredmedia":[{"embeddable":true,"href":"https:\/\/proindesa.com\/index.php?rest_route=\/wp\/v2\/media\/1390"}],"wp:attachment":[{"href":"https:\/\/proindesa.com\/index.php?rest_route=%2Fwp%2Fv2%2Fmedia&parent=1436"}],"wp:term":[{"taxonomy":"product_brand","embeddable":true,"href":"https:\/\/proindesa.com\/index.php?rest_route=%2Fwp%2Fv2%2Fproduct_brand&post=1436"},{"taxonomy":"product_cat","embeddable":true,"href":"https:\/\/proindesa.com\/index.php?rest_route=%2Fwp%2Fv2%2Fproduct_cat&post=1436"},{"taxonomy":"product_tag","embeddable":true,"href":"https:\/\/proindesa.com\/index.php?rest_route=%2Fwp%2Fv2%2Fproduct_tag&post=1436"}],"curies":[{"name":"wp","href":"https:\/\/api.w.org\/{rel}","templated":true}]}}