{"id":1435,"date":"2024-07-03T19:07:52","date_gmt":"2024-07-03T17:07:52","guid":{"rendered":"http:\/\/proindesa.com\/wordpress\/tienda\/sin%20categor\u00eda\/boquilla-baja-presion-fflp-graco-521\/"},"modified":"2025-08-22T18:04:50","modified_gmt":"2025-08-23T00:04:50","slug":"boquilla-baja-presion-fflp-graco-521","status":"publish","type":"product","link":"https:\/\/proindesa.com\/?product=boquilla-baja-presion-fflp-graco-521","title":{"rendered":"Boquilla baja presion fflp graco 521"},"content":{"rendered":"<p>Con la tecnolog\u00eda SmartTip pendiente de patente, la geometr\u00eda exclusiva de la punta interna de Graco reduce la energ\u00eda necesaria para atomizar tus pinturas, manchas y otros materiales favoritos, ofreciendo un acabado superior con menos presi\u00f3n<br \/>\nReduce la preparaci\u00f3n y la limpieza: pones la pintura donde quieras<br \/>\nLa pulverizaci\u00f3n a media presi\u00f3n duplica la vida \u00fatil de la punta<br \/>\nPulveriza a una presi\u00f3n hasta un 50% m\u00e1s baja con menos sobrepulverizaci\u00f3n para proporcionar una calidad de acabado mezclado consistente con atomizaci\u00f3n completa<br \/>\nSolo cabe en el protector RAC X de Graco. No compatible con los protectores RAC V<\/p>\n","protected":false},"excerpt":{"rendered":"<p>Con la tecnolog\u00eda SmartTip pendiente de patente, la geometr\u00eda exclusiva de la punta interna de Graco reduce la energ\u00eda necesaria para atomizar tus pinturas, manchas y otros materiales favoritos, ofreciendo un acabado superior con menos presi\u00f3n Reduce la preparaci\u00f3n y la limpieza: pones la pintura donde quieras La pulverizaci\u00f3n a media presi\u00f3n duplica la vida [&hellip;]<\/p>\n","protected":false},"featured_media":1389,"template":"","meta":{"_acf_changed":false,"content-type":"","_uf_show_specific_survey":0,"_uf_disable_surveys":false},"product_brand":[137],"product_cat":[148,23],"product_tag":[43,38,101],"class_list":{"0":"post-1435","1":"product","2":"type-product","3":"status-publish","4":"has-post-thumbnail","6":"product_brand-graco","7":"product_cat-accesorios-para-equipos-de-pintura","8":"product_cat-pintura","9":"product_tag-con-pdf","10":"product_tag-graco","11":"product_tag-sin-precio","13":"first","14":"instock","15":"taxable","16":"shipping-taxable","17":"purchasable","18":"product-type-simple"},"acf":[],"_links":{"self":[{"href":"https:\/\/proindesa.com\/index.php?rest_route=\/wp\/v2\/product\/1435","targetHints":{"allow":["GET"]}}],"collection":[{"href":"https:\/\/proindesa.com\/index.php?rest_route=\/wp\/v2\/product"}],"about":[{"href":"https:\/\/proindesa.com\/index.php?rest_route=\/wp\/v2\/types\/product"}],"wp:featuredmedia":[{"embeddable":true,"href":"https:\/\/proindesa.com\/index.php?rest_route=\/wp\/v2\/media\/1389"}],"wp:attachment":[{"href":"https:\/\/proindesa.com\/index.php?rest_route=%2Fwp%2Fv2%2Fmedia&parent=1435"}],"wp:term":[{"taxonomy":"product_brand","embeddable":true,"href":"https:\/\/proindesa.com\/index.php?rest_route=%2Fwp%2Fv2%2Fproduct_brand&post=1435"},{"taxonomy":"product_cat","embeddable":true,"href":"https:\/\/proindesa.com\/index.php?rest_route=%2Fwp%2Fv2%2Fproduct_cat&post=1435"},{"taxonomy":"product_tag","embeddable":true,"href":"https:\/\/proindesa.com\/index.php?rest_route=%2Fwp%2Fv2%2Fproduct_tag&post=1435"}],"curies":[{"name":"wp","href":"https:\/\/api.w.org\/{rel}","templated":true}]}}