{"id":1431,"date":"2024-07-03T19:07:51","date_gmt":"2024-07-03T17:07:51","guid":{"rendered":"http:\/\/proindesa.com\/wordpress\/tienda\/sin%20categor\u00eda\/boquilla-baja-presion-212\/"},"modified":"2025-08-22T18:05:49","modified_gmt":"2025-08-23T00:05:49","slug":"boquilla-baja-presion-212","status":"publish","type":"product","link":"https:\/\/proindesa.com\/?product=boquilla-baja-presion-212","title":{"rendered":"Boquilla baja presion 212"},"content":{"rendered":"<p>Roc\u00ede hasta un 50% menos de presi\u00f3n con la boquilla RAC X SwitchTip de acabado fino y baja presi\u00f3n (FF LP) 212 Reverse-A-Clean (RAC). Esta boquilla de acabado fino produce un patr\u00f3n en abanico de 4 a 6 pulgadas y un orificio de 0.012 pulgadas. Revierta la boquilla SwitchTip para limpiar f\u00e1cilmente las obstrucciones.<\/p>\n<p><strong>Para aplicaciones de alto acabado<\/strong><\/p>\n<ul>\n<li>Menos tiempo de preparaci\u00f3n y limpieza<\/li>\n<li>Menos desorden con menos sobrepulverizaci\u00f3n<\/li>\n<li>Pon la pintura donde la quieras<\/li>\n<li>Superposici\u00f3n de patrones m\u00e1s f\u00e1cil<\/li>\n<li>Patr\u00f3n de abanico de pulverizaci\u00f3n m\u00e1s suave<\/li>\n<li>F\u00e1cil de aplicar cualquier material a cualquier superficie<\/li>\n<li>Calidad de acabado uniforme y homog\u00e9nea<\/li>\n<li>Vida extendida<\/li>\n<li>Pulverizar a la mitad de la presi\u00f3n duplica la vida \u00fatil de la boquilla<\/li>\n<li>Mantenimiento reducido del pulverizador &#8211; hasta 2 veces la vida \u00fatil<\/li>\n<\/ul>\n","protected":false},"excerpt":{"rendered":"<p>Roc\u00ede hasta un 50% menos de presi\u00f3n con la boquilla RAC X SwitchTip de acabado fino y baja presi\u00f3n (FF LP) 212 Reverse-A-Clean (RAC). Esta boquilla de acabado fino produce un patr\u00f3n en abanico de 4 a 6 pulgadas y un orificio de 0.012 pulgadas. Revierta la boquilla SwitchTip para limpiar f\u00e1cilmente las obstrucciones. Para [&hellip;]<\/p>\n","protected":false},"featured_media":1385,"template":"","meta":{"_acf_changed":false,"content-type":"","_uf_show_specific_survey":0,"_uf_disable_surveys":false},"product_brand":[],"product_cat":[148,23],"product_tag":[],"class_list":{"0":"post-1431","1":"product","2":"type-product","3":"status-publish","4":"has-post-thumbnail","6":"product_cat-accesorios-para-equipos-de-pintura","7":"product_cat-pintura","9":"first","10":"instock","11":"taxable","12":"shipping-taxable","13":"purchasable","14":"product-type-simple"},"acf":[],"_links":{"self":[{"href":"https:\/\/proindesa.com\/index.php?rest_route=\/wp\/v2\/product\/1431","targetHints":{"allow":["GET"]}}],"collection":[{"href":"https:\/\/proindesa.com\/index.php?rest_route=\/wp\/v2\/product"}],"about":[{"href":"https:\/\/proindesa.com\/index.php?rest_route=\/wp\/v2\/types\/product"}],"wp:featuredmedia":[{"embeddable":true,"href":"https:\/\/proindesa.com\/index.php?rest_route=\/wp\/v2\/media\/1385"}],"wp:attachment":[{"href":"https:\/\/proindesa.com\/index.php?rest_route=%2Fwp%2Fv2%2Fmedia&parent=1431"}],"wp:term":[{"taxonomy":"product_brand","embeddable":true,"href":"https:\/\/proindesa.com\/index.php?rest_route=%2Fwp%2Fv2%2Fproduct_brand&post=1431"},{"taxonomy":"product_cat","embeddable":true,"href":"https:\/\/proindesa.com\/index.php?rest_route=%2Fwp%2Fv2%2Fproduct_cat&post=1431"},{"taxonomy":"product_tag","embeddable":true,"href":"https:\/\/proindesa.com\/index.php?rest_route=%2Fwp%2Fv2%2Fproduct_tag&post=1431"}],"curies":[{"name":"wp","href":"https:\/\/api.w.org\/{rel}","templated":true}]}}