{"id":1424,"date":"2024-07-03T19:07:51","date_gmt":"2024-07-03T17:07:51","guid":{"rendered":"http:\/\/proindesa.com\/wordpress\/tienda\/sin%20categor\u00eda\/boquilla-baja-presion-fflp-graco-314\/"},"modified":"2025-08-22T18:05:50","modified_gmt":"2025-08-23T00:05:50","slug":"boquilla-baja-presion-fflp-graco-314","status":"publish","type":"product","link":"https:\/\/proindesa.com\/?product=boquilla-baja-presion-fflp-graco-314","title":{"rendered":"Boquilla baja presion fflp graco 314"},"content":{"rendered":"<p>Roc\u00ede hasta un 50% menos de presi\u00f3n con la boquilla RAC X SwitchTip de acabado fino y baja presi\u00f3n (FF LP) 314 Reverse-A-Clean (RAC). Esta boquilla de acabado fino produce un patr\u00f3n de abanico de 6 a 8 pulg. y un orificio de 0.014 pulg. Revierta la boquilla SwitchTip para limpiar f\u00e1cilmente las obstrucciones.<br \/>\nPara aplicaciones de alto acabado<br \/>\nMenos tiempo de preparaci\u00f3n y limpieza<br \/>\nMenos desorden con menos exceso de pulverizaci\u00f3n<br \/>\nPonga la pintura donde desee<br \/>\nLa superposici\u00f3n de patrones m\u00e1s f\u00e1cil<br \/>\nPatr\u00f3n de abanico de pulverizaci\u00f3n m\u00e1s suave<br \/>\nF\u00e1cil de aplicar cualquier material a cualquier superficie<br \/>\nCalidad de acabado uniforme y homog\u00e9nea<br \/>\nVida extendida<br \/>\nPulverizar a la mitad de la presi\u00f3n duplica la vida \u00fatil de la boquilla<br \/>\nMantenimiento reducido del pulverizador: hasta 2 veces m\u00e1s vida \u00fatil<br \/>\nTecnolog\u00eda SmartTip<br \/>\nGeometr\u00eda de boquilla interna exclusiva<br \/>\nReduce la energ\u00eda necesaria para atomizar pinturas, tintes y otros materiales<br \/>\nOfrece un acabado superior con menos presi\u00f3n<br \/>\nFunciona con SmartControl en pulverizadores Graco seleccionados<\/p>\n","protected":false},"excerpt":{"rendered":"<p>Roc\u00ede hasta un 50% menos de presi\u00f3n con la boquilla RAC X SwitchTip de acabado fino y baja presi\u00f3n (FF LP) 314 Reverse-A-Clean (RAC). Esta boquilla de acabado fino produce un patr\u00f3n de abanico de 6 a 8 pulg. y un orificio de 0.014 pulg. Revierta la boquilla SwitchTip para limpiar f\u00e1cilmente las obstrucciones. Para [&hellip;]<\/p>\n","protected":false},"featured_media":1381,"template":"","meta":{"_acf_changed":false,"content-type":"","_uf_show_specific_survey":0,"_uf_disable_surveys":false},"product_brand":[],"product_cat":[148,23],"product_tag":[],"class_list":{"0":"post-1424","1":"product","2":"type-product","3":"status-publish","4":"has-post-thumbnail","6":"product_cat-accesorios-para-equipos-de-pintura","7":"product_cat-pintura","9":"first","10":"instock","11":"taxable","12":"shipping-taxable","13":"purchasable","14":"product-type-simple"},"acf":[],"_links":{"self":[{"href":"https:\/\/proindesa.com\/index.php?rest_route=\/wp\/v2\/product\/1424","targetHints":{"allow":["GET"]}}],"collection":[{"href":"https:\/\/proindesa.com\/index.php?rest_route=\/wp\/v2\/product"}],"about":[{"href":"https:\/\/proindesa.com\/index.php?rest_route=\/wp\/v2\/types\/product"}],"wp:featuredmedia":[{"embeddable":true,"href":"https:\/\/proindesa.com\/index.php?rest_route=\/wp\/v2\/media\/1381"}],"wp:attachment":[{"href":"https:\/\/proindesa.com\/index.php?rest_route=%2Fwp%2Fv2%2Fmedia&parent=1424"}],"wp:term":[{"taxonomy":"product_brand","embeddable":true,"href":"https:\/\/proindesa.com\/index.php?rest_route=%2Fwp%2Fv2%2Fproduct_brand&post=1424"},{"taxonomy":"product_cat","embeddable":true,"href":"https:\/\/proindesa.com\/index.php?rest_route=%2Fwp%2Fv2%2Fproduct_cat&post=1424"},{"taxonomy":"product_tag","embeddable":true,"href":"https:\/\/proindesa.com\/index.php?rest_route=%2Fwp%2Fv2%2Fproduct_tag&post=1424"}],"curies":[{"name":"wp","href":"https:\/\/api.w.org\/{rel}","templated":true}]}}