{"id":1416,"date":"2024-07-03T19:07:50","date_gmt":"2024-07-03T17:07:50","guid":{"rendered":"http:\/\/proindesa.com\/wordpress\/tienda\/sin%20categor\u00eda\/boquilla-pintura-latex-ltx-graco-523\/"},"modified":"2025-08-22T18:09:40","modified_gmt":"2025-08-23T00:09:40","slug":"boquilla-pintura-latex-ltx-graco-523","status":"publish","type":"product","link":"https:\/\/proindesa.com\/?product=boquilla-pintura-latex-ltx-graco-523","title":{"rendered":"Boquilla pintura latex ltx graco 523"},"content":{"rendered":"<p>La SwitchTip Reverse-A-Clean (RAC) 523 RAC X produce un ventilador de 10 a 12 pulgadas y tiene un orificio de 0,023 pulgadas. Invierta el SwitchTip para eliminar f\u00e1cilmente las obstrucciones.<\/p>\n<p><strong>Utilizado para aplicaciones residenciales, comerciales o industriales.<\/strong><\/p>\n<ul>\n<li>El mejor consejo del mercado<\/li>\n<li>Patr\u00f3n de abanico m\u00e1s duradero<\/li>\n<li>Acabado de la m\u00e1s alta calidad con un patr\u00f3n de pulverizaci\u00f3n consistente<\/li>\n<li>Tama\u00f1o de punta f\u00e1cil de identificar<\/li>\n<li>Los n\u00fameros grandes del tama\u00f1o de la punta en relieve siempre son legibles, incluso cuando est\u00e1n cubiertos con pintura.<\/li>\n<li>Dise\u00f1o de punta superior<\/li>\n<li>La pesta\u00f1a de bloqueo garantiza que la punta se mantenga protegida de forma segura<\/li>\n<li>Coloca la punta en posici\u00f3n de pulverizaci\u00f3n o inversa.<\/li>\n<li>La junta de punta OneSeal se instala sin herramientas<\/li>\n<li>Sello solvente disponible cuando se usan solventes extremadamente calientes<\/li>\n<\/ul>\n","protected":false},"excerpt":{"rendered":"<p>La SwitchTip Reverse-A-Clean (RAC) 523 RAC X produce un ventilador de 10 a 12 pulgadas y tiene un orificio de 0,023 pulgadas. Invierta el SwitchTip para eliminar f\u00e1cilmente las obstrucciones. Utilizado para aplicaciones residenciales, comerciales o industriales. El mejor consejo del mercado Patr\u00f3n de abanico m\u00e1s duradero Acabado de la m\u00e1s alta calidad con un [&hellip;]<\/p>\n","protected":false},"featured_media":1376,"template":"","meta":{"_acf_changed":false,"content-type":"","_uf_show_specific_survey":0,"_uf_disable_surveys":false},"product_brand":[],"product_cat":[148,23],"product_tag":[101],"class_list":{"0":"post-1416","1":"product","2":"type-product","3":"status-publish","4":"has-post-thumbnail","6":"product_cat-accesorios-para-equipos-de-pintura","7":"product_cat-pintura","8":"product_tag-sin-precio","10":"first","11":"instock","12":"taxable","13":"shipping-taxable","14":"purchasable","15":"product-type-simple"},"acf":[],"_links":{"self":[{"href":"https:\/\/proindesa.com\/index.php?rest_route=\/wp\/v2\/product\/1416","targetHints":{"allow":["GET"]}}],"collection":[{"href":"https:\/\/proindesa.com\/index.php?rest_route=\/wp\/v2\/product"}],"about":[{"href":"https:\/\/proindesa.com\/index.php?rest_route=\/wp\/v2\/types\/product"}],"wp:featuredmedia":[{"embeddable":true,"href":"https:\/\/proindesa.com\/index.php?rest_route=\/wp\/v2\/media\/1376"}],"wp:attachment":[{"href":"https:\/\/proindesa.com\/index.php?rest_route=%2Fwp%2Fv2%2Fmedia&parent=1416"}],"wp:term":[{"taxonomy":"product_brand","embeddable":true,"href":"https:\/\/proindesa.com\/index.php?rest_route=%2Fwp%2Fv2%2Fproduct_brand&post=1416"},{"taxonomy":"product_cat","embeddable":true,"href":"https:\/\/proindesa.com\/index.php?rest_route=%2Fwp%2Fv2%2Fproduct_cat&post=1416"},{"taxonomy":"product_tag","embeddable":true,"href":"https:\/\/proindesa.com\/index.php?rest_route=%2Fwp%2Fv2%2Fproduct_tag&post=1416"}],"curies":[{"name":"wp","href":"https:\/\/api.w.org\/{rel}","templated":true}]}}