{"id":1415,"date":"2024-07-03T19:07:50","date_gmt":"2024-07-03T17:07:50","guid":{"rendered":"http:\/\/proindesa.com\/wordpress\/tienda\/sin%20categor\u00eda\/boquilla-pintura-latex-ltx-graco-521\/"},"modified":"2025-08-22T18:05:51","modified_gmt":"2025-08-23T00:05:51","slug":"boquilla-pintura-latex-ltx-graco-521","status":"publish","type":"product","link":"https:\/\/proindesa.com\/?product=boquilla-pintura-latex-ltx-graco-521","title":{"rendered":"Boquilla pintura latex ltx graco 521"},"content":{"rendered":"<p>La SwitchTip RAC X 521 Reverse-A-Clean (RAC) produce un abanico de 10 a 12 pulgadas y tiene un orificio de 0.021 pulgadas. Revierta la boquilla SwitchTip para limpiar f\u00e1cilmente las obstrucciones.<\/p>\n<p><strong>Se utiliza para aplicaciones residenciales, comerciales o industriales.<\/strong><\/p>\n<ul>\n<li>El mejor consejo del mercado<\/li>\n<li>Patr\u00f3n de abanico m\u00e1s duradero<\/li>\n<li>Acabado de la m\u00e1s alta calidad con un patr\u00f3n de rociado constante<\/li>\n<li>Tama\u00f1o de la boquilla f\u00e1cil de identificar<\/li>\n<li>Los grandes n\u00fameros de tama\u00f1o de boquilla en relieve siempre son legibles\u2013 aunque est\u00e9n cubiertos con pintura<\/li>\n<li>Dise\u00f1o de boquilla superior<\/li>\n<li>La leng\u00fceta de bloqueo asegura que la boquilla permanezca segura dentro de la protecci\u00f3n<\/li>\n<li>Encaja la boquilla en la posici\u00f3n de pulverizaci\u00f3n o inversa<\/li>\n<li>La junta de la boquilla OneSeal se instala sin herramientas<\/li>\n<li>Sello para solventes disponible cuando se utilizan solventes extremadamente calientes<\/li>\n<\/ul>\n","protected":false},"excerpt":{"rendered":"<p>La SwitchTip RAC X 521 Reverse-A-Clean (RAC) produce un abanico de 10 a 12 pulgadas y tiene un orificio de 0.021 pulgadas. Revierta la boquilla SwitchTip para limpiar f\u00e1cilmente las obstrucciones. Se utiliza para aplicaciones residenciales, comerciales o industriales. El mejor consejo del mercado Patr\u00f3n de abanico m\u00e1s duradero Acabado de la m\u00e1s alta calidad [&hellip;]<\/p>\n","protected":false},"featured_media":1376,"template":"","meta":{"_acf_changed":false,"content-type":"","_uf_show_specific_survey":0,"_uf_disable_surveys":false},"product_brand":[],"product_cat":[148,23],"product_tag":[101],"class_list":{"0":"post-1415","1":"product","2":"type-product","3":"status-publish","4":"has-post-thumbnail","6":"product_cat-accesorios-para-equipos-de-pintura","7":"product_cat-pintura","8":"product_tag-sin-precio","10":"first","11":"instock","12":"taxable","13":"shipping-taxable","14":"purchasable","15":"product-type-simple"},"acf":[],"_links":{"self":[{"href":"https:\/\/proindesa.com\/index.php?rest_route=\/wp\/v2\/product\/1415","targetHints":{"allow":["GET"]}}],"collection":[{"href":"https:\/\/proindesa.com\/index.php?rest_route=\/wp\/v2\/product"}],"about":[{"href":"https:\/\/proindesa.com\/index.php?rest_route=\/wp\/v2\/types\/product"}],"wp:featuredmedia":[{"embeddable":true,"href":"https:\/\/proindesa.com\/index.php?rest_route=\/wp\/v2\/media\/1376"}],"wp:attachment":[{"href":"https:\/\/proindesa.com\/index.php?rest_route=%2Fwp%2Fv2%2Fmedia&parent=1415"}],"wp:term":[{"taxonomy":"product_brand","embeddable":true,"href":"https:\/\/proindesa.com\/index.php?rest_route=%2Fwp%2Fv2%2Fproduct_brand&post=1415"},{"taxonomy":"product_cat","embeddable":true,"href":"https:\/\/proindesa.com\/index.php?rest_route=%2Fwp%2Fv2%2Fproduct_cat&post=1415"},{"taxonomy":"product_tag","embeddable":true,"href":"https:\/\/proindesa.com\/index.php?rest_route=%2Fwp%2Fv2%2Fproduct_tag&post=1415"}],"curies":[{"name":"wp","href":"https:\/\/api.w.org\/{rel}","templated":true}]}}