{"id":1413,"date":"2024-07-03T19:07:50","date_gmt":"2024-07-03T17:07:50","guid":{"rendered":"http:\/\/proindesa.com\/wordpress\/tienda\/sin%20categor\u00eda\/manguera-graco-blue-max-airless-contractor-1-4x-50\/"},"modified":"2025-08-13T18:45:10","modified_gmt":"2025-08-13T16:45:10","slug":"manguera-graco-blue-max-airless-contractor-1-4x-50","status":"publish","type":"product","link":"https:\/\/proindesa.com\/?product=manguera-graco-blue-max-airless-contractor-1-4x-50","title":{"rendered":"Manguera graco blue max airless contractor 1\/4x 50"},"content":{"rendered":"<p>Para maximizar el rendimiento, elija la manguera sin aire de alto rendimiento BlueMax II. Con una gran flexibilidad y durabilidad, BlueMax II le permite obtener los mejores resultados de su pulverizador sin aire.<\/p>\n<p><strong>Peso m\u00e1s ligero<\/strong><br \/>\nM\u00e1s de un 10% m\u00e1s liviano y una mayor flexibilidad de la manguera mejoran bajo presi\u00f3n<br \/>\nMayores est\u00e1ndares de seguridad<\/p>\n<p><strong>Manguera con m\u00ednima memoria de enrollado<\/strong><br \/>\nLa manguera BlueMax II tiene la m\u00e1xima flexibilidad y la m\u00ednima memoria enrollada para brindar la mayor facilidad de uso durante el enrollado y desenrolladoEl n\u00facleo conductivo cumple con los mayores est\u00e1ndares de seguridad a nivel mundial a diferencia de los dise\u00f1os de manguera con cable a tierra de la competencia<\/p>\n<p><strong>Resistente a la corrosi\u00f3n<\/strong><br \/>\nLas guardas de resorte galvanizadas son m\u00e1s resistentes a la corrosi\u00f3n<\/p>\n","protected":false},"excerpt":{"rendered":"<p>Para maximizar el rendimiento, elija la manguera sin aire de alto rendimiento BlueMax II. Con una gran flexibilidad y durabilidad, BlueMax II le permite obtener los mejores resultados de su pulverizador sin aire. Peso m\u00e1s ligero M\u00e1s de un 10% m\u00e1s liviano y una mayor flexibilidad de la manguera mejoran bajo presi\u00f3n Mayores est\u00e1ndares de [&hellip;]<\/p>\n","protected":false},"featured_media":1374,"template":"","meta":{"_acf_changed":false,"content-type":"","_uf_show_specific_survey":0,"_uf_disable_surveys":false},"product_brand":[],"product_cat":[23],"product_tag":[],"class_list":{"0":"post-1413","1":"product","2":"type-product","3":"status-publish","4":"has-post-thumbnail","6":"product_cat-pintura","8":"first","9":"instock","10":"taxable","11":"shipping-taxable","12":"purchasable","13":"product-type-simple"},"acf":[],"_links":{"self":[{"href":"https:\/\/proindesa.com\/index.php?rest_route=\/wp\/v2\/product\/1413","targetHints":{"allow":["GET"]}}],"collection":[{"href":"https:\/\/proindesa.com\/index.php?rest_route=\/wp\/v2\/product"}],"about":[{"href":"https:\/\/proindesa.com\/index.php?rest_route=\/wp\/v2\/types\/product"}],"wp:featuredmedia":[{"embeddable":true,"href":"https:\/\/proindesa.com\/index.php?rest_route=\/wp\/v2\/media\/1374"}],"wp:attachment":[{"href":"https:\/\/proindesa.com\/index.php?rest_route=%2Fwp%2Fv2%2Fmedia&parent=1413"}],"wp:term":[{"taxonomy":"product_brand","embeddable":true,"href":"https:\/\/proindesa.com\/index.php?rest_route=%2Fwp%2Fv2%2Fproduct_brand&post=1413"},{"taxonomy":"product_cat","embeddable":true,"href":"https:\/\/proindesa.com\/index.php?rest_route=%2Fwp%2Fv2%2Fproduct_cat&post=1413"},{"taxonomy":"product_tag","embeddable":true,"href":"https:\/\/proindesa.com\/index.php?rest_route=%2Fwp%2Fv2%2Fproduct_tag&post=1413"}],"curies":[{"name":"wp","href":"https:\/\/api.w.org\/{rel}","templated":true}]}}