{"id":1407,"date":"2024-07-03T19:07:50","date_gmt":"2024-07-03T17:07:50","guid":{"rendered":"http:\/\/proindesa.com\/wordpress\/tienda\/sin%20categor\u00eda\/equipo-pintura-airless-ultra-max-ii-490-graco\/"},"modified":"2025-08-13T18:45:08","modified_gmt":"2025-08-13T16:45:08","slug":"equipo-pintura-airless-ultra-max-ii-490-graco","status":"publish","type":"product","link":"https:\/\/proindesa.com\/?product=equipo-pintura-airless-ultra-max-ii-490-graco","title":{"rendered":"Equipo pintura airless ultra max ii 490 graco"},"content":{"rendered":"<p><span style=\"font-weight: 400;\">El Ultra Max II 495 cuenta con la tecnolog\u00eda y el rendimiento l\u00edderes de los modelos Ultra Max II m\u00e1s grandes de Graco. El Ultra Max II 495 es el pulverizador que eligen los profesionales que necesitan un pulverizador de mayor rendimiento para el uso diario en trabajos residenciales.<\/span><span style=\"font-weight: 400;\"><br \/>\n<\/span><span style=\"font-weight: 400;\">\u00a1Hace que pulverizar sea m\u00e1s r\u00e1pido y f\u00e1cil! Carro Ultra Max TiltBack<\/span><\/p>\n<p><span style=\"font-weight: 400;\">Bomba Endurance\u2122 de resistencia probada para una vida \u00fatil de la bomba excepcional con v\u00e1lvula de admisi\u00f3n QuikAccess\u2122 para limpiar o eliminar residuos con facilidad.<\/span><span style=\"font-weight: 400;\"><br \/>\n<\/span><span style=\"font-weight: 400;\">Control de presi\u00f3n. SmartControl\u2122 2.0 \u2013 el control por microprocesador avanzado entrega un abanico de pulverizaci\u00f3n constante en todas las presiones de pulverizaci\u00f3n.<\/span><span style=\"font-weight: 400;\"><br \/>\n<\/span><span style=\"font-weight: 400;\">Motor DC sin escobillas exclusivo \u2013 entrega una mayor potencia por amperaje consumido.<\/span><span style=\"font-weight: 400;\"><br \/>\n<\/span><span style=\"font-weight: 400;\">Carro Hi-Boy de acero soldado, cromado, con dise\u00f1o TiltBack\u2122 \u2013 resiste ambientes hostiles.<\/span><span style=\"font-weight: 400;\"><br \/>\n<\/span><span style=\"font-weight: 400;\">Filtro de bomba Easy Out\u2122 \u2013 reduce las obstrucciones de la punta y asegura un acabado de calidad.<\/span><\/p>\n<p><strong>Contractor Gun Hose Kit<\/strong><span style=\"font-weight: 400;\"><br \/>\n<\/span><span style=\"font-weight: 400;\">Las unidades incluyen:<\/span><span style=\"font-weight: 400;\"><br \/>\n<\/span><span style=\"font-weight: 400;\">Pistola Contractor<\/span><span style=\"font-weight: 400;\"><br \/>\n<\/span><span style=\"font-weight: 400;\">Tama\u00f1o m\u00e1ximo de boquilla: 0.025<\/span><span style=\"font-weight: 400;\"><br \/>\n<\/span><\/p>\n<p><span style=\"font-weight: 400;\">Presi\u00f3n m\u00e1xima: 3,300 psi<\/span><span style=\"font-weight: 400;\"><br \/>\n<\/span><span style=\"font-weight: 400;\">Flujo: 0.54 galones por minuto<\/span><span style=\"font-weight: 400;\"><br \/>\n<\/span><span style=\"font-weight: 400;\">Motor: 1hp sin escobillas DC<\/span><span style=\"font-weight: 400;\"><br \/>\n<\/span><span style=\"font-weight: 400;\">Peso: 34 lbs.<\/span><span style=\"font-weight: 400;\"><br \/>\n<\/span><span style=\"font-weight: 400;\">Boquilla de giro SwitchTip y portaboquillas RAC X 517<\/span><span style=\"font-weight: 400;\"><br \/>\n<\/span><span style=\"font-weight: 400;\">Manguera sin aire BlueMax II de 1\/4 pulg. x 50 pies (6,4 mm x 15 m)<\/span><span style=\"font-weight: 400;\"><br \/>\n<\/span><span style=\"font-weight: 400;\">Disponibles modelos con soporte, Lo-Boy y Hi-Boy<\/span><span style=\"font-weight: 400;\"><br \/>\n<\/span><span style=\"font-weight: 400;\">Cuenta con el nuevo sistema Blue Link de Graco<\/span><\/p>\n<p><span style=\"font-weight: 400;\">Rastree todos sus equipos con el nuevo sistema Blue Link.<\/span><span style=\"font-weight: 400;\"><br \/>\n<\/span><span style=\"font-weight: 400;\">Rastree la ubicaci\u00f3n de cada equipo, tanto la ubicaci\u00f3n exacta como la productividad.<\/span><span style=\"font-weight: 400;\"><br \/>\n<\/span><span style=\"font-weight: 400;\">Conozca el progreso de cada trabajo \u2013 productividad y reportes en d\u00f3nde sea.<\/span><span style=\"font-weight: 400;\"><br \/>\n<\/span><span style=\"font-weight: 400;\">Maximice la disponibilidad del equipo \u2013 establezca programaci\u00f3n de mantenimiento, alertas y notas en el lugar de trabajo.<\/span><span style=\"font-weight: 400;\"><br \/>\n<\/span><span style=\"font-weight: 400;\">ProConnect<\/span><span style=\"font-weight: 400;\"><br \/>\n<\/span><span style=\"font-weight: 400;\">Sistema de reemplazo de la bomba r\u00e1pido y f\u00e1cil en el trabajo.<\/span><span style=\"font-weight: 400;\"><br \/>\n<\/span><span style=\"font-weight: 400;\">Reemplaza en el trabajo en 1 minuto en 3 simples pasos.<\/span><span style=\"font-weight: 400;\"><br \/>\n<\/span><span style=\"font-weight: 400;\">Tama\u00f1o m\u00e1ximo de boquilla: 0.023<\/span><\/p>\n<p><strong>Motor MaxPower<\/strong><span style=\"font-weight: 400;\"><br \/>\n<\/span><span style=\"font-weight: 400;\">Los motores de CC sin escobillas compactos y potentes de Graco est\u00e1n dise\u00f1ados para producir la mayor cantidad de potencia posible para todas las aplicaciones de pintura.<\/span><span style=\"font-weight: 400;\"><br \/>\n<\/span><span style=\"font-weight: 400;\">Mayor par motor = Mayor cantidad de trabajos terminados.<\/span><\/p>\n<p><span style=\"font-weight: 400;\">El dise\u00f1o totalmente cerrado y refrigerado por ventilador protege los componentes internos del motor de la suciedad, el polvo y el exceso de pulverizaci\u00f3n.<\/span><span style=\"font-weight: 400;\"><br \/>\n<\/span><span style=\"font-weight: 400;\">El dise\u00f1o sin escobillas implica que nunca tendr\u00e1 que reemplazarlas.<\/span><span style=\"font-weight: 400;\"><br \/>\n<\/span><span style=\"font-weight: 400;\">Los motores de corriente continua son m\u00e1s tolerantes a la fluctuaci\u00f3n del voltaje y pueden funcionar con cables de alimentaci\u00f3n m\u00e1s largos.<\/span><span style=\"font-weight: 400;\"><br \/>\n<\/span><span style=\"font-weight: 400;\">Entrega m\u00e1xima de producto: 2.0 llm<\/span><span style=\"font-weight: 400;\"><br \/>\n<\/span><\/p>\n<p><strong>Bomba Endurance<\/strong><span style=\"font-weight: 400;\"><br \/>\n<\/span><span style=\"font-weight: 400;\">La bomba m\u00e1s confiable en el mercado actual dura 2 veces m\u00e1s que la siguiente marca l\u00edder.<\/span><span style=\"font-weight: 400;\"><br \/>\n<\/span><span style=\"font-weight: 400;\">Empaquetaduras V-Max Blue de larga duraci\u00f3n, varilla Chromex y cilindro de acero inoxidable templado.<\/span><span style=\"font-weight: 400;\"><br \/>\n<\/span><span style=\"font-weight: 400;\">V\u00e1lvula de admisi\u00f3n QuikAccess para una r\u00e1pida limpieza o remoci\u00f3n de desechos.<\/span><\/p>\n<p><strong>Filtro de bomba Easy Out<\/strong><span style=\"font-weight: 400;\"><br \/>\n<\/span><span style=\"font-weight: 400;\">El dise\u00f1o vertical ayuda a eliminar derrames.<\/span><span style=\"font-weight: 400;\"><br \/>\n<\/span><span style=\"font-weight: 400;\">Filtra desde adentro hacia afuera y no colapsar\u00e1.<\/span><span style=\"font-weight: 400;\"><br \/>\n<\/span><span style=\"font-weight: 400;\">Amplia zona de filtrado de 7,8 pulgadas cuadradas que reduce obstrucciones en la boquilla.<\/span><span style=\"font-weight: 400;\"><br \/>\n<\/span><span style=\"font-weight: 400;\">El dise\u00f1o de flujo continuo se limpia con solo unos pocos galones.<\/span><\/p>\n","protected":false},"excerpt":{"rendered":"<p>El Ultra Max II 495 cuenta con la tecnolog\u00eda y el rendimiento l\u00edderes de los modelos Ultra Max II m\u00e1s grandes de Graco. El Ultra Max II 495 es el pulverizador que eligen los profesionales que necesitan un pulverizador de mayor rendimiento para el uso diario en trabajos residenciales. \u00a1Hace que pulverizar sea m\u00e1s r\u00e1pido [&hellip;]<\/p>\n","protected":false},"featured_media":1368,"template":"","meta":{"_acf_changed":false,"content-type":"","_uf_show_specific_survey":0,"_uf_disable_surveys":false},"product_brand":[],"product_cat":[93,23,76],"product_tag":[],"class_list":{"0":"post-1407","1":"product","2":"type-product","3":"status-publish","4":"has-post-thumbnail","6":"product_cat-arquitectonica","7":"product_cat-pintura","8":"product_cat-pintura-liquida","10":"first","11":"instock","12":"taxable","13":"shipping-taxable","14":"purchasable","15":"product-type-simple"},"acf":[],"_links":{"self":[{"href":"https:\/\/proindesa.com\/index.php?rest_route=\/wp\/v2\/product\/1407","targetHints":{"allow":["GET"]}}],"collection":[{"href":"https:\/\/proindesa.com\/index.php?rest_route=\/wp\/v2\/product"}],"about":[{"href":"https:\/\/proindesa.com\/index.php?rest_route=\/wp\/v2\/types\/product"}],"wp:featuredmedia":[{"embeddable":true,"href":"https:\/\/proindesa.com\/index.php?rest_route=\/wp\/v2\/media\/1368"}],"wp:attachment":[{"href":"https:\/\/proindesa.com\/index.php?rest_route=%2Fwp%2Fv2%2Fmedia&parent=1407"}],"wp:term":[{"taxonomy":"product_brand","embeddable":true,"href":"https:\/\/proindesa.com\/index.php?rest_route=%2Fwp%2Fv2%2Fproduct_brand&post=1407"},{"taxonomy":"product_cat","embeddable":true,"href":"https:\/\/proindesa.com\/index.php?rest_route=%2Fwp%2Fv2%2Fproduct_cat&post=1407"},{"taxonomy":"product_tag","embeddable":true,"href":"https:\/\/proindesa.com\/index.php?rest_route=%2Fwp%2Fv2%2Fproduct_tag&post=1407"}],"curies":[{"name":"wp","href":"https:\/\/api.w.org\/{rel}","templated":true}]}}