{"id":1406,"date":"2024-07-03T19:07:49","date_gmt":"2024-07-03T17:07:49","guid":{"rendered":"http:\/\/proindesa.com\/wordpress\/tienda\/sin%20categor\u00eda\/boquilla-baja-presion-graco-rac-x-lp-521\/"},"modified":"2025-08-22T18:09:40","modified_gmt":"2025-08-23T00:09:40","slug":"boquilla-baja-presion-graco-rac-x-lp-521","status":"publish","type":"product","link":"https:\/\/proindesa.com\/?product=boquilla-baja-presion-graco-rac-x-lp-521","title":{"rendered":"Boquilla baja presion graco rac x lp 521"},"content":{"rendered":"<p>Roc\u00ede hasta un 50% menos de presi\u00f3n con la boquilla SwitchTip RAC X de baja presi\u00f3n (LP) 521 Reverse-A-Clean (RAC). Esta boquilla de baja presi\u00f3n y alta producci\u00f3n produce un patr\u00f3n de abanico de 10 a 12 pulg. y un orificio de 0.021 pulg. Revierta la boquilla SwitchTip para limpiar f\u00e1cilmente las obstrucciones.<\/p>\n<p><strong>Para grandes superficies como paredes, techos y suelos<\/strong><\/p>\n<ul>\n<li>Menos tiempo de preparaci\u00f3n y limpieza<\/li>\n<li>Menos desorden con menos exceso de pulverizaci\u00f3n<\/li>\n<li>Ponga la pintura donde desee<\/li>\n<li>La superposici\u00f3n de patrones m\u00e1s f\u00e1cil<\/li>\n<li>Patr\u00f3n de abanico de pulverizaci\u00f3n m\u00e1s suave<\/li>\n<li>F\u00e1cil de aplicar cualquier material a cualquier superficie<\/li>\n<li>Calidad de acabado uniforme y homog\u00e9nea<\/li>\n<li>Vida extendida<\/li>\n<li>Pulverizar a la mitad de la presi\u00f3n duplica la vida \u00fatil de la boquilla<\/li>\n<li>Mantenimiento reducido del pulverizador: hasta 2 veces m\u00e1s vida \u00fatil<\/li>\n<li>Tecnolog\u00eda SmartTip<\/li>\n<li>Geometr\u00eda de boquilla interna exclusiva<\/li>\n<li>Reduce la energ\u00eda necesaria para atomizar pinturas, tintes y otros materiales<\/li>\n<li>Ofrece un acabado superior con menos presi\u00f3n<\/li>\n<li>Funciona con SmartControl en pulverizadores Graco seleccionados<\/li>\n<\/ul>\n","protected":false},"excerpt":{"rendered":"<p>Roc\u00ede hasta un 50% menos de presi\u00f3n con la boquilla SwitchTip RAC X de baja presi\u00f3n (LP) 521 Reverse-A-Clean (RAC). Esta boquilla de baja presi\u00f3n y alta producci\u00f3n produce un patr\u00f3n de abanico de 10 a 12 pulg. y un orificio de 0.021 pulg. Revierta la boquilla SwitchTip para limpiar f\u00e1cilmente las obstrucciones. Para grandes [&hellip;]<\/p>\n","protected":false},"featured_media":1367,"template":"","meta":{"_acf_changed":false,"content-type":"","_uf_show_specific_survey":0,"_uf_disable_surveys":false},"product_brand":[],"product_cat":[148,23],"product_tag":[101],"class_list":{"0":"post-1406","1":"product","2":"type-product","3":"status-publish","4":"has-post-thumbnail","6":"product_cat-accesorios-para-equipos-de-pintura","7":"product_cat-pintura","8":"product_tag-sin-precio","10":"first","11":"instock","12":"taxable","13":"shipping-taxable","14":"purchasable","15":"product-type-simple"},"acf":[],"_links":{"self":[{"href":"https:\/\/proindesa.com\/index.php?rest_route=\/wp\/v2\/product\/1406","targetHints":{"allow":["GET"]}}],"collection":[{"href":"https:\/\/proindesa.com\/index.php?rest_route=\/wp\/v2\/product"}],"about":[{"href":"https:\/\/proindesa.com\/index.php?rest_route=\/wp\/v2\/types\/product"}],"wp:featuredmedia":[{"embeddable":true,"href":"https:\/\/proindesa.com\/index.php?rest_route=\/wp\/v2\/media\/1367"}],"wp:attachment":[{"href":"https:\/\/proindesa.com\/index.php?rest_route=%2Fwp%2Fv2%2Fmedia&parent=1406"}],"wp:term":[{"taxonomy":"product_brand","embeddable":true,"href":"https:\/\/proindesa.com\/index.php?rest_route=%2Fwp%2Fv2%2Fproduct_brand&post=1406"},{"taxonomy":"product_cat","embeddable":true,"href":"https:\/\/proindesa.com\/index.php?rest_route=%2Fwp%2Fv2%2Fproduct_cat&post=1406"},{"taxonomy":"product_tag","embeddable":true,"href":"https:\/\/proindesa.com\/index.php?rest_route=%2Fwp%2Fv2%2Fproduct_tag&post=1406"}],"curies":[{"name":"wp","href":"https:\/\/api.w.org\/{rel}","templated":true}]}}