{"id":1404,"date":"2024-07-03T19:07:49","date_gmt":"2024-07-03T17:07:49","guid":{"rendered":"http:\/\/proindesa.com\/wordpress\/tienda\/sin%20categor\u00eda\/equipo-de-pintura-graco-airless-190\/"},"modified":"2025-08-13T18:45:07","modified_gmt":"2025-08-13T16:45:07","slug":"equipo-de-pintura-graco-airless-190","status":"publish","type":"product","link":"https:\/\/proindesa.com\/?product=equipo-de-pintura-graco-airless-190","title":{"rendered":"Equipo de pintura graco airless 190 pc express"},"content":{"rendered":"<p>El Graco 190 PC es el equipo de entrada para el mundo de aplicaci\u00f3n airless en pinturas livianas.<br \/>\nDise\u00f1ado para el pintor que busca aumentar su productividad.<br \/>\nCon el sistema de recambio f\u00e1cil de bomba, disminuyen los tiempos muertos de trabajo.<\/p>\n<p><strong>Ventajas principales<\/strong><br \/>\nEquipo profesional marca Graco.<br \/>\nAumenta su producci\u00f3n entre 4 y 6 veces m\u00e1s que con brocha y rodillo.<br \/>\nMotor el\u00e9ctrico de 110 V que se conecta directo a la red domiciliaria, no necesita compresor de aire.<br \/>\nBomba de pist\u00f3n Pro Connect de acero inoxidable y recambio r\u00e1pido, con entrega de 1,4 lpm que permite alimentar una boquilla de hasta 0,019\u201d, suficiente para atomizar la mayor\u00eda de las pinturas que usa el pintor profesional domiciliario.<\/p>\n<p><strong>ESPECIFICACIONES T\u00c9CNICAS<\/strong><br \/>\n<strong>Incluye:<\/strong><br \/>\nPistola SG2, manguera de \u00bc x 7.5m, boquilla 515 y portaboquilla Reverse-A-CleanRAC V<br \/>\nMateriales recomendados: L\u00e1tex \u2022 Acr\u00edlicos \u2022 Esmaltes \u2022 Lacas \u2022 Barnices.<br \/>\nCaballos del Motor: 5\/8 HP<br \/>\nPresi\u00f3n m\u00e1xima: 3000 psi<br \/>\nPeso: 12 kg<br \/>\nGarant\u00eda: 1 a\u00f1o<br \/>\nSalida de fluido: 1\/4 in npsm<br \/>\nM\u00e1ximo de boquilla: 0.019\u2033<br \/>\nPotencia de sonido: 100 dBa<\/p>\n","protected":false},"excerpt":{"rendered":"<p>El Graco 190 PC es el equipo de entrada para el mundo de aplicaci\u00f3n airless en pinturas livianas. Dise\u00f1ado para el pintor que busca aumentar su productividad. Con el sistema de recambio f\u00e1cil de bomba, disminuyen los tiempos muertos de trabajo. Ventajas principales Equipo profesional marca Graco. Aumenta su producci\u00f3n entre 4 y 6 veces [&hellip;]<\/p>\n","protected":false},"featured_media":1365,"template":"","meta":{"_acf_changed":false,"content-type":"","_uf_show_specific_survey":0,"_uf_disable_surveys":false},"product_brand":[],"product_cat":[93,75,23,76],"product_tag":[38],"class_list":{"0":"post-1404","1":"product","2":"type-product","3":"status-publish","4":"has-post-thumbnail","6":"product_cat-arquitectonica","7":"product_cat-equipos-para-pintura","8":"product_cat-pintura","9":"product_cat-pintura-liquida","10":"product_tag-graco","12":"first","13":"instock","14":"taxable","15":"shipping-taxable","16":"purchasable","17":"product-type-simple"},"acf":[],"_links":{"self":[{"href":"https:\/\/proindesa.com\/index.php?rest_route=\/wp\/v2\/product\/1404","targetHints":{"allow":["GET"]}}],"collection":[{"href":"https:\/\/proindesa.com\/index.php?rest_route=\/wp\/v2\/product"}],"about":[{"href":"https:\/\/proindesa.com\/index.php?rest_route=\/wp\/v2\/types\/product"}],"wp:featuredmedia":[{"embeddable":true,"href":"https:\/\/proindesa.com\/index.php?rest_route=\/wp\/v2\/media\/1365"}],"wp:attachment":[{"href":"https:\/\/proindesa.com\/index.php?rest_route=%2Fwp%2Fv2%2Fmedia&parent=1404"}],"wp:term":[{"taxonomy":"product_brand","embeddable":true,"href":"https:\/\/proindesa.com\/index.php?rest_route=%2Fwp%2Fv2%2Fproduct_brand&post=1404"},{"taxonomy":"product_cat","embeddable":true,"href":"https:\/\/proindesa.com\/index.php?rest_route=%2Fwp%2Fv2%2Fproduct_cat&post=1404"},{"taxonomy":"product_tag","embeddable":true,"href":"https:\/\/proindesa.com\/index.php?rest_route=%2Fwp%2Fv2%2Fproduct_tag&post=1404"}],"curies":[{"name":"wp","href":"https:\/\/api.w.org\/{rel}","templated":true}]}}