{"id":1403,"date":"2024-07-03T19:07:49","date_gmt":"2024-07-03T17:07:49","guid":{"rendered":"http:\/\/proindesa.com\/wordpress\/tienda\/sin%20categor\u00eda\/equipo-de-pintura-graco-airless-390\/"},"modified":"2025-08-22T17:04:17","modified_gmt":"2025-08-22T23:04:17","slug":"equipo-de-pintura-graco-airless-390","status":"publish","type":"product","link":"https:\/\/proindesa.com\/?product=equipo-de-pintura-graco-airless-390","title":{"rendered":"Equipo de pintura graco airless 390"},"content":{"rendered":"<h4><span style=\"color: #ff0000;\"><a style=\"color: #ff0000;\" href=\"https:\/\/proindesa.com\/wp-content\/uploads\/2024\/07\/344458ESLA-2.pdf&quot; title=&quot;Catalogo de equipos Airless Graco 344458ESLA-2\">Descargue el catalogo en PDF<\/a><\/span><\/h4>\n<p>El Equipo Airless, Graco Modelo <strong>390<\/strong> es una herramienta robusta y confiable, dise\u00f1ada especialmente para profesionales que est\u00e1n comenzando en el campo. Su dise\u00f1o ligero y port\u00e1til lo convierte en un equipo f\u00e1cil de levantar y transportar, ideal para trabajar en diferentes ubicaciones.<\/p>\n<p>Este rociador el\u00e9ctrico es perfecto para proyectos residenciales, destac\u00e1ndose como la mejor opci\u00f3n en su categor\u00eda. Si buscas un equipo eficiente y manejable para trabajos de menor escala.<\/p>\n<ul class=\"splitColumns\">\n<li><strong>Duradera bomba de pist\u00f3n Endurance Chromex de Graco<\/strong>\n<ul>\n<li>Dura 2 veces m\u00e1s que la siguiente marca l\u00edder<\/li>\n<li>Empaques V-Max Blue de larga duraci\u00f3n, v\u00e1stago con Chromex y cilindro de acero inoxidable templado<\/li>\n<li>Limpieza m\u00e1s r\u00e1pida con la v\u00e1lvula de entrada QuikAccess<\/li>\n<\/ul>\n<\/li>\n<li><strong>Impulsor Advantage<\/strong>\n<ul>\n<li>El impulsor m\u00e1s duradero<\/li>\n<li>Los engranajes de acero templado brindan un funcionamiento extremadamente silencioso y una garant\u00eda de por vida<\/li>\n<\/ul>\n<\/li>\n<li><strong>Sistema de reemplazo de bomba de una pieza ProConnect<\/strong>\n<ul>\n<li>Elimina el costoso tiempo de inactividad<\/li>\n<li>La bomba se cambia en minutos, sin herramientas, pasadores ni piezas que perder<\/li>\n<\/ul>\n<\/li>\n<li><strong>Filtro de bomba Easy Out<\/strong>\n<ul>\n<li>F\u00e1cil mantenimiento y menos obstrucciones<\/li>\n<li>El exclusivo proceso de filtrado de adentro hacia afuera garantiza un acabado de calidad<\/li>\n<\/ul>\n<\/li>\n<li><strong>Robusta estructura de acero<\/strong>\n<ul>\n<li>Cromo grueso sobre acero soporta entornos dif\u00edciles<\/li>\n<li>El soporte de 4 patas proporciona una mayor estabilidad.<\/li>\n<\/ul>\n<\/li>\n<li><strong>Control de presi\u00f3n variable<\/strong>\n<ul>\n<li>El indicador de posici\u00f3n permite un ajuste repetible<\/li>\n<\/ul>\n<\/li>\n<li><strong>Manguera de succi\u00f3n de entrada giratoria<\/strong>\n<ul>\n<li>Llega f\u00e1cilmente a los baldes de pintura<\/li>\n<\/ul>\n<\/li>\n<li><strong>Pistola de pulverizaci\u00f3n Airless sin aire Contractor FTx<\/strong>\n<ul>\n<li>Caracter\u00edsticas est\u00e1ndar<\/li>\n<li>Opci\u00f3n econ\u00f3mica para el uso diario<\/li>\n<\/ul>\n<\/li>\n<\/ul>\n<p><!--more--><\/p>\n<table id=\"table-specifications\" class=\"table table--convertible table-striped metric is-expanded\">\n<tbody class=\"converted-value\">\n<tr>\n<th scope=\"row\">Altura total (cm)<\/th>\n<td class=\"text-align--right\"><strong>47<\/strong><\/td>\n<\/tr>\n<tr>\n<th scope=\"row\">Altura total (mm)<\/th>\n<td class=\"text-align--right\"><strong>470<\/strong><\/td>\n<\/tr>\n<tr>\n<th scope=\"row\">Ancho total (cm)<\/th>\n<td class=\"text-align--right\"><strong>35.6<\/strong><\/td>\n<\/tr>\n<tr>\n<th scope=\"row\">Ancho total (mm)<\/th>\n<td class=\"text-align--right\"><strong>356<\/strong><\/td>\n<\/tr>\n<tr>\n<th scope=\"row\">Bomba de remplazo compatible<\/th>\n<td class=\"text-align--right\"><strong>17C487<\/strong><\/td>\n<\/tr>\n<tr>\n<th scope=\"row\">Caracter\u00edsticas<\/th>\n<td class=\"text-align--right\"><strong>Bomba Endurance Chromex, Advantage Drive, ProConnect, Filtro Easy Out<\/strong><\/td>\n<\/tr>\n<tr>\n<th scope=\"row\">Caudal m\u00e1ximo (L\/min)<\/th>\n<td class=\"text-align--right\"><strong>1,8<\/strong><\/td>\n<\/tr>\n<tr>\n<th scope=\"row\">Ciclos por gal\u00f3n<\/th>\n<td class=\"text-align--right\"><strong>700<\/strong><\/td>\n<\/tr>\n<tr>\n<th scope=\"row\">Configuraci\u00f3n del marco<\/th>\n<td class=\"text-align--right\"><strong>Soporte<\/strong><\/td>\n<\/tr>\n<tr>\n<th scope=\"row\">Fase<\/th>\n<td class=\"text-align--right\"><strong>1<\/strong><\/td>\n<\/tr>\n<tr class=\"expandable-table-row\">\n<th scope=\"row\">Filtro de pintura de salida<\/th>\n<td class=\"text-align--right\"><strong>Tamices de acero inoxidable malla 60<\/strong><\/td>\n<\/tr>\n<tr class=\"expandable-table-row\">\n<th scope=\"row\">Fuente de alimentaci\u00f3n<\/th>\n<td class=\"text-align--right\"><strong>El\u00e9ctrico<\/strong><\/td>\n<\/tr>\n<tr class=\"expandable-table-row\">\n<th scope=\"row\">Incluye<\/th>\n<td class=\"text-align--right\"><strong>Pistola FTx, boquilla de pulverizaci\u00f3n RAC X LTX 515, protecci\u00f3n RAC X, manguera sin aire BlueMax II de 1\/4 pulg. x 50 pies, TSL 4 oz<\/strong><\/td>\n<\/tr>\n<tr class=\"expandable-table-row\">\n<th scope=\"row\">Longitud total (cm)<\/th>\n<td class=\"text-align--right\"><strong>40.6<\/strong><\/td>\n<\/tr>\n<tr class=\"expandable-table-row\">\n<th scope=\"row\">Longitud total (mm)<\/th>\n<td class=\"text-align--right\"><strong>406<\/strong><\/td>\n<\/tr>\n<tr class=\"expandable-table-row\">\n<th scope=\"row\">Material compatible<\/th>\n<td class=\"text-align--right\"><strong>Acr\u00edlicos, Esmalte, Laca, L\u00e1tex, Tinturas<\/strong><\/td>\n<\/tr>\n<tr class=\"expandable-table-row\">\n<th scope=\"row\">Material de la manga de la bomba<\/th>\n<td class=\"text-align--right\"><strong>Acero endurecido<\/strong><\/td>\n<\/tr>\n<tr class=\"expandable-table-row\">\n<th scope=\"row\">Materiales h\u00famedos<\/th>\n<td class=\"text-align--right\"><strong>Acetal, Aluminio, Fluoroelast\u00f3mero, Cuero, Nylon, PTFE, Polietileno, Acero inoxidable, Carburo de tungsteno, UHMWPE, Uretano, Acero al carbono galvanizado, Acero al carbono niquelado<\/strong><\/td>\n<\/tr>\n<tr class=\"expandable-table-row\">\n<th scope=\"row\">Nivel de presi\u00f3n de sonido (dBa(A))<\/th>\n<td class=\"text-align--right\"><strong>90<\/strong><\/td>\n<\/tr>\n<tr class=\"expandable-table-row\">\n<th scope=\"row\">Nivel de presi\u00f3n de sonido (dBa(A))<\/th>\n<td class=\"text-align--right\"><strong>100<\/strong><\/td>\n<\/tr>\n<tr class=\"expandable-table-row\">\n<th scope=\"row\">Nivel m\u00e1ximo de presi\u00f3n de sonido (dBa (A))<\/th>\n<td class=\"text-align--right\"><strong>90<\/strong><\/td>\n<\/tr>\n<tr class=\"expandable-table-row\">\n<th scope=\"row\">N\u00famero de pistolas<\/th>\n<td class=\"text-align--right\"><strong>1<\/strong><\/td>\n<\/tr>\n<tr class=\"expandable-table-row\">\n<th scope=\"row\">Peso (kg)<\/th>\n<td class=\"text-align--right\"><strong>15<\/strong><\/td>\n<\/tr>\n<tr class=\"expandable-table-row\">\n<th scope=\"row\">Potencia m\u00ednima del generador (W)<\/th>\n<td class=\"text-align--right\"><strong>3000<\/strong><\/td>\n<\/tr>\n<tr class=\"expandable-table-row\">\n<th scope=\"row\">Potencia nominal (W)<\/th>\n<td class=\"text-align--right\"><strong>466<\/strong><\/td>\n<\/tr>\n<tr class=\"expandable-table-row\">\n<th scope=\"row\">Potencia nominal (kW)<\/th>\n<td class=\"text-align--right\"><strong>0.47<\/strong><\/td>\n<\/tr>\n<tr class=\"expandable-table-row\">\n<th scope=\"row\">Presi\u00f3n de trabajo m\u00e1xima (MPa)<\/th>\n<td class=\"text-align--right\"><strong>22.8<\/strong><\/td>\n<\/tr>\n<tr class=\"expandable-table-row\">\n<th scope=\"row\">Presi\u00f3n de trabajo m\u00e1xima (bar)<\/th>\n<td class=\"text-align--right\"><strong>228<\/strong><\/td>\n<\/tr>\n<tr class=\"expandable-table-row\">\n<th scope=\"row\">Presi\u00f3n de trabajo m\u00e1xima (kPa)<\/th>\n<td class=\"text-align--right\"><strong>22800<\/strong><\/td>\n<\/tr>\n<tr class=\"expandable-table-row\">\n<th scope=\"row\">Serie<\/th>\n<td class=\"text-align--right\"><strong>390 PC<\/strong><\/td>\n<\/tr>\n<tr class=\"expandable-table-row\">\n<th scope=\"row\">Tama\u00f1o de la salida de fluido (mm)<\/th>\n<td class=\"text-align--right\"><strong>6.35<\/strong><\/td>\n<\/tr>\n<tr class=\"expandable-table-row\">\n<th scope=\"row\">Tama\u00f1o de la salida de fluido (pulg)<\/th>\n<td class=\"text-align--right\"><strong>1\/4<\/strong><\/td>\n<\/tr>\n<tr class=\"expandable-table-row\">\n<th scope=\"row\">Tama\u00f1o m\u00e1ximo de la boquilla (pulg)<\/th>\n<td class=\"text-align--right\"><strong>0.021<\/strong><\/td>\n<\/tr>\n<tr class=\"expandable-table-row\">\n<th scope=\"row\">Tipo<\/th>\n<td class=\"text-align--right\"><strong>Pulverizador de aire<\/strong><\/td>\n<\/tr>\n<tr class=\"expandable-table-row\">\n<th scope=\"row\">Tipo de bomba<\/th>\n<td class=\"text-align--right\"><strong>Bomba Endurance<\/strong><\/td>\n<\/tr>\n<tr class=\"expandable-table-row\">\n<th scope=\"row\">Tipo de montaje de bomba<\/th>\n<td class=\"text-align--right\"><strong>ProConnect<\/strong><\/td>\n<\/tr>\n<tr class=\"expandable-table-row\">\n<th scope=\"row\">Tipo de motor<\/th>\n<td class=\"text-align--right\"><strong>CC<\/strong><\/td>\n<\/tr>\n<tr class=\"expandable-table-row\">\n<th scope=\"row\">Tipo de rosca de la salida de fluido<\/th>\n<td class=\"text-align--right\"><strong>NPSM<\/strong><\/td>\n<\/tr>\n<tr class=\"expandable-table-row\">\n<th scope=\"row\">Tipo de varilla de la bomba<\/th>\n<td class=\"text-align--right\"><strong>Chromex<\/strong><\/td>\n<\/tr>\n<tr class=\"expandable-table-row\">\n<th scope=\"row\">Voltaje (V)<\/th>\n<td class=\"text-align--right\"><strong>120<\/strong><\/td>\n<\/tr>\n<\/tbody>\n<\/table>\n<p>&nbsp;<\/p>\n<p>&nbsp;<\/p>\n","protected":false},"excerpt":{"rendered":"<p>Descargue el catalogo en PDF El Equipo Airless, Graco Modelo 390 es una herramienta robusta y confiable, dise\u00f1ada especialmente para profesionales que est\u00e1n comenzando en el campo. Su dise\u00f1o ligero y port\u00e1til lo convierte en un equipo f\u00e1cil de levantar y transportar, ideal para trabajar en diferentes ubicaciones. Este rociador el\u00e9ctrico es perfecto para proyectos [&hellip;]<\/p>\n","protected":false},"featured_media":2589,"template":"","meta":{"_acf_changed":false,"content-type":"","_uf_show_specific_survey":0,"_uf_disable_surveys":false},"product_brand":[137],"product_cat":[93,23],"product_tag":[140,138,38,101],"class_list":{"0":"post-1403","1":"product","2":"type-product","3":"status-publish","4":"has-post-thumbnail","6":"product_brand-graco","7":"product_cat-arquitectonica","8":"product_cat-pintura","9":"product_tag-140","10":"product_tag-airless","11":"product_tag-graco","12":"product_tag-sin-precio","14":"first","15":"instock","16":"taxable","17":"shipping-taxable","18":"product-type-simple"},"acf":[],"_links":{"self":[{"href":"https:\/\/proindesa.com\/index.php?rest_route=\/wp\/v2\/product\/1403","targetHints":{"allow":["GET"]}}],"collection":[{"href":"https:\/\/proindesa.com\/index.php?rest_route=\/wp\/v2\/product"}],"about":[{"href":"https:\/\/proindesa.com\/index.php?rest_route=\/wp\/v2\/types\/product"}],"wp:featuredmedia":[{"embeddable":true,"href":"https:\/\/proindesa.com\/index.php?rest_route=\/wp\/v2\/media\/2589"}],"wp:attachment":[{"href":"https:\/\/proindesa.com\/index.php?rest_route=%2Fwp%2Fv2%2Fmedia&parent=1403"}],"wp:term":[{"taxonomy":"product_brand","embeddable":true,"href":"https:\/\/proindesa.com\/index.php?rest_route=%2Fwp%2Fv2%2Fproduct_brand&post=1403"},{"taxonomy":"product_cat","embeddable":true,"href":"https:\/\/proindesa.com\/index.php?rest_route=%2Fwp%2Fv2%2Fproduct_cat&post=1403"},{"taxonomy":"product_tag","embeddable":true,"href":"https:\/\/proindesa.com\/index.php?rest_route=%2Fwp%2Fv2%2Fproduct_tag&post=1403"}],"curies":[{"name":"wp","href":"https:\/\/api.w.org\/{rel}","templated":true}]}}