{"id":1402,"date":"2024-07-03T19:07:49","date_gmt":"2024-07-03T17:07:49","guid":{"rendered":"http:\/\/proindesa.com\/wordpress\/tienda\/sin%20categor\u00eda\/pistola-contractor-pc-airless-con-boquilla-rac-x-ltx-517\/"},"modified":"2025-08-13T18:45:07","modified_gmt":"2025-08-13T16:45:07","slug":"pistola-contractor-pc-airless-con-boquilla-rac-x-ltx-517","status":"publish","type":"product","link":"https:\/\/proindesa.com\/?product=pistola-contractor-pc-airless-con-boquilla-rac-x-ltx-517","title":{"rendered":"Pistola contractor pc airless con boquilla rac x ltx 517"},"content":{"rendered":"<p>La pistola de pulverizaci\u00f3n sin aire PC de contratista es la pistola de pulverizaci\u00f3n m\u00e1s ligera y c\u00f3moda jam\u00e1s construida. Las innovaciones exclusivas de Graco brindan comodidad y control durante todo el d\u00eda, una r\u00e1pida reconstrucci\u00f3n de la pistola en el trabajo y la durabilidad comprobada de una pistola de pulverizaci\u00f3n Graco Contractor.<br \/>\nUn ajuste personalizado con ajustes de gatillo sobre la marcha para brindar la flexibilidad de un mayor control para brindar un acabado excepcional en cada trabajo, en todo momento. La boquilla SwitchTip RAC X 517 proporciona un patr\u00f3n de rociado de 10 pulg. que es ideal para superficies m\u00e1s grandes como casas \/ edificios, paredes y techos.<\/p>\n","protected":false},"excerpt":{"rendered":"<p>La pistola de pulverizaci\u00f3n sin aire PC de contratista es la pistola de pulverizaci\u00f3n m\u00e1s ligera y c\u00f3moda jam\u00e1s construida. Las innovaciones exclusivas de Graco brindan comodidad y control durante todo el d\u00eda, una r\u00e1pida reconstrucci\u00f3n de la pistola en el trabajo y la durabilidad comprobada de una pistola de pulverizaci\u00f3n Graco Contractor. Un ajuste [&hellip;]<\/p>\n","protected":false},"featured_media":1363,"template":"","meta":{"_acf_changed":false,"content-type":"","_uf_show_specific_survey":0,"_uf_disable_surveys":false},"product_brand":[],"product_cat":[23],"product_tag":[],"class_list":{"0":"post-1402","1":"product","2":"type-product","3":"status-publish","4":"has-post-thumbnail","6":"product_cat-pintura","8":"first","9":"instock","10":"taxable","11":"shipping-taxable","12":"purchasable","13":"product-type-simple"},"acf":[],"_links":{"self":[{"href":"https:\/\/proindesa.com\/index.php?rest_route=\/wp\/v2\/product\/1402","targetHints":{"allow":["GET"]}}],"collection":[{"href":"https:\/\/proindesa.com\/index.php?rest_route=\/wp\/v2\/product"}],"about":[{"href":"https:\/\/proindesa.com\/index.php?rest_route=\/wp\/v2\/types\/product"}],"wp:featuredmedia":[{"embeddable":true,"href":"https:\/\/proindesa.com\/index.php?rest_route=\/wp\/v2\/media\/1363"}],"wp:attachment":[{"href":"https:\/\/proindesa.com\/index.php?rest_route=%2Fwp%2Fv2%2Fmedia&parent=1402"}],"wp:term":[{"taxonomy":"product_brand","embeddable":true,"href":"https:\/\/proindesa.com\/index.php?rest_route=%2Fwp%2Fv2%2Fproduct_brand&post=1402"},{"taxonomy":"product_cat","embeddable":true,"href":"https:\/\/proindesa.com\/index.php?rest_route=%2Fwp%2Fv2%2Fproduct_cat&post=1402"},{"taxonomy":"product_tag","embeddable":true,"href":"https:\/\/proindesa.com\/index.php?rest_route=%2Fwp%2Fv2%2Fproduct_tag&post=1402"}],"curies":[{"name":"wp","href":"https:\/\/api.w.org\/{rel}","templated":true}]}}