{"id":1401,"date":"2024-07-03T19:07:49","date_gmt":"2024-07-03T17:07:49","guid":{"rendered":"http:\/\/proindesa.com\/wordpress\/tienda\/sin%20categor\u00eda\/pistola-contractor-con-boquilla-rac-x-517-3600-psi\/"},"modified":"2025-08-13T18:45:07","modified_gmt":"2025-08-13T16:45:07","slug":"pistola-contractor-con-boquilla-rac-x-517-3600-psi","status":"publish","type":"product","link":"https:\/\/proindesa.com\/?product=pistola-contractor-con-boquilla-rac-x-517-3600-psi","title":{"rendered":"Pistola contractor con boquilla rac x 517 3600 psi"},"content":{"rendered":"<p>La pistola de pulverizaci\u00f3n sin aire Contractor es el est\u00e1ndar de la industria en cuanto a rendimiento y durabilidad. Incluye un gatillo para 2 dedos y una boquilla SwitchTip RAC X 517 con protecci\u00f3n.<\/p>\n<p><strong>Exclusiva aguja FlexSeal<\/strong><br \/>\nEl patentado dise\u00f1o totalmente cerrado elimina la exposici\u00f3n de la aguja al l\u00edquido, prolonga la vida \u00fatil de la aguja en un 70% y garantiza un cierre consistente de la aguja<br \/>\nEl l\u00edquido presiona el sello para cerrar r\u00e1pidamente la aguja y reducir las salpicaduras<br \/>\nEl resorte est\u00e1 ubicado fuera de la trayectoria del fluido para un mejor flujo<br \/>\nAyuda a eliminar el empaque y el cierre lento de la aguja<br \/>\nMenor salpicaduras de la pistola<br \/>\nEl asiento reposicionado est\u00e1 m\u00e1s cerca de la boquilla, lo que elimina el 60% del espacio muerto<br \/>\nMenos pintura que queda entre la aguja y la boquilla da como resultado menos salpicaduras<\/p>\n<p><strong>Dise\u00f1o ergon\u00f3mico<\/strong><br \/>\nEl mango adaptado proporciona m\u00e1ximo control y comodidad.<br \/>\nLa protecci\u00f3n desmontable del gatillo se aleja del mango de la pistola para facilitar el acceso al filtro<br \/>\nEl dise\u00f1o liviano reduce la fatiga del operador<\/p>\n<p><strong>Seguro del gatillo<\/strong><br \/>\nActivaci\u00f3n del gatillo mediante una tracci\u00f3n ligera y suave con sencillo bloqueo de seguridad que se coloca con el pulgar<\/p>\n<p><strong>Dise\u00f1o de aguja modular<\/strong><br \/>\nSimplemente quite el pasador transversal del gatillo y desenrosque el alojamiento frontal para cambiar la aguja<\/p>\n<p><strong>EasyGlide giratorio<\/strong><br \/>\nEl exclusivo dise\u00f1o de la pieza giratoria de doble asiento reduce la fricci\u00f3n del sellado bajo presi\u00f3n, \u00a1haciendo que esta sea la mejor pieza giratoria del mercado!<\/p>\n<p><strong>Filtro de pistola Easy Out<\/strong><br \/>\nFiltra de adentro hacia afuera para evitar que el filtro colapse<br \/>\nIntercambiable con todas las pistolas de la serie Contractor<\/p>\n","protected":false},"excerpt":{"rendered":"<p>La pistola de pulverizaci\u00f3n sin aire Contractor es el est\u00e1ndar de la industria en cuanto a rendimiento y durabilidad. Incluye un gatillo para 2 dedos y una boquilla SwitchTip RAC X 517 con protecci\u00f3n. Exclusiva aguja FlexSeal El patentado dise\u00f1o totalmente cerrado elimina la exposici\u00f3n de la aguja al l\u00edquido, prolonga la vida \u00fatil de [&hellip;]<\/p>\n","protected":false},"featured_media":1362,"template":"","meta":{"_acf_changed":false,"content-type":"","_uf_show_specific_survey":0,"_uf_disable_surveys":false},"product_brand":[],"product_cat":[23],"product_tag":[],"class_list":{"0":"post-1401","1":"product","2":"type-product","3":"status-publish","4":"has-post-thumbnail","6":"product_cat-pintura","8":"first","9":"instock","10":"taxable","11":"shipping-taxable","12":"purchasable","13":"product-type-simple"},"acf":[],"_links":{"self":[{"href":"https:\/\/proindesa.com\/index.php?rest_route=\/wp\/v2\/product\/1401","targetHints":{"allow":["GET"]}}],"collection":[{"href":"https:\/\/proindesa.com\/index.php?rest_route=\/wp\/v2\/product"}],"about":[{"href":"https:\/\/proindesa.com\/index.php?rest_route=\/wp\/v2\/types\/product"}],"wp:featuredmedia":[{"embeddable":true,"href":"https:\/\/proindesa.com\/index.php?rest_route=\/wp\/v2\/media\/1362"}],"wp:attachment":[{"href":"https:\/\/proindesa.com\/index.php?rest_route=%2Fwp%2Fv2%2Fmedia&parent=1401"}],"wp:term":[{"taxonomy":"product_brand","embeddable":true,"href":"https:\/\/proindesa.com\/index.php?rest_route=%2Fwp%2Fv2%2Fproduct_brand&post=1401"},{"taxonomy":"product_cat","embeddable":true,"href":"https:\/\/proindesa.com\/index.php?rest_route=%2Fwp%2Fv2%2Fproduct_cat&post=1401"},{"taxonomy":"product_tag","embeddable":true,"href":"https:\/\/proindesa.com\/index.php?rest_route=%2Fwp%2Fv2%2Fproduct_tag&post=1401"}],"curies":[{"name":"wp","href":"https:\/\/api.w.org\/{rel}","templated":true}]}}