{"id":1400,"date":"2024-07-03T19:07:49","date_gmt":"2024-07-03T17:07:49","guid":{"rendered":"http:\/\/proindesa.com\/wordpress\/tienda\/sin%20categor\u00eda\/porta-boquillas-graco-rac-x-7-8\/"},"modified":"2025-08-13T18:45:07","modified_gmt":"2025-08-13T16:45:07","slug":"porta-boquillas-graco-rac-x-7-8","status":"publish","type":"product","link":"https:\/\/proindesa.com\/?product=porta-boquillas-graco-rac-x-7-8","title":{"rendered":"Porta boquillas graco rac x 7\/8"},"content":{"rendered":"<p>El protector de boquillas RAC X HandTite ayuda a eliminar la acumulaci\u00f3n de pintura, el goteo y las salpicaduras. Tambi\u00e9n ayuda a proporcionar un rociado m\u00e1s seguro a mayores presiones. Su dise\u00f1o de agarre para los dedos hace que sea f\u00e1cil de colocar o quitar sin necesidad de herramientas. Para usar con todas las SwitchTip RAC X.<\/p>\n","protected":false},"excerpt":{"rendered":"<p>El protector de boquillas RAC X HandTite ayuda a eliminar la acumulaci\u00f3n de pintura, el goteo y las salpicaduras. Tambi\u00e9n ayuda a proporcionar un rociado m\u00e1s seguro a mayores presiones. Su dise\u00f1o de agarre para los dedos hace que sea f\u00e1cil de colocar o quitar sin necesidad de herramientas. Para usar con todas las SwitchTip [&hellip;]<\/p>\n","protected":false},"featured_media":1361,"template":"","meta":{"_acf_changed":false,"content-type":"","_uf_show_specific_survey":0,"_uf_disable_surveys":false},"product_brand":[],"product_cat":[23],"product_tag":[],"class_list":{"0":"post-1400","1":"product","2":"type-product","3":"status-publish","4":"has-post-thumbnail","6":"product_cat-pintura","8":"first","9":"instock","10":"taxable","11":"shipping-taxable","12":"purchasable","13":"product-type-simple"},"acf":[],"_links":{"self":[{"href":"https:\/\/proindesa.com\/index.php?rest_route=\/wp\/v2\/product\/1400","targetHints":{"allow":["GET"]}}],"collection":[{"href":"https:\/\/proindesa.com\/index.php?rest_route=\/wp\/v2\/product"}],"about":[{"href":"https:\/\/proindesa.com\/index.php?rest_route=\/wp\/v2\/types\/product"}],"wp:featuredmedia":[{"embeddable":true,"href":"https:\/\/proindesa.com\/index.php?rest_route=\/wp\/v2\/media\/1361"}],"wp:attachment":[{"href":"https:\/\/proindesa.com\/index.php?rest_route=%2Fwp%2Fv2%2Fmedia&parent=1400"}],"wp:term":[{"taxonomy":"product_brand","embeddable":true,"href":"https:\/\/proindesa.com\/index.php?rest_route=%2Fwp%2Fv2%2Fproduct_brand&post=1400"},{"taxonomy":"product_cat","embeddable":true,"href":"https:\/\/proindesa.com\/index.php?rest_route=%2Fwp%2Fv2%2Fproduct_cat&post=1400"},{"taxonomy":"product_tag","embeddable":true,"href":"https:\/\/proindesa.com\/index.php?rest_route=%2Fwp%2Fv2%2Fproduct_tag&post=1400"}],"curies":[{"name":"wp","href":"https:\/\/api.w.org\/{rel}","templated":true}]}}