{"id":1399,"date":"2024-07-03T19:07:49","date_gmt":"2024-07-03T17:07:49","guid":{"rendered":"http:\/\/proindesa.com\/wordpress\/tienda\/sin%20categor\u00eda\/filtro-mesh-graco-airless-rosca-1-hembra\/"},"modified":"2025-08-13T18:45:07","modified_gmt":"2025-08-13T16:45:07","slug":"filtro-mesh-graco-airless-rosca-1-hembra","status":"publish","type":"product","link":"https:\/\/proindesa.com\/?product=filtro-mesh-graco-airless-rosca-1-hembra","title":{"rendered":"Filtro mesh graco airless rosca 1 hembra"},"content":{"rendered":"<p>El uso de un filtro de entrada es la forma m\u00e1s f\u00e1cil de maximizar el rendimiento de la pulverizaci\u00f3n y, al mismo tiempo, ahorrar tiempo y dinero al extender la vida \u00fatil de su equipo y reducir el tiempo de inactividad.<\/p>\n","protected":false},"excerpt":{"rendered":"<p>El uso de un filtro de entrada es la forma m\u00e1s f\u00e1cil de maximizar el rendimiento de la pulverizaci\u00f3n y, al mismo tiempo, ahorrar tiempo y dinero al extender la vida \u00fatil de su equipo y reducir el tiempo de inactividad.<\/p>\n","protected":false},"featured_media":1360,"template":"","meta":{"_acf_changed":false,"content-type":"","_uf_show_specific_survey":0,"_uf_disable_surveys":false},"product_brand":[],"product_cat":[23],"product_tag":[],"class_list":{"0":"post-1399","1":"product","2":"type-product","3":"status-publish","4":"has-post-thumbnail","6":"product_cat-pintura","8":"first","9":"instock","10":"taxable","11":"shipping-taxable","12":"purchasable","13":"product-type-simple"},"acf":[],"_links":{"self":[{"href":"https:\/\/proindesa.com\/index.php?rest_route=\/wp\/v2\/product\/1399","targetHints":{"allow":["GET"]}}],"collection":[{"href":"https:\/\/proindesa.com\/index.php?rest_route=\/wp\/v2\/product"}],"about":[{"href":"https:\/\/proindesa.com\/index.php?rest_route=\/wp\/v2\/types\/product"}],"wp:featuredmedia":[{"embeddable":true,"href":"https:\/\/proindesa.com\/index.php?rest_route=\/wp\/v2\/media\/1360"}],"wp:attachment":[{"href":"https:\/\/proindesa.com\/index.php?rest_route=%2Fwp%2Fv2%2Fmedia&parent=1399"}],"wp:term":[{"taxonomy":"product_brand","embeddable":true,"href":"https:\/\/proindesa.com\/index.php?rest_route=%2Fwp%2Fv2%2Fproduct_brand&post=1399"},{"taxonomy":"product_cat","embeddable":true,"href":"https:\/\/proindesa.com\/index.php?rest_route=%2Fwp%2Fv2%2Fproduct_cat&post=1399"},{"taxonomy":"product_tag","embeddable":true,"href":"https:\/\/proindesa.com\/index.php?rest_route=%2Fwp%2Fv2%2Fproduct_tag&post=1399"}],"curies":[{"name":"wp","href":"https:\/\/api.w.org\/{rel}","templated":true}]}}