{"id":1358,"date":"2024-07-03T17:44:20","date_gmt":"2024-07-03T15:44:20","guid":{"rendered":"http:\/\/proindesa.com\/wordpress\/tienda\/sin%20categor\u00eda\/disco-pad-5100-pulido-pisos-rojo-20-pulgadas\/"},"modified":"2025-08-13T18:45:06","modified_gmt":"2025-08-13T16:45:06","slug":"disco-pad-5100-pulido-pisos-rojo-20-pulgadas","status":"publish","type":"product","link":"https:\/\/proindesa.com\/?product=disco-pad-5100-pulido-pisos-rojo-20-pulgadas","title":{"rendered":"Disco pad 5100 pulido pisos rojo 20 pulgadas"},"content":{"rendered":"<p>Disco dise\u00f1ado para quitar manchas superficiales sin remover la cera. Se utiliza para el lavado de pisos duros y flexibles. Es ideal para el mantenimiento diario de los pisos. Est\u00e1 dise\u00f1ado especialmente para limpieza y el lustrado. Limpia cuando est\u00e1 h\u00famedo y lustra cuando est\u00e1 seco. Remueve r\u00e1pidamente la mugre y las marcas del piso, mejorando su apariencia. La construcci\u00f3n homog\u00e9nea de este disco permite obtener mejores resultados y una mayor durabilidad. Disco especialmente dise\u00f1ado para pulir por pulverizaci\u00f3n. Los Discos para Pisos 3M\u2122 Scotch-Brite\u2122 5100 han revolucionado en los \u00faltimos a\u00f1os el sistema de mantenimiento de pisos. Est\u00e1n hechos de fibra sint\u00e9tica de construcci\u00f3n abierta, no tejida, con part\u00edculas abrasivas de limpieza y pulido dispersas y adheridas a la fibra. La composici\u00f3n del disco garantiza alta efectividad en procesos de lavado de pisos. Est\u00e1 dise\u00f1ada especialmente para lustradores en aerosol. Act\u00faa estupendamente para la limpieza ligera con m\u00e1quinas industriales para limpieza de pisos. La construcci\u00f3n homog\u00e9nea de este disco permite obtener mejores resultados y una mayor durabilidad. Uso en m\u00e1quinas de baja velocidad. Requiere Qu\u00edmico Limpiador Neutro en su operaci\u00f3n. Tipo de equipo: Giratorio o autom\u00e1tico. Velocidad de la m\u00e1quina: velocidad baja, 175-600 RPM.<\/p>\n","protected":false},"excerpt":{"rendered":"<p>Disco dise\u00f1ado para quitar manchas superficiales sin remover la cera. Se utiliza para el lavado de pisos duros y flexibles. Es ideal para el mantenimiento diario de los pisos. Est\u00e1 dise\u00f1ado especialmente para limpieza y el lustrado. Limpia cuando est\u00e1 h\u00famedo y lustra cuando est\u00e1 seco. Remueve r\u00e1pidamente la mugre y las marcas del piso, [&hellip;]<\/p>\n","protected":false},"featured_media":1332,"template":"","meta":{"_acf_changed":false,"content-type":"","_uf_show_specific_survey":0,"_uf_disable_surveys":false},"product_brand":[],"product_cat":[49],"product_tag":[],"class_list":{"0":"post-1358","1":"product","2":"type-product","3":"status-publish","4":"has-post-thumbnail","6":"product_cat-limpieza","8":"first","9":"instock","10":"taxable","11":"shipping-taxable","12":"purchasable","13":"product-type-simple"},"acf":[],"_links":{"self":[{"href":"https:\/\/proindesa.com\/index.php?rest_route=\/wp\/v2\/product\/1358","targetHints":{"allow":["GET"]}}],"collection":[{"href":"https:\/\/proindesa.com\/index.php?rest_route=\/wp\/v2\/product"}],"about":[{"href":"https:\/\/proindesa.com\/index.php?rest_route=\/wp\/v2\/types\/product"}],"wp:featuredmedia":[{"embeddable":true,"href":"https:\/\/proindesa.com\/index.php?rest_route=\/wp\/v2\/media\/1332"}],"wp:attachment":[{"href":"https:\/\/proindesa.com\/index.php?rest_route=%2Fwp%2Fv2%2Fmedia&parent=1358"}],"wp:term":[{"taxonomy":"product_brand","embeddable":true,"href":"https:\/\/proindesa.com\/index.php?rest_route=%2Fwp%2Fv2%2Fproduct_brand&post=1358"},{"taxonomy":"product_cat","embeddable":true,"href":"https:\/\/proindesa.com\/index.php?rest_route=%2Fwp%2Fv2%2Fproduct_cat&post=1358"},{"taxonomy":"product_tag","embeddable":true,"href":"https:\/\/proindesa.com\/index.php?rest_route=%2Fwp%2Fv2%2Fproduct_tag&post=1358"}],"curies":[{"name":"wp","href":"https:\/\/api.w.org\/{rel}","templated":true}]}}