{"id":1355,"date":"2024-07-03T17:44:20","date_gmt":"2024-07-03T15:44:20","guid":{"rendered":"http:\/\/proindesa.com\/wordpress\/tienda\/sin%20categor\u00eda\/disco-pad-7200-pulido-pisos-negro-17-pulgadas\/"},"modified":"2025-08-13T18:45:06","modified_gmt":"2025-08-13T16:45:06","slug":"disco-pad-7200-pulido-pisos-negro-17-pulgadas","status":"publish","type":"product","link":"https:\/\/proindesa.com\/?product=disco-pad-7200-pulido-pisos-negro-17-pulgadas","title":{"rendered":"Disco pad 7200 pulido pisos negro 17 pulgadas"},"content":{"rendered":"<p>El Disco de Limpieza Para Pisos 3M\u2122 Scotch-Brite\u2122 7200 es un disco removedor altamente abrasivo para trabajos pesados de limpieza extrema en pisos duros, como concreto y granito. Remueve la totalidad de sellos, ceras, grasas y suciedad acumulada. Para trabajos pesados de limpieza extrema. La composici\u00f3n del disco garantiza alta efectividad en procesos de remoci\u00f3n en pisos duros. Este es el est\u00e1ndar industrial con el que se comparan el resto de los discos. El Disco de Limpieza Para Pisos 3M\u2122 Scotch-Brite\u2122 7200 mantiene su alto rendimiento en forma constante durante toda su vida \u00fatil. Use con m\u00e1quina giratoria o autom\u00e1tica de baja velocidad (175-600 RPM). Contiene part\u00edculas minerales distribuidas uniformemente lo cual garantiza una alta productividad.<\/p>\n","protected":false},"excerpt":{"rendered":"<p>El Disco de Limpieza Para Pisos 3M\u2122 Scotch-Brite\u2122 7200 es un disco removedor altamente abrasivo para trabajos pesados de limpieza extrema en pisos duros, como concreto y granito. Remueve la totalidad de sellos, ceras, grasas y suciedad acumulada. Para trabajos pesados de limpieza extrema. La composici\u00f3n del disco garantiza alta efectividad en procesos de remoci\u00f3n [&hellip;]<\/p>\n","protected":false},"featured_media":1331,"template":"","meta":{"_acf_changed":false,"content-type":"","_uf_show_specific_survey":0,"_uf_disable_surveys":false},"product_brand":[],"product_cat":[49],"product_tag":[],"class_list":{"0":"post-1355","1":"product","2":"type-product","3":"status-publish","4":"has-post-thumbnail","6":"product_cat-limpieza","8":"first","9":"instock","10":"taxable","11":"shipping-taxable","12":"purchasable","13":"product-type-simple"},"acf":[],"_links":{"self":[{"href":"https:\/\/proindesa.com\/index.php?rest_route=\/wp\/v2\/product\/1355","targetHints":{"allow":["GET"]}}],"collection":[{"href":"https:\/\/proindesa.com\/index.php?rest_route=\/wp\/v2\/product"}],"about":[{"href":"https:\/\/proindesa.com\/index.php?rest_route=\/wp\/v2\/types\/product"}],"wp:featuredmedia":[{"embeddable":true,"href":"https:\/\/proindesa.com\/index.php?rest_route=\/wp\/v2\/media\/1331"}],"wp:attachment":[{"href":"https:\/\/proindesa.com\/index.php?rest_route=%2Fwp%2Fv2%2Fmedia&parent=1355"}],"wp:term":[{"taxonomy":"product_brand","embeddable":true,"href":"https:\/\/proindesa.com\/index.php?rest_route=%2Fwp%2Fv2%2Fproduct_brand&post=1355"},{"taxonomy":"product_cat","embeddable":true,"href":"https:\/\/proindesa.com\/index.php?rest_route=%2Fwp%2Fv2%2Fproduct_cat&post=1355"},{"taxonomy":"product_tag","embeddable":true,"href":"https:\/\/proindesa.com\/index.php?rest_route=%2Fwp%2Fv2%2Fproduct_tag&post=1355"}],"curies":[{"name":"wp","href":"https:\/\/api.w.org\/{rel}","templated":true}]}}