{"id":1354,"date":"2024-07-03T17:44:20","date_gmt":"2024-07-03T15:44:20","guid":{"rendered":"http:\/\/proindesa.com\/wordpress\/tienda\/sin%20categor\u00eda\/disco-pad-4100-pulido-pisos-blanco-17\/"},"modified":"2025-08-22T03:09:18","modified_gmt":"2025-08-22T01:09:18","slug":"disco-pad-4100-pulido-pisos-blanco-17","status":"publish","type":"product","link":"https:\/\/proindesa.com\/?product=disco-pad-4100-pulido-pisos-blanco-17","title":{"rendered":"Disco pad 4100 pulido pisos blanco 17"},"content":{"rendered":"<p>Disco dise\u00f1ado para lograr un acabado de brillo profesional. Es ideal para el mantenimiento diario de pisos. Se utiliza en m\u00e1quinas de baja velocidad. Dise\u00f1ado para abrillantar acabados muy suaves o para pulir cera suave en pisos de madera. Elimina rayaduras y marcas de zapatos y mejora el aspecto del piso. Sirve para lustrar acabados muy suaves o para pulir cera suave en pisos de madera. Para una limpieza ligera de pisos que elimine la suciedad y las marcas de desgaste, Disco de Limpieza para Pisos 3M\u2122 Scotch-Brite\u2122 4100. Estos discos est\u00e1n dise\u00f1ados para no rayar ni da\u00f1ar los pisos protegidos y tambi\u00e9n se pueden usar para pulir pisos de madera, mejorando el brillo de la superficie. Su uso debe efectuarse en m\u00e1quina convencional de baja velocidad (175-600 RPM). La composici\u00f3n del disco garantiza una alta efectividad en procesos de abrillantado y recuperaci\u00f3n de imagen a baja velocidad. No requiere uso de qu\u00edmicos. Los discos han revolucionado en los \u00faltimos a\u00f1os el sistema de mantenimiento de pisos. Est\u00e1n hechos de fibra sint\u00e9tica de construcci\u00f3n abierta, no tejida, con part\u00edculas abrasivas de limpieza y pulidos dispersas y adheridas a la fibra.<\/p>\n","protected":false},"excerpt":{"rendered":"<p>Disco dise\u00f1ado para lograr un acabado de brillo profesional. Es ideal para el mantenimiento diario de pisos. Se utiliza en m\u00e1quinas de baja velocidad. Dise\u00f1ado para abrillantar acabados muy suaves o para pulir cera suave en pisos de madera. Elimina rayaduras y marcas de zapatos y mejora el aspecto del piso. Sirve para lustrar acabados [&hellip;]<\/p>\n","protected":false},"featured_media":1330,"template":"","meta":{"_acf_changed":false,"content-type":"","_uf_show_specific_survey":0,"_uf_disable_surveys":false},"product_brand":[],"product_cat":[49],"product_tag":[101],"class_list":{"0":"post-1354","1":"product","2":"type-product","3":"status-publish","4":"has-post-thumbnail","6":"product_cat-limpieza","7":"product_tag-sin-precio","9":"first","10":"instock","11":"taxable","12":"shipping-taxable","13":"purchasable","14":"product-type-simple"},"acf":[],"_links":{"self":[{"href":"https:\/\/proindesa.com\/index.php?rest_route=\/wp\/v2\/product\/1354","targetHints":{"allow":["GET"]}}],"collection":[{"href":"https:\/\/proindesa.com\/index.php?rest_route=\/wp\/v2\/product"}],"about":[{"href":"https:\/\/proindesa.com\/index.php?rest_route=\/wp\/v2\/types\/product"}],"wp:featuredmedia":[{"embeddable":true,"href":"https:\/\/proindesa.com\/index.php?rest_route=\/wp\/v2\/media\/1330"}],"wp:attachment":[{"href":"https:\/\/proindesa.com\/index.php?rest_route=%2Fwp%2Fv2%2Fmedia&parent=1354"}],"wp:term":[{"taxonomy":"product_brand","embeddable":true,"href":"https:\/\/proindesa.com\/index.php?rest_route=%2Fwp%2Fv2%2Fproduct_brand&post=1354"},{"taxonomy":"product_cat","embeddable":true,"href":"https:\/\/proindesa.com\/index.php?rest_route=%2Fwp%2Fv2%2Fproduct_cat&post=1354"},{"taxonomy":"product_tag","embeddable":true,"href":"https:\/\/proindesa.com\/index.php?rest_route=%2Fwp%2Fv2%2Fproduct_tag&post=1354"}],"curies":[{"name":"wp","href":"https:\/\/api.w.org\/{rel}","templated":true}]}}