{"id":1352,"date":"2024-07-03T17:44:20","date_gmt":"2024-07-03T15:44:20","guid":{"rendered":"http:\/\/proindesa.com\/wordpress\/tienda\/sin%20categor\u00eda\/baseesponja-6472-doodlebug-3m-naranja\/"},"modified":"2025-08-13T18:45:05","modified_gmt":"2025-08-13T16:45:05","slug":"baseesponja-6472-doodlebug-3m-naranja","status":"publish","type":"product","link":"https:\/\/proindesa.com\/?product=baseesponja-6472-doodlebug-3m-naranja","title":{"rendered":"Base con esponja 6472 doodlebug 3M naranja"},"content":{"rendered":"<p>El Sujetador de Almohadilla 3M\u2122 Doodlebug\u2122 6472 es un soporte de pl\u00e1stico color naranja que cuenta con pinzas especiales para mantener la fibra firmemente en su lugar y permiten colocarla y cambiarla f\u00e1cilmente. Este producto incluye dos esponjas, 1 unidad 8440 y 1 unidad 8541. Una herramienta que facilitar\u00e1 la limpieza de cualquier superficie de dif\u00edcil alcance de una forma sencilla con los mangos sujetadores, as\u00ed como limpiar de forma segura los lugares altos. El mango giratorio duradero permite que el soporte gire y alcance los lugares dif\u00edciles.<\/p>\n","protected":false},"excerpt":{"rendered":"<p>El Sujetador de Almohadilla 3M\u2122 Doodlebug\u2122 6472 es un soporte de pl\u00e1stico color naranja que cuenta con pinzas especiales para mantener la fibra firmemente en su lugar y permiten colocarla y cambiarla f\u00e1cilmente. Este producto incluye dos esponjas, 1 unidad 8440 y 1 unidad 8541. Una herramienta que facilitar\u00e1 la limpieza de cualquier superficie de [&hellip;]<\/p>\n","protected":false},"featured_media":1329,"template":"","meta":{"_acf_changed":false,"content-type":"","_uf_show_specific_survey":0,"_uf_disable_surveys":false},"product_brand":[],"product_cat":[49],"product_tag":[],"class_list":{"0":"post-1352","1":"product","2":"type-product","3":"status-publish","4":"has-post-thumbnail","6":"product_cat-limpieza","8":"first","9":"instock","10":"taxable","11":"shipping-taxable","12":"purchasable","13":"product-type-simple"},"acf":[],"_links":{"self":[{"href":"https:\/\/proindesa.com\/index.php?rest_route=\/wp\/v2\/product\/1352","targetHints":{"allow":["GET"]}}],"collection":[{"href":"https:\/\/proindesa.com\/index.php?rest_route=\/wp\/v2\/product"}],"about":[{"href":"https:\/\/proindesa.com\/index.php?rest_route=\/wp\/v2\/types\/product"}],"wp:featuredmedia":[{"embeddable":true,"href":"https:\/\/proindesa.com\/index.php?rest_route=\/wp\/v2\/media\/1329"}],"wp:attachment":[{"href":"https:\/\/proindesa.com\/index.php?rest_route=%2Fwp%2Fv2%2Fmedia&parent=1352"}],"wp:term":[{"taxonomy":"product_brand","embeddable":true,"href":"https:\/\/proindesa.com\/index.php?rest_route=%2Fwp%2Fv2%2Fproduct_brand&post=1352"},{"taxonomy":"product_cat","embeddable":true,"href":"https:\/\/proindesa.com\/index.php?rest_route=%2Fwp%2Fv2%2Fproduct_cat&post=1352"},{"taxonomy":"product_tag","embeddable":true,"href":"https:\/\/proindesa.com\/index.php?rest_route=%2Fwp%2Fv2%2Fproduct_tag&post=1352"}],"curies":[{"name":"wp","href":"https:\/\/api.w.org\/{rel}","templated":true}]}}