{"id":1351,"date":"2024-07-03T17:44:19","date_gmt":"2024-07-03T15:44:19","guid":{"rendered":"http:\/\/proindesa.com\/wordpress\/tienda\/sin%20categor\u00eda\/esponja-abrasiva-7447-scotch-brite-3m-6-x-9-morado\/"},"modified":"2025-08-13T18:45:05","modified_gmt":"2025-08-13T16:45:05","slug":"esponja-abrasiva-7447-scotch-brite-3m-6-x-9-morado","status":"publish","type":"product","link":"https:\/\/proindesa.com\/?product=esponja-abrasiva-7447-scotch-brite-3m-6-x-9-morado","title":{"rendered":"Esponja abrasiva 7447 scotch-brite 3M 6 x 9 morado"},"content":{"rendered":"<p>Pa\u00f1o de fibra abrasiva para uso general combina la flexibilidad con una efectiva acci\u00f3n de corte y un control manual preciso para completar tareas de limpieza dif\u00edciles y producir resultados de acabados delicados, uso tras uso. Los abrasivos de \u00f3xido de aluminio de grado muy fino cortan de forma r\u00e1pida y delicada, y dejan una superficie suave. Apta para el uso sobre una amplia variedad de materiales y para muchas tareas diferentes. El rendimiento de la Almohadilla de Mano de Uso General Scotch-Brite\u00ae 7447 es equivalente a la lana de acero grado 1. Sin embargo, a diferencia de la lana de acero, nuestras almohadillas Scotch-Brite\u00ae no se destruyen durante el uso, no se oxidan despu\u00e9s el uso ni dejan astillas de metales finos. Este material no tejido de estructura abierta resiste la carga y se puede utilizar en seco, con agua o solventes, y se puede enjuagar para limpiarlo y reutilizarlo. Esta almohadilla multiprop\u00f3sito de 6 x 9 pulgadas se puede usar en forma manual para un control preciso, con un bloque de lijado a mano para un acabado uniforme, o con una lijadora recta para cubrir \u00e1reas grandes. Esta almohadilla para mano color bermell\u00f3n utiliza abrasivo de \u00f3xido de aluminio. Debido a su alto \u00edndice de corte, dureza, resistencia y baja retenci\u00f3n de calor, el mineral de \u00f3xido de aluminio se utiliza ampliamente en aplicaciones de desbaste, as\u00ed como en lijados y acabados. El \u00f3xido de aluminio es adecuado en una amplia variedad de sustratos en carpinter\u00eda y trabajos en metal, incluidas las aleaciones ferrosas. Nuestros productos abrasivos industriales Scotch-Brite\u00ae son los \u00fanicos productos de acondicionamiento de superficies con abrasivos incorporados en fibras de nailon no tejidas u otras fibras sint\u00e9ticas. La combinaci\u00f3n de los abrasivos en las fibras crea un sistema abrasivo que brinda resultados consistentes durante la vida \u00fatil del producto. El material de estructura abierta es resistente a cargas y mantiene los minerales abrasivos cortando a alto rendimiento al limitar la obstrucci\u00f3n de las fibras.<\/p>\n","protected":false},"excerpt":{"rendered":"<p>Pa\u00f1o de fibra abrasiva para uso general combina la flexibilidad con una efectiva acci\u00f3n de corte y un control manual preciso para completar tareas de limpieza dif\u00edciles y producir resultados de acabados delicados, uso tras uso. Los abrasivos de \u00f3xido de aluminio de grado muy fino cortan de forma r\u00e1pida y delicada, y dejan una [&hellip;]<\/p>\n","protected":false},"featured_media":1328,"template":"","meta":{"_acf_changed":false,"content-type":"","_uf_show_specific_survey":0,"_uf_disable_surveys":false},"product_brand":[],"product_cat":[49],"product_tag":[],"class_list":{"0":"post-1351","1":"product","2":"type-product","3":"status-publish","4":"has-post-thumbnail","6":"product_cat-limpieza","8":"first","9":"outofstock","10":"taxable","11":"shipping-taxable","12":"purchasable","13":"product-type-simple"},"acf":[],"_links":{"self":[{"href":"https:\/\/proindesa.com\/index.php?rest_route=\/wp\/v2\/product\/1351","targetHints":{"allow":["GET"]}}],"collection":[{"href":"https:\/\/proindesa.com\/index.php?rest_route=\/wp\/v2\/product"}],"about":[{"href":"https:\/\/proindesa.com\/index.php?rest_route=\/wp\/v2\/types\/product"}],"wp:featuredmedia":[{"embeddable":true,"href":"https:\/\/proindesa.com\/index.php?rest_route=\/wp\/v2\/media\/1328"}],"wp:attachment":[{"href":"https:\/\/proindesa.com\/index.php?rest_route=%2Fwp%2Fv2%2Fmedia&parent=1351"}],"wp:term":[{"taxonomy":"product_brand","embeddable":true,"href":"https:\/\/proindesa.com\/index.php?rest_route=%2Fwp%2Fv2%2Fproduct_brand&post=1351"},{"taxonomy":"product_cat","embeddable":true,"href":"https:\/\/proindesa.com\/index.php?rest_route=%2Fwp%2Fv2%2Fproduct_cat&post=1351"},{"taxonomy":"product_tag","embeddable":true,"href":"https:\/\/proindesa.com\/index.php?rest_route=%2Fwp%2Fv2%2Fproduct_tag&post=1351"}],"curies":[{"name":"wp","href":"https:\/\/api.w.org\/{rel}","templated":true}]}}