{"id":1350,"date":"2024-07-03T17:44:19","date_gmt":"2024-07-03T15:44:19","guid":{"rendered":"http:\/\/proindesa.com\/wordpress\/tienda\/sin%20categor\u00eda\/esponja-limpza-8541-doodlebug-3m-cafe\/"},"modified":"2025-08-13T18:45:05","modified_gmt":"2025-08-13T16:45:05","slug":"esponja-limpza-8541-doodlebug-3m-cafe","status":"publish","type":"product","link":"https:\/\/proindesa.com\/?product=esponja-limpza-8541-doodlebug-3m-cafe","title":{"rendered":"Esponja limpza 8541 doodlebug 3M cafe"},"content":{"rendered":"<p>La Fibra para Trapeado 3M\u2122 Doodlebug\u2122 8541 tambi\u00e9n puede limpiar pisos de superficies duras muy sucias, como el concreto, cuando se usa con productos qu\u00edmicos de limpieza adecuados. Adem\u00e1s, se puede usar con soluci\u00f3n de decapado a base de agua para eliminar selladores y acabados de pisos viejos y sucios. Limpia los suelos de manera uniforme. Nuestra fibra de alta calidad de color caf\u00e9 gruesa y reutilizable es muy duradera y ofrece constantemente un excelente efecto de decapado (en h\u00famedo \u00f3 en seco) durante toda su vida \u00fatil. Al ser flexible, la fibra ofrece diversas ventajas, como su adaptabilidad a superficies irregulares y su facilidad de lavado despu\u00e9s de usar.<\/p>\n","protected":false},"excerpt":{"rendered":"<p>La Fibra para Trapeado 3M\u2122 Doodlebug\u2122 8541 tambi\u00e9n puede limpiar pisos de superficies duras muy sucias, como el concreto, cuando se usa con productos qu\u00edmicos de limpieza adecuados. Adem\u00e1s, se puede usar con soluci\u00f3n de decapado a base de agua para eliminar selladores y acabados de pisos viejos y sucios. Limpia los suelos de manera [&hellip;]<\/p>\n","protected":false},"featured_media":1327,"template":"","meta":{"_acf_changed":false,"content-type":"","_uf_show_specific_survey":0,"_uf_disable_surveys":false},"product_brand":[],"product_cat":[49],"product_tag":[],"class_list":{"0":"post-1350","1":"product","2":"type-product","3":"status-publish","4":"has-post-thumbnail","6":"product_cat-limpieza","8":"first","9":"instock","10":"taxable","11":"shipping-taxable","12":"purchasable","13":"product-type-simple"},"acf":[],"_links":{"self":[{"href":"https:\/\/proindesa.com\/index.php?rest_route=\/wp\/v2\/product\/1350","targetHints":{"allow":["GET"]}}],"collection":[{"href":"https:\/\/proindesa.com\/index.php?rest_route=\/wp\/v2\/product"}],"about":[{"href":"https:\/\/proindesa.com\/index.php?rest_route=\/wp\/v2\/types\/product"}],"wp:featuredmedia":[{"embeddable":true,"href":"https:\/\/proindesa.com\/index.php?rest_route=\/wp\/v2\/media\/1327"}],"wp:attachment":[{"href":"https:\/\/proindesa.com\/index.php?rest_route=%2Fwp%2Fv2%2Fmedia&parent=1350"}],"wp:term":[{"taxonomy":"product_brand","embeddable":true,"href":"https:\/\/proindesa.com\/index.php?rest_route=%2Fwp%2Fv2%2Fproduct_brand&post=1350"},{"taxonomy":"product_cat","embeddable":true,"href":"https:\/\/proindesa.com\/index.php?rest_route=%2Fwp%2Fv2%2Fproduct_cat&post=1350"},{"taxonomy":"product_tag","embeddable":true,"href":"https:\/\/proindesa.com\/index.php?rest_route=%2Fwp%2Fv2%2Fproduct_tag&post=1350"}],"curies":[{"name":"wp","href":"https:\/\/api.w.org\/{rel}","templated":true}]}}