{"id":1337,"date":"2024-07-03T17:44:19","date_gmt":"2024-07-03T15:44:19","guid":{"rendered":"http:\/\/proindesa.com\/wordpress\/tienda\/sin%20categor\u00eda\/pano-micro-azul\/"},"modified":"2025-08-22T17:20:23","modified_gmt":"2025-08-22T23:20:23","slug":"pano-micro-azul","status":"publish","type":"product","link":"https:\/\/proindesa.com\/?product=pano-micro-azul","title":{"rendered":"Pa\u00f1o microfibra 3M azul"},"content":{"rendered":"<p>Con el pa\u00f1o de microfibra Scotch-Brite\u00ae atrapa el polvo de tu hogar sin rayar ni dejar pelusas. Adem\u00e1s tiene una capacidad de absorci\u00f3n mayor que los pa\u00f1os o toallas convencionales. Deja de rayar las superficies al momento de limpiarlas. Usa el Pa\u00f1o Microfibra Scotch-Brite\u00ae sin maltratar las superficies. Adem\u00e1s de no dejar pelusas, \u00e9ste se seca en pocas pasadas.<\/p>\n","protected":false},"excerpt":{"rendered":"<p>Con el pa\u00f1o de microfibra Scotch-Brite\u00ae atrapa el polvo de tu hogar sin rayar ni dejar pelusas. Adem\u00e1s tiene una capacidad de absorci\u00f3n mayor que los pa\u00f1os o toallas convencionales. Deja de rayar las superficies al momento de limpiarlas. Usa el Pa\u00f1o Microfibra Scotch-Brite\u00ae sin maltratar las superficies. Adem\u00e1s de no dejar pelusas, \u00e9ste se [&hellip;]<\/p>\n","protected":false},"featured_media":1315,"template":"","meta":{"_acf_changed":false,"content-type":"","_uf_show_specific_survey":0,"_uf_disable_surveys":false},"product_brand":[],"product_cat":[49],"product_tag":[],"class_list":{"0":"post-1337","1":"product","2":"type-product","3":"status-publish","4":"has-post-thumbnail","6":"product_cat-limpieza","8":"first","9":"instock","10":"taxable","11":"shipping-taxable","12":"purchasable","13":"product-type-simple"},"acf":[],"_links":{"self":[{"href":"https:\/\/proindesa.com\/index.php?rest_route=\/wp\/v2\/product\/1337","targetHints":{"allow":["GET"]}}],"collection":[{"href":"https:\/\/proindesa.com\/index.php?rest_route=\/wp\/v2\/product"}],"about":[{"href":"https:\/\/proindesa.com\/index.php?rest_route=\/wp\/v2\/types\/product"}],"wp:featuredmedia":[{"embeddable":true,"href":"https:\/\/proindesa.com\/index.php?rest_route=\/wp\/v2\/media\/1315"}],"wp:attachment":[{"href":"https:\/\/proindesa.com\/index.php?rest_route=%2Fwp%2Fv2%2Fmedia&parent=1337"}],"wp:term":[{"taxonomy":"product_brand","embeddable":true,"href":"https:\/\/proindesa.com\/index.php?rest_route=%2Fwp%2Fv2%2Fproduct_brand&post=1337"},{"taxonomy":"product_cat","embeddable":true,"href":"https:\/\/proindesa.com\/index.php?rest_route=%2Fwp%2Fv2%2Fproduct_cat&post=1337"},{"taxonomy":"product_tag","embeddable":true,"href":"https:\/\/proindesa.com\/index.php?rest_route=%2Fwp%2Fv2%2Fproduct_tag&post=1337"}],"curies":[{"name":"wp","href":"https:\/\/api.w.org\/{rel}","templated":true}]}}