{"id":1312,"date":"2024-07-03T16:15:20","date_gmt":"2024-07-03T14:15:20","guid":{"rendered":"http:\/\/proindesa.com\/wordpress\/tienda\/sin%20categor\u00eda\/adhesivo-retenedor-cilindrico-kleblock-690-80\/"},"modified":"2025-08-13T18:45:02","modified_gmt":"2025-08-13T16:45:02","slug":"adhesivo-retenedor-cilindrico-kleblock-690-80","status":"publish","type":"product","link":"https:\/\/proindesa.com\/?product=adhesivo-retenedor-cilindrico-kleblock-690-80","title":{"rendered":"Adhesivo retenedor cilindrico kleblock 690.80"},"content":{"rendered":"<p>Retenedor Cilindirco de alto desemepe\u00f1o, viscosidad alta y fuerza extrema, para fijar piezas cil\u00edndricas y evitar tolerancias.Ideal por su viscosidad para evitar atascamientos en las balineras, tiene una muy buena capacidad de relleno de holgura en piezas donde el uso ha creado mayores tolerancias. Reemplaza la necesidad del uso de chaquetas o material de a\u00f1adidura para elementos cil\u00edndricos con ejes, balineras, rodamientos, etc. Usado con gran \u00e9xito en ingenios azucareros y plantas de procesamiento quimico, la industria de la pulpa y el papel.<\/p>\n","protected":false},"excerpt":{"rendered":"<p>Retenedor Cilindirco de alto desemepe\u00f1o, viscosidad alta y fuerza extrema, para fijar piezas cil\u00edndricas y evitar tolerancias.Ideal por su viscosidad para evitar atascamientos en las balineras, tiene una muy buena capacidad de relleno de holgura en piezas donde el uso ha creado mayores tolerancias. Reemplaza la necesidad del uso de chaquetas o material de a\u00f1adidura [&hellip;]<\/p>\n","protected":false},"featured_media":1721,"template":"","meta":{"_acf_changed":false,"content-type":"","_uf_show_specific_survey":0,"_uf_disable_surveys":false},"product_brand":[],"product_cat":[20],"product_tag":[43],"class_list":{"0":"post-1312","1":"product","2":"type-product","3":"status-publish","4":"has-post-thumbnail","6":"product_cat-adhesivos","7":"product_tag-con-pdf","9":"first","10":"instock","11":"taxable","12":"shipping-taxable","13":"purchasable","14":"product-type-simple"},"acf":[],"_links":{"self":[{"href":"https:\/\/proindesa.com\/index.php?rest_route=\/wp\/v2\/product\/1312","targetHints":{"allow":["GET"]}}],"collection":[{"href":"https:\/\/proindesa.com\/index.php?rest_route=\/wp\/v2\/product"}],"about":[{"href":"https:\/\/proindesa.com\/index.php?rest_route=\/wp\/v2\/types\/product"}],"wp:featuredmedia":[{"embeddable":true,"href":"https:\/\/proindesa.com\/index.php?rest_route=\/wp\/v2\/media\/1721"}],"wp:attachment":[{"href":"https:\/\/proindesa.com\/index.php?rest_route=%2Fwp%2Fv2%2Fmedia&parent=1312"}],"wp:term":[{"taxonomy":"product_brand","embeddable":true,"href":"https:\/\/proindesa.com\/index.php?rest_route=%2Fwp%2Fv2%2Fproduct_brand&post=1312"},{"taxonomy":"product_cat","embeddable":true,"href":"https:\/\/proindesa.com\/index.php?rest_route=%2Fwp%2Fv2%2Fproduct_cat&post=1312"},{"taxonomy":"product_tag","embeddable":true,"href":"https:\/\/proindesa.com\/index.php?rest_route=%2Fwp%2Fv2%2Fproduct_tag&post=1312"}],"curies":[{"name":"wp","href":"https:\/\/api.w.org\/{rel}","templated":true}]}}