{"id":1308,"date":"2024-07-03T16:15:20","date_gmt":"2024-07-03T14:15:20","guid":{"rendered":"http:\/\/proindesa.com\/wordpress\/tienda\/sin%20categor\u00eda\/adhesivo-instantaneo-kleblock-para-pegar-empaques-y-orings-sq-14\/"},"modified":"2025-08-13T18:45:01","modified_gmt":"2025-08-13T16:45:01","slug":"adhesivo-instantaneo-kleblock-para-pegar-empaques-y-orings-sq-14","status":"publish","type":"product","link":"https:\/\/proindesa.com\/?product=adhesivo-instantaneo-kleblock-para-pegar-empaques-y-orings-sq-14","title":{"rendered":"Adhesivo instantaneo kleblock para pegar empaques y orings sq 14"},"content":{"rendered":"<p>Adhesivo Instant\u00e1neo de la linea convencional con Desempe\u00f1o Superior al Est\u00e1ndar, es un Adhesivo Multiprop\u00f3sito de gran rendimiento, curado ultrarr\u00e1pido y tenacidad asombrosa. Es el producto ideal para procesos de fabricaci\u00f3n que requieran velocidad, facilidad de aplicaci\u00f3n, prolijidad y durabilidad. Al ser Multiprop\u00f3sito, es ideal para ser usado en cualquier tipo de industria, para procesos de fabricaci\u00f3n como tambi\u00e9n, para procesos de mantenimiento y reparaciones. Especial para la fabricaci\u00f3n de O\u2019Rings, pegar perfiles de caucho, ideal para adherir Caucho a Metal de forma r\u00e1pida y eficiente, optimo al adherir pl\u00e1sticos con conocidas excepciones como las poliolefinas.<\/p>\n","protected":false},"excerpt":{"rendered":"<p>Adhesivo Instant\u00e1neo de la linea convencional con Desempe\u00f1o Superior al Est\u00e1ndar, es un Adhesivo Multiprop\u00f3sito de gran rendimiento, curado ultrarr\u00e1pido y tenacidad asombrosa. Es el producto ideal para procesos de fabricaci\u00f3n que requieran velocidad, facilidad de aplicaci\u00f3n, prolijidad y durabilidad. Al ser Multiprop\u00f3sito, es ideal para ser usado en cualquier tipo de industria, para procesos [&hellip;]<\/p>\n","protected":false},"featured_media":1720,"template":"","meta":{"_acf_changed":false,"content-type":"","_uf_show_specific_survey":0,"_uf_disable_surveys":false},"product_brand":[],"product_cat":[20],"product_tag":[43],"class_list":{"0":"post-1308","1":"product","2":"type-product","3":"status-publish","4":"has-post-thumbnail","6":"product_cat-adhesivos","7":"product_tag-con-pdf","9":"first","10":"instock","11":"taxable","12":"shipping-taxable","13":"purchasable","14":"product-type-simple"},"acf":[],"_links":{"self":[{"href":"https:\/\/proindesa.com\/index.php?rest_route=\/wp\/v2\/product\/1308","targetHints":{"allow":["GET"]}}],"collection":[{"href":"https:\/\/proindesa.com\/index.php?rest_route=\/wp\/v2\/product"}],"about":[{"href":"https:\/\/proindesa.com\/index.php?rest_route=\/wp\/v2\/types\/product"}],"wp:featuredmedia":[{"embeddable":true,"href":"https:\/\/proindesa.com\/index.php?rest_route=\/wp\/v2\/media\/1720"}],"wp:attachment":[{"href":"https:\/\/proindesa.com\/index.php?rest_route=%2Fwp%2Fv2%2Fmedia&parent=1308"}],"wp:term":[{"taxonomy":"product_brand","embeddable":true,"href":"https:\/\/proindesa.com\/index.php?rest_route=%2Fwp%2Fv2%2Fproduct_brand&post=1308"},{"taxonomy":"product_cat","embeddable":true,"href":"https:\/\/proindesa.com\/index.php?rest_route=%2Fwp%2Fv2%2Fproduct_cat&post=1308"},{"taxonomy":"product_tag","embeddable":true,"href":"https:\/\/proindesa.com\/index.php?rest_route=%2Fwp%2Fv2%2Fproduct_tag&post=1308"}],"curies":[{"name":"wp","href":"https:\/\/api.w.org\/{rel}","templated":true}]}}