{"id":1307,"date":"2024-07-03T16:15:20","date_gmt":"2024-07-03T14:15:20","guid":{"rendered":"http:\/\/proindesa.com\/wordpress\/tienda\/sin%20categor\u00eda\/adhesivo-anaerobico-kleblock-fuerza-media-581-42\/"},"modified":"2025-08-13T18:45:01","modified_gmt":"2025-08-13T16:45:01","slug":"adhesivo-anaerobico-kleblock-fuerza-media-581-42","status":"publish","type":"product","link":"https:\/\/proindesa.com\/?product=adhesivo-anaerobico-kleblock-fuerza-media-581-42","title":{"rendered":"Adhesivo anaerobico kleblock fuerza media 581.42"},"content":{"rendered":"<p>Trabador de roscas fuerza media, desmontable, para torniller\u00eda hasta M20. Ideal para fijar y asegurar piezas que necesitan ser desmontadas con mayor regularidad para posteriores mantenimientos, muy usado en torniller\u00eda de peque\u00f1a dimension. un ejemplo de uso, en ensambladoras de motocicletas, este producto es usado para asegurar la torniller\u00eda que asegura las pinzas de frenos en las motocicletas y para asegurar las roscas de los espejos y evitar que la vibraci\u00f3n los desajuste. Usado ampliamente en industria de ensamble automotriz (carros y motos), ingenios azucareros, talleres electromec\u00e1nicos, operaciones de mantenimiento y reparaciones.<\/p>\n","protected":false},"excerpt":{"rendered":"<p>Trabador de roscas fuerza media, desmontable, para torniller\u00eda hasta M20. Ideal para fijar y asegurar piezas que necesitan ser desmontadas con mayor regularidad para posteriores mantenimientos, muy usado en torniller\u00eda de peque\u00f1a dimension. un ejemplo de uso, en ensambladoras de motocicletas, este producto es usado para asegurar la torniller\u00eda que asegura las pinzas de frenos [&hellip;]<\/p>\n","protected":false},"featured_media":1297,"template":"","meta":{"_acf_changed":false,"content-type":"","_uf_show_specific_survey":0,"_uf_disable_surveys":false},"product_brand":[],"product_cat":[20],"product_tag":[43],"class_list":{"0":"post-1307","1":"product","2":"type-product","3":"status-publish","4":"has-post-thumbnail","6":"product_cat-adhesivos","7":"product_tag-con-pdf","9":"first","10":"instock","11":"taxable","12":"shipping-taxable","13":"purchasable","14":"product-type-simple"},"acf":[],"_links":{"self":[{"href":"https:\/\/proindesa.com\/index.php?rest_route=\/wp\/v2\/product\/1307","targetHints":{"allow":["GET"]}}],"collection":[{"href":"https:\/\/proindesa.com\/index.php?rest_route=\/wp\/v2\/product"}],"about":[{"href":"https:\/\/proindesa.com\/index.php?rest_route=\/wp\/v2\/types\/product"}],"wp:featuredmedia":[{"embeddable":true,"href":"https:\/\/proindesa.com\/index.php?rest_route=\/wp\/v2\/media\/1297"}],"wp:attachment":[{"href":"https:\/\/proindesa.com\/index.php?rest_route=%2Fwp%2Fv2%2Fmedia&parent=1307"}],"wp:term":[{"taxonomy":"product_brand","embeddable":true,"href":"https:\/\/proindesa.com\/index.php?rest_route=%2Fwp%2Fv2%2Fproduct_brand&post=1307"},{"taxonomy":"product_cat","embeddable":true,"href":"https:\/\/proindesa.com\/index.php?rest_route=%2Fwp%2Fv2%2Fproduct_cat&post=1307"},{"taxonomy":"product_tag","embeddable":true,"href":"https:\/\/proindesa.com\/index.php?rest_route=%2Fwp%2Fv2%2Fproduct_tag&post=1307"}],"curies":[{"name":"wp","href":"https:\/\/api.w.org\/{rel}","templated":true}]}}