{"id":1306,"date":"2024-07-03T16:15:20","date_gmt":"2024-07-03T14:15:20","guid":{"rendered":"http:\/\/proindesa.com\/wordpress\/tienda\/sin%20categor\u00eda\/primer-94-1-2-pinta\/"},"modified":"2025-08-13T18:45:01","modified_gmt":"2025-08-13T16:45:01","slug":"primer-94-1-2-pinta","status":"publish","type":"product","link":"https:\/\/proindesa.com\/?product=primer-94-1-2-pinta","title":{"rendered":"Primer 94 1\/2 pinta"},"content":{"rendered":"<p class=\"mds-font_paragraph MMM--gapBottom\">El Promotor de Adhesi\u00f3n 94 de 3M\u2122 se puede usar para mejorar la adhesi\u00f3n general de la cinta, pel\u00edcula y gr\u00e1ficos de vinilo a polietileno, polipropileno, ABS, mezclas de PET \/ PBT, concreto, madera, vidrio, metal y superficies met\u00e1licas pintadas.<\/p>\n<p class=\"mds-font_paragraph\">Aseg\u00farese de que su superficie est\u00e9 limpia y seca antes de aplicar una capa delgada y uniforme de 3M \u2122 Promotor de Adhesi\u00f3n 94. La superficie imprimada debe permanecer libre de contaminantes antes de aplicar la cinta. Es importante usar la cantidad m\u00ednima de producto necesaria ya que la aplicaci\u00f3n excesiva puede causar resultados sub\u00f3ptimos. Deje que la imprimaci\u00f3n se seque por completo, antes de aplicar la cinta. Nota especial: las superficies porosas pueden requerir 2 aplicaciones para una cobertura uniforme y buena adhesi\u00f3n. Permita que su primera aplicaci\u00f3n de imprimaci\u00f3n se seque antes de aplicar una segunda capa.<\/p>\n","protected":false},"excerpt":{"rendered":"<p>El Promotor de Adhesi\u00f3n 94 de 3M\u2122 se puede usar para mejorar la adhesi\u00f3n general de la cinta, pel\u00edcula y gr\u00e1ficos de vinilo a polietileno, polipropileno, ABS, mezclas de PET \/ PBT, concreto, madera, vidrio, metal y superficies met\u00e1licas pintadas. Aseg\u00farese de que su superficie est\u00e9 limpia y seca antes de aplicar una capa delgada [&hellip;]<\/p>\n","protected":false},"featured_media":1304,"template":"","meta":{"_acf_changed":false,"content-type":"","_uf_show_specific_survey":0,"_uf_disable_surveys":false},"product_brand":[],"product_cat":[20],"product_tag":[43],"class_list":{"0":"post-1306","1":"product","2":"type-product","3":"status-publish","4":"has-post-thumbnail","6":"product_cat-adhesivos","7":"product_tag-con-pdf","9":"first","10":"instock","11":"taxable","12":"shipping-taxable","13":"purchasable","14":"product-type-simple"},"acf":[],"_links":{"self":[{"href":"https:\/\/proindesa.com\/index.php?rest_route=\/wp\/v2\/product\/1306","targetHints":{"allow":["GET"]}}],"collection":[{"href":"https:\/\/proindesa.com\/index.php?rest_route=\/wp\/v2\/product"}],"about":[{"href":"https:\/\/proindesa.com\/index.php?rest_route=\/wp\/v2\/types\/product"}],"wp:featuredmedia":[{"embeddable":true,"href":"https:\/\/proindesa.com\/index.php?rest_route=\/wp\/v2\/media\/1304"}],"wp:attachment":[{"href":"https:\/\/proindesa.com\/index.php?rest_route=%2Fwp%2Fv2%2Fmedia&parent=1306"}],"wp:term":[{"taxonomy":"product_brand","embeddable":true,"href":"https:\/\/proindesa.com\/index.php?rest_route=%2Fwp%2Fv2%2Fproduct_brand&post=1306"},{"taxonomy":"product_cat","embeddable":true,"href":"https:\/\/proindesa.com\/index.php?rest_route=%2Fwp%2Fv2%2Fproduct_cat&post=1306"},{"taxonomy":"product_tag","embeddable":true,"href":"https:\/\/proindesa.com\/index.php?rest_route=%2Fwp%2Fv2%2Fproduct_tag&post=1306"}],"curies":[{"name":"wp","href":"https:\/\/api.w.org\/{rel}","templated":true}]}}